{"id":143736,"date":"2022-04-18T12:19:51","date_gmt":"2025-01-08T16:24:11","guid":{"rendered":"https:\/\/kingarms.ee\/product\/ukrainos-veliavos-pleistras\/"},"modified":"2025-01-08T19:24:11","modified_gmt":"2025-01-08T16:24:11","slug":"ukraine-flag-patch","status":"publish","type":"product","link":"https:\/\/kingarms.ee\/lt\/product\/ukraine-flag-patch\/","title":{"rendered":"Ukrainos v\u0117liavos pleistras"},"content":{"rendered":"","protected":false},"excerpt":{"rendered":"<p>Ukrainos v\u0117liavos pataisa \u201eClawgear\u201c austi pleistr\u0173 serija pasi\u017eymi puikia kokybe. Serija yra sugr\u012f\u017eimas \u012f patikrint\u0105 senosios mokyklos sprendim\u0105, ta\u010diau realizuota naudojant naujausi\u0105 gamybos \u012frang\u0105, leid\u017eian\u010di\u0105 sukurti \u017eem\u0105 profil\u012f ir lengv\u0105 pleistr\u0105 ne\u012ftik\u0117tinai didele skiriam\u0105ja geba. Naujojo am\u017eiaus kabliuko pus\u0117 u\u017epakalin\u0117je dalyje pritvirtinama tik prie kilpos \u0161onini\u0173 pavir\u0161i\u0173 ir nesunaikina megzt\u0173 pavir\u0161i\u0173 ar j\u016bs\u0173 pradinio sluoksnio siuvimo sriegi\u0173.<\/p>\n","protected":false},"featured_media":117060,"template":"","meta":{"_acf_changed":false},"product_brand":[],"product_cat":[1236],"product_tag":[],"class_list":{"0":"post-143736","1":"product","2":"type-product","3":"status-publish","4":"has-post-thumbnail","6":"product_cat-pleistrai","8":"first","9":"outofstock","10":"purchasable","11":"product-type-simple"},"acf":[],"_links":{"self":[{"href":"https:\/\/kingarms.ee\/lt\/wp-json\/wp\/v2\/product\/143736","targetHints":{"allow":["GET"]}}],"collection":[{"href":"https:\/\/kingarms.ee\/lt\/wp-json\/wp\/v2\/product"}],"about":[{"href":"https:\/\/kingarms.ee\/lt\/wp-json\/wp\/v2\/types\/product"}],"wp:featuredmedia":[{"embeddable":true,"href":"https:\/\/kingarms.ee\/lt\/wp-json\/wp\/v2\/media\/117060"}],"wp:attachment":[{"href":"https:\/\/kingarms.ee\/lt\/wp-json\/wp\/v2\/media?parent=143736"}],"wp:term":[{"taxonomy":"product_brand","embeddable":true,"href":"https:\/\/kingarms.ee\/lt\/wp-json\/wp\/v2\/product_brand?post=143736"},{"taxonomy":"product_cat","embeddable":true,"href":"https:\/\/kingarms.ee\/lt\/wp-json\/wp\/v2\/product_cat?post=143736"},{"taxonomy":"product_tag","embeddable":true,"href":"https:\/\/kingarms.ee\/lt\/wp-json\/wp\/v2\/product_tag?post=143736"}],"curies":[{"name":"wp","href":"https:\/\/api.w.org\/{rel}","templated":true}]}}