{"id":143747,"date":"2022-04-18T12:19:51","date_gmt":"2025-01-08T16:31:58","guid":{"rendered":"https:\/\/kingarms.ee\/product\/zurnalas-kriss-vector-midcap-95rds-3-pack\/"},"modified":"2025-01-08T19:31:58","modified_gmt":"2025-01-08T16:31:58","slug":"zurnalas-kriss-vector-midcap-95rds-3-pack","status":"publish","type":"product","link":"https:\/\/kingarms.ee\/lt\/product\/zurnalas-kriss-vector-midcap-95rds-3-pack\/","title":{"rendered":"\u017durnalas \u201eKriss Vector Midcap 95rds 3 Pack\u201c"},"content":{"rendered":"","protected":false},"excerpt":{"rendered":"<p>\u017durnalas \u201eKriss Vector Midcap 95rds 3 Pack\u201c<\/p>\n<p>3 \u201eKRISS Vector Midcap\u201c \u017eurnal\u0173, kuri\u0173 talpa 95 rutuliukai yra 6 mm, pakuot\u0117, KRYTAC KRISS VECTOR AEG modeliams.<\/p>\n<p>\u017durnalo talpa: 95 RDS<br \/>\nSvoris: 570 g<br \/>\nSiuntimo svoris: 620 g<\/p>\n","protected":false},"featured_media":117020,"template":"","meta":{"_acf_changed":false},"product_brand":[],"product_cat":[1199,1198],"product_tag":[],"class_list":{"0":"post-143747","1":"product","2":"type-product","3":"status-publish","4":"has-post-thumbnail","6":"product_cat-airsoft-lt","7":"product_cat-cheaters-ir-kisenes","9":"first","10":"onbackorder","11":"product-type-simple"},"acf":[],"_links":{"self":[{"href":"https:\/\/kingarms.ee\/lt\/wp-json\/wp\/v2\/product\/143747","targetHints":{"allow":["GET"]}}],"collection":[{"href":"https:\/\/kingarms.ee\/lt\/wp-json\/wp\/v2\/product"}],"about":[{"href":"https:\/\/kingarms.ee\/lt\/wp-json\/wp\/v2\/types\/product"}],"wp:featuredmedia":[{"embeddable":true,"href":"https:\/\/kingarms.ee\/lt\/wp-json\/wp\/v2\/media\/117020"}],"wp:attachment":[{"href":"https:\/\/kingarms.ee\/lt\/wp-json\/wp\/v2\/media?parent=143747"}],"wp:term":[{"taxonomy":"product_brand","embeddable":true,"href":"https:\/\/kingarms.ee\/lt\/wp-json\/wp\/v2\/product_brand?post=143747"},{"taxonomy":"product_cat","embeddable":true,"href":"https:\/\/kingarms.ee\/lt\/wp-json\/wp\/v2\/product_cat?post=143747"},{"taxonomy":"product_tag","embeddable":true,"href":"https:\/\/kingarms.ee\/lt\/wp-json\/wp\/v2\/product_tag?post=143747"}],"curies":[{"name":"wp","href":"https:\/\/api.w.org\/{rel}","templated":true}]}}