{"id":143764,"date":"2022-04-11T15:40:23","date_gmt":"2025-01-08T16:43:24","guid":{"rendered":"https:\/\/kingarms.ee\/product\/gorka-kostiumas-skaitmenine-flora\/"},"modified":"2025-01-08T19:43:24","modified_gmt":"2025-01-08T16:43:24","slug":"gorka-kostiumas-skaitmenine-flora","status":"publish","type":"product","link":"https:\/\/kingarms.ee\/lt\/product\/gorka-kostiumas-skaitmenine-flora\/","title":{"rendered":"\u201eGorka\u201c kostiumas skaitmenin\u0117 flora"},"content":{"rendered":"","protected":false},"excerpt":{"rendered":"<p>\u201eGorka\u201c kostiumas skaitmenin\u0117 flora<\/p>\n<p>1 x \u201eInvader\u201c pavar\u0173 taktin\u0117 visa vienoda \u201eGorka\u201c modelis.<\/p>\n<p>\u0160is armij\u0173 naudojamas kamuflia\u017eas yra pagamintas i\u0161 medviln\u0117s, labai patogios ir universalios. Tai turi daugyb\u0119 ki\u0161eni\u0173, \u012fskaitant 2 ant kr\u016btin\u0117s ir 2 ant kelni\u0173 kilp\u0173 .<br \/>\n\u012erengtas elastine pilve ir juosmeniu, jis yra ypa\u010d pritaikomas.<\/p>\n<p>Siuntimo svoris: 1,4 kg<\/p>\n","protected":false},"featured_media":116506,"template":"","meta":{"_acf_changed":false},"product_brand":[],"product_cat":[1227],"product_tag":[],"class_list":{"0":"post-143764","1":"product","2":"type-product","3":"status-publish","4":"has-post-thumbnail","6":"product_cat-rinkiniai","8":"first","9":"instock","10":"taxable","11":"shipping-taxable","12":"purchasable","13":"product-type-variable","14":"has-default-attributes"},"acf":[],"_links":{"self":[{"href":"https:\/\/kingarms.ee\/lt\/wp-json\/wp\/v2\/product\/143764","targetHints":{"allow":["GET"]}}],"collection":[{"href":"https:\/\/kingarms.ee\/lt\/wp-json\/wp\/v2\/product"}],"about":[{"href":"https:\/\/kingarms.ee\/lt\/wp-json\/wp\/v2\/types\/product"}],"wp:featuredmedia":[{"embeddable":true,"href":"https:\/\/kingarms.ee\/lt\/wp-json\/wp\/v2\/media\/116506"}],"wp:attachment":[{"href":"https:\/\/kingarms.ee\/lt\/wp-json\/wp\/v2\/media?parent=143764"}],"wp:term":[{"taxonomy":"product_brand","embeddable":true,"href":"https:\/\/kingarms.ee\/lt\/wp-json\/wp\/v2\/product_brand?post=143764"},{"taxonomy":"product_cat","embeddable":true,"href":"https:\/\/kingarms.ee\/lt\/wp-json\/wp\/v2\/product_cat?post=143764"},{"taxonomy":"product_tag","embeddable":true,"href":"https:\/\/kingarms.ee\/lt\/wp-json\/wp\/v2\/product_tag?post=143764"}],"curies":[{"name":"wp","href":"https:\/\/api.w.org\/{rel}","templated":true}]}}