{"id":143784,"date":"2022-04-11T12:01:22","date_gmt":"2025-01-08T16:47:46","guid":{"rendered":"https:\/\/kingarms.ee\/product\/dekoratyvine-katana-su-stendu-z319\/"},"modified":"2025-01-08T19:47:46","modified_gmt":"2025-01-08T16:47:46","slug":"ornamentine-katana-su-stand-z319","status":"publish","type":"product","link":"https:\/\/kingarms.ee\/lt\/product\/ornamentine-katana-su-stand-z319\/","title":{"rendered":"Dekoratyvin\u0117 katana su stendu Z319"},"content":{"rendered":"","protected":false},"excerpt":{"rendered":"<p>Dekoratyvin\u0117 katana su stendu Z319<\/p>\n<p>Dekoratyvin\u0117 katana<br \/>\n\u012ekv\u0117ptas paskutinio samuraj\u0173 filmo<br \/>\nBendras Lenght 1040 mm<br \/>\nBendras \u201eLenght Blade\u201c 680 mm<br \/>\nAnglies plieno a\u0161menys<br \/>\nMedinis juodas vir\u0161elis su kin\u0173 gravi\u016bra<br \/>\nMedin\u0117 Tsuka<br \/>\nMetalinis tsuba<br \/>\nPridedamas medinis stalo stendas<\/p>\n","protected":false},"featured_media":116354,"template":"","meta":{"_acf_changed":false},"product_brand":[],"product_cat":[1271],"product_tag":[],"class_list":{"0":"post-143784","1":"product","2":"type-product","3":"status-publish","4":"has-post-thumbnail","6":"product_cat-katana-tanto-lt","8":"first","9":"onbackorder","10":"taxable","11":"shipping-taxable","12":"product-type-simple"},"acf":[],"_links":{"self":[{"href":"https:\/\/kingarms.ee\/lt\/wp-json\/wp\/v2\/product\/143784","targetHints":{"allow":["GET"]}}],"collection":[{"href":"https:\/\/kingarms.ee\/lt\/wp-json\/wp\/v2\/product"}],"about":[{"href":"https:\/\/kingarms.ee\/lt\/wp-json\/wp\/v2\/types\/product"}],"wp:featuredmedia":[{"embeddable":true,"href":"https:\/\/kingarms.ee\/lt\/wp-json\/wp\/v2\/media\/116354"}],"wp:attachment":[{"href":"https:\/\/kingarms.ee\/lt\/wp-json\/wp\/v2\/media?parent=143784"}],"wp:term":[{"taxonomy":"product_brand","embeddable":true,"href":"https:\/\/kingarms.ee\/lt\/wp-json\/wp\/v2\/product_brand?post=143784"},{"taxonomy":"product_cat","embeddable":true,"href":"https:\/\/kingarms.ee\/lt\/wp-json\/wp\/v2\/product_cat?post=143784"},{"taxonomy":"product_tag","embeddable":true,"href":"https:\/\/kingarms.ee\/lt\/wp-json\/wp\/v2\/product_tag?post=143784"}],"curies":[{"name":"wp","href":"https:\/\/api.w.org\/{rel}","templated":true}]}}