{"id":143789,"date":"2022-04-06T01:04:00","date_gmt":"2025-01-09T06:18:54","guid":{"rendered":"https:\/\/kingarms.ee\/product\/greitas-bj-salmo-replika-su-greito-reguliavimo-lapija-em\/"},"modified":"2025-01-09T09:18:54","modified_gmt":"2025-01-09T06:18:54","slug":"fast-bj-helmet-replica-with-quick-adjustment-foliage-em","status":"publish","type":"product","link":"https:\/\/kingarms.ee\/lt\/product\/fast-bj-helmet-replica-with-quick-adjustment-foliage-em\/","title":{"rendered":"Greitas BJ \u0161almo replika su greito reguliavimo lapija EM"},"content":{"rendered":"","protected":false},"excerpt":{"rendered":"<p>Greitas \u201eBJ\u201c \u0161almo replika su greito reguliavimo lapijos \u0161almu yra su dviem montuojamais b\u0117geliais, skirtais laikyti specialius taktinius priedus, tokius kaip taktiniai \u017eibintuv\u0117liai, klausos apsauga ir kt., Taip pat yra naktinio matymo akini\u0173, esan\u010di\u0173 \u0161almo priekyje. Jame yra \u201eVelcro\u201c juostos, leid\u017eian\u010dios pritvirtinti komandos v\u0117liavas, moralines pagalv\u0117les ir kt. Balistinio \u0161almo replika yra apr\u016bpinta dyd\u017eio reguliavimu (57\u201361 cm).<\/p>\n","protected":false},"featured_media":116290,"template":"","meta":{"_acf_changed":false},"product_brand":[],"product_cat":[1222,1216],"product_tag":[],"class_list":{"0":"post-143789","1":"product","2":"type-product","3":"status-publish","4":"has-post-thumbnail","6":"product_cat-airsoft-lt-2","7":"product_cat-salmai","9":"first","10":"instock","11":"taxable","12":"shipping-taxable","13":"purchasable","14":"product-type-simple"},"acf":[],"_links":{"self":[{"href":"https:\/\/kingarms.ee\/lt\/wp-json\/wp\/v2\/product\/143789","targetHints":{"allow":["GET"]}}],"collection":[{"href":"https:\/\/kingarms.ee\/lt\/wp-json\/wp\/v2\/product"}],"about":[{"href":"https:\/\/kingarms.ee\/lt\/wp-json\/wp\/v2\/types\/product"}],"wp:featuredmedia":[{"embeddable":true,"href":"https:\/\/kingarms.ee\/lt\/wp-json\/wp\/v2\/media\/116290"}],"wp:attachment":[{"href":"https:\/\/kingarms.ee\/lt\/wp-json\/wp\/v2\/media?parent=143789"}],"wp:term":[{"taxonomy":"product_brand","embeddable":true,"href":"https:\/\/kingarms.ee\/lt\/wp-json\/wp\/v2\/product_brand?post=143789"},{"taxonomy":"product_cat","embeddable":true,"href":"https:\/\/kingarms.ee\/lt\/wp-json\/wp\/v2\/product_cat?post=143789"},{"taxonomy":"product_tag","embeddable":true,"href":"https:\/\/kingarms.ee\/lt\/wp-json\/wp\/v2\/product_tag?post=143789"}],"curies":[{"name":"wp","href":"https:\/\/api.w.org\/{rel}","templated":true}]}}