{"id":143796,"date":"2022-01-07T16:26:16","date_gmt":"2025-01-10T08:27:41","guid":{"rendered":"https:\/\/kingarms.ee\/product\/ginklu-krepsys-rankinis-pistoletas-28-cm-juodas\/"},"modified":"2025-01-10T11:27:41","modified_gmt":"2025-01-10T08:27:41","slug":"ginklu-casser-gear-28-cm-juodas","status":"publish","type":"product","link":"https:\/\/kingarms.ee\/lt\/product\/ginklu-casser-gear-28-cm-juodas\/","title":{"rendered":"Ginkl\u0173 krep\u0161ys &#8211; rankinis pistoletas (28 cm juodas)"},"content":{"rendered":"<p><img loading=\"lazy\" decoding=\"async\" class=\"alignnone size-medium wp-image-34631\" src=\"https:\/\/kingarms.ee\/wp-content\/uploads\/2022\/01\/wyposazenie-taktyczne-pokrowce-na-bron-pokrowiec-na-pistolet-28cm-black-pj-12496121-300x225.jpeg\" alt=\"\" width=\"300\" height=\"225\" srcset=\"https:\/\/kingarms.ee\/wp-content\/uploads\/2022\/01\/wyposazenie-taktyczne-pokrowce-na-bron-pokrowiec-na-pistolet-28cm-black-pj-12496121-300x225.jpeg 300w, https:\/\/kingarms.ee\/wp-content\/uploads\/2022\/01\/wyposazenie-taktyczne-pokrowce-na-bron-pokrowiec-na-pistolet-28cm-black-pj-12496121-150x113.jpeg 150w, https:\/\/kingarms.ee\/wp-content\/uploads\/2022\/01\/wyposazenie-taktyczne-pokrowce-na-bron-pokrowiec-na-pistolet-28cm-black-pj-12496121-500x375.jpeg 500w, https:\/\/kingarms.ee\/wp-content\/uploads\/2022\/01\/wyposazenie-taktyczne-pokrowce-na-bron-pokrowiec-na-pistolet-28cm-black-pj-12496121-600x450.jpeg 600w, https:\/\/kingarms.ee\/wp-content\/uploads\/2022\/01\/wyposazenie-taktyczne-pokrowce-na-bron-pokrowiec-na-pistolet-28cm-black-pj-12496121.jpeg 640w\" sizes=\"auto, (max-width: 300px) 100vw, 300px\" \/><\/p>\n","protected":false},"excerpt":{"rendered":"<p>Ginkl\u0173 krep\u0161ys &#8211; rankinis pistoletas (28 cm juodas) vandeniui atspari\u0173 Oksfordo audini\u0173 ir putplas\u010dio pamink\u0161tinto pistoleto mai\u0161o. Jis turi 28 cm pagrindin\u012f stal\u010di\u0173 su u\u017etrauktuku su u\u017etrauktuku vidin\u0117je ki\u0161en\u0117je, 5 elastines kilpas ir burdoko skydas i\u0161or\u0117je.<\/p>\n","protected":false},"featured_media":114782,"template":"","meta":{"_acf_changed":false},"product_brand":[],"product_cat":[1197,1245,1240],"product_tag":[],"class_list":{"0":"post-143796","1":"product","2":"type-product","3":"status-publish","4":"has-post-thumbnail","6":"product_cat-maisai","7":"product_cat-maisai-lt","8":"product_cat-maiseliai-krepsiai-ir-dirzeliai","10":"first","11":"instock","12":"taxable","13":"shipping-taxable","14":"purchasable","15":"product-type-simple"},"acf":[],"_links":{"self":[{"href":"https:\/\/kingarms.ee\/lt\/wp-json\/wp\/v2\/product\/143796","targetHints":{"allow":["GET"]}}],"collection":[{"href":"https:\/\/kingarms.ee\/lt\/wp-json\/wp\/v2\/product"}],"about":[{"href":"https:\/\/kingarms.ee\/lt\/wp-json\/wp\/v2\/types\/product"}],"wp:featuredmedia":[{"embeddable":true,"href":"https:\/\/kingarms.ee\/lt\/wp-json\/wp\/v2\/media\/114782"}],"wp:attachment":[{"href":"https:\/\/kingarms.ee\/lt\/wp-json\/wp\/v2\/media?parent=143796"}],"wp:term":[{"taxonomy":"product_brand","embeddable":true,"href":"https:\/\/kingarms.ee\/lt\/wp-json\/wp\/v2\/product_brand?post=143796"},{"taxonomy":"product_cat","embeddable":true,"href":"https:\/\/kingarms.ee\/lt\/wp-json\/wp\/v2\/product_cat?post=143796"},{"taxonomy":"product_tag","embeddable":true,"href":"https:\/\/kingarms.ee\/lt\/wp-json\/wp\/v2\/product_tag?post=143796"}],"curies":[{"name":"wp","href":"https:\/\/api.w.org\/{rel}","templated":true}]}}