{"id":143802,"date":"2022-01-05T13:27:23","date_gmt":"2025-01-10T08:34:09","guid":{"rendered":"https:\/\/kingarms.ee\/product\/awp-l96-cyma\/"},"modified":"2025-01-10T11:34:09","modified_gmt":"2025-01-10T08:34:09","slug":"awp-l96-cyma","status":"publish","type":"product","link":"https:\/\/kingarms.ee\/lt\/product\/awp-l96-cyma\/","title":{"rendered":"AWP L96 (cyma)"},"content":{"rendered":"","protected":false},"excerpt":{"rendered":"<p>AWP L96 (cyma)<\/p>\n<p>Labai galingas snaiperio ginklas, kur\u012f licencijavo Anglijos kompanijos \u201eExcuracy International\u201c. Ginklo i\u0161metimo energija be joki\u0173 papildyt\u0173 ma\u017edaug 2 J. Ginklo kabina pagaminta i\u0161 stipraus plastiko, ta\u010diau kadangi ginklas turi labai stipri\u0105 metalin\u0119 strukt\u016br\u0105, ji sveria 3 kg. Ginklas turi reguliuojam\u0105 apyn\u012f ir nukreiptas \u012f tinkam\u0105 taikin\u012f. Be ginklo, yra greitas \u012fkroviklis, pistoleto dir\u017eelis, valymo juosta ir 200 rutuli\u0173. Ginklo ilgis: 1140 mm<br \/>\nVamzd\u017eio ilgis: 637 mm<br \/>\nMagasini tomas: 28 kulkos<br \/>\n\u201eHop Up\u201c: reguliuojamas<br \/>\nFotografavimo greitis: 164 m\/s<br \/>\nSvoris: 3000 g<br \/>\nEnergija: 1,9 j   <\/p>\n","protected":false},"featured_media":123093,"template":"","meta":{"_acf_changed":false},"product_brand":[],"product_cat":[1141],"product_tag":[],"class_list":{"0":"post-143802","1":"product","2":"type-product","3":"status-publish","4":"has-post-thumbnail","6":"product_cat-snaiperio-sautuvai","8":"first","9":"onbackorder","10":"taxable","11":"shipping-taxable","12":"product-type-simple"},"acf":[],"_links":{"self":[{"href":"https:\/\/kingarms.ee\/lt\/wp-json\/wp\/v2\/product\/143802","targetHints":{"allow":["GET"]}}],"collection":[{"href":"https:\/\/kingarms.ee\/lt\/wp-json\/wp\/v2\/product"}],"about":[{"href":"https:\/\/kingarms.ee\/lt\/wp-json\/wp\/v2\/types\/product"}],"wp:featuredmedia":[{"embeddable":true,"href":"https:\/\/kingarms.ee\/lt\/wp-json\/wp\/v2\/media\/123093"}],"wp:attachment":[{"href":"https:\/\/kingarms.ee\/lt\/wp-json\/wp\/v2\/media?parent=143802"}],"wp:term":[{"taxonomy":"product_brand","embeddable":true,"href":"https:\/\/kingarms.ee\/lt\/wp-json\/wp\/v2\/product_brand?post=143802"},{"taxonomy":"product_cat","embeddable":true,"href":"https:\/\/kingarms.ee\/lt\/wp-json\/wp\/v2\/product_cat?post=143802"},{"taxonomy":"product_tag","embeddable":true,"href":"https:\/\/kingarms.ee\/lt\/wp-json\/wp\/v2\/product_tag?post=143802"}],"curies":[{"name":"wp","href":"https:\/\/api.w.org\/{rel}","templated":true}]}}