{"id":143822,"date":"2021-12-02T22:22:57","date_gmt":"2025-01-10T08:42:46","guid":{"rendered":"https:\/\/kingarms.ee\/product\/specna-arms-apyranke-jusu-airsoft-budas\/"},"modified":"2025-01-10T11:42:46","modified_gmt":"2025-01-10T08:42:46","slug":"specna-aarms-covore-your-way-aiarsoft","status":"publish","type":"product","link":"https:\/\/kingarms.ee\/lt\/product\/specna-aarms-covore-your-way-aiarsoft\/","title":{"rendered":"\u201eSpecna Arms\u201c apyrank\u0117 &#8211; j\u016bs\u0173 \u201eairsoft\u201c b\u016bdas"},"content":{"rendered":"<p><img loading=\"lazy\" decoding=\"async\" class=\"alignnone size-medium wp-image-33297\" src=\"https:\/\/kingarms.ee\/wp-content\/uploads\/2021\/12\/1152226002_1-300x200.jpeg\" alt=\"\" width=\"300\" height=\"200\" srcset=\"https:\/\/kingarms.ee\/wp-content\/uploads\/2021\/12\/1152226002_1-300x200.jpeg 300w, https:\/\/kingarms.ee\/wp-content\/uploads\/2021\/12\/1152226002_1-150x100.jpeg 150w, https:\/\/kingarms.ee\/wp-content\/uploads\/2021\/12\/1152226002_1-500x333.jpeg 500w, https:\/\/kingarms.ee\/wp-content\/uploads\/2021\/12\/1152226002_1-768x512.jpeg 768w, https:\/\/kingarms.ee\/wp-content\/uploads\/2021\/12\/1152226002_1.jpeg 800w\" sizes=\"auto, (max-width: 300px) 100vw, 300px\" \/><\/p>\n","protected":false},"excerpt":{"rendered":"<p>\u201eSpecna Arms\u201c apyrank\u0117 &#8211; j\u016bs\u0173 \u201eairsoft\u201c b\u016bdas<\/p>\n<p>Apyrank\u0117 i\u0161 gamintojo \u201especna\u201c ginkl\u0173<\/p>\n","protected":false},"featured_media":114328,"template":"","meta":{"_acf_changed":false},"product_brand":[],"product_cat":[1274],"product_tag":[],"class_list":{"0":"post-143822","1":"product","2":"type-product","3":"status-publish","4":"has-post-thumbnail","6":"product_cat-kita-lt","8":"first","9":"instock","10":"taxable","11":"shipping-taxable","12":"purchasable","13":"product-type-simple"},"acf":[],"_links":{"self":[{"href":"https:\/\/kingarms.ee\/lt\/wp-json\/wp\/v2\/product\/143822","targetHints":{"allow":["GET"]}}],"collection":[{"href":"https:\/\/kingarms.ee\/lt\/wp-json\/wp\/v2\/product"}],"about":[{"href":"https:\/\/kingarms.ee\/lt\/wp-json\/wp\/v2\/types\/product"}],"wp:featuredmedia":[{"embeddable":true,"href":"https:\/\/kingarms.ee\/lt\/wp-json\/wp\/v2\/media\/114328"}],"wp:attachment":[{"href":"https:\/\/kingarms.ee\/lt\/wp-json\/wp\/v2\/media?parent=143822"}],"wp:term":[{"taxonomy":"product_brand","embeddable":true,"href":"https:\/\/kingarms.ee\/lt\/wp-json\/wp\/v2\/product_brand?post=143822"},{"taxonomy":"product_cat","embeddable":true,"href":"https:\/\/kingarms.ee\/lt\/wp-json\/wp\/v2\/product_cat?post=143822"},{"taxonomy":"product_tag","embeddable":true,"href":"https:\/\/kingarms.ee\/lt\/wp-json\/wp\/v2\/product_tag?post=143822"}],"curies":[{"name":"wp","href":"https:\/\/api.w.org\/{rel}","templated":true}]}}