{"id":143824,"date":"2021-10-15T16:29:32","date_gmt":"2025-01-10T08:46:05","guid":{"rendered":"https:\/\/kingarms.ee\/product\/verpimo-taikinys-2-razorgun\/"},"modified":"2025-01-10T11:46:05","modified_gmt":"2025-01-10T08:46:05","slug":"spining-top-mark-2-razorgun","status":"publish","type":"product","link":"https:\/\/kingarms.ee\/lt\/product\/spining-top-mark-2-razorgun\/","title":{"rendered":"Verpimo taikinys 2 (\u201eRazorgun\u201c)"},"content":{"rendered":"<p><img loading=\"lazy\" decoding=\"async\" class=\"alignnone size-medium wp-image-33042\" src=\"https:\/\/kingarms.ee\/wp-content\/uploads\/2021\/10\/kulochwyt-wiatrowkowy-spinner-razorgun-14x14-e9d2713db4184b3cbaf6fc0b06ce351b-def76ba0-300x300.jpeg\" alt=\"\" width=\"300\" height=\"300\" srcset=\"https:\/\/kingarms.ee\/wp-content\/uploads\/2021\/10\/kulochwyt-wiatrowkowy-spinner-razorgun-14x14-e9d2713db4184b3cbaf6fc0b06ce351b-def76ba0-300x300.jpeg 300w, https:\/\/kingarms.ee\/wp-content\/uploads\/2021\/10\/kulochwyt-wiatrowkowy-spinner-razorgun-14x14-e9d2713db4184b3cbaf6fc0b06ce351b-def76ba0-150x150.jpeg 150w, https:\/\/kingarms.ee\/wp-content\/uploads\/2021\/10\/kulochwyt-wiatrowkowy-spinner-razorgun-14x14-e9d2713db4184b3cbaf6fc0b06ce351b-def76ba0-500x500.jpeg 500w, https:\/\/kingarms.ee\/wp-content\/uploads\/2021\/10\/kulochwyt-wiatrowkowy-spinner-razorgun-14x14-e9d2713db4184b3cbaf6fc0b06ce351b-def76ba0-768x768.jpeg 768w, https:\/\/kingarms.ee\/wp-content\/uploads\/2021\/10\/kulochwyt-wiatrowkowy-spinner-razorgun-14x14-e9d2713db4184b3cbaf6fc0b06ce351b-def76ba0.jpeg 900w\" sizes=\"auto, (max-width: 300px) 100vw, 300px\" \/><\/p>\n","protected":false},"excerpt":{"rendered":"<p>Besisukan\u010diame \u201eTarget 2\u201c (Razorgun) produkte yra 2 siluetai, kurie po \u0161audymo pradeda vaik\u0161\u010dioti. Jis taip pat turi kelet\u0105 montavimo skyli\u0173, skirt\u0173 pritvirtinti. Produktas yra skirtas sportiniams pneumatiniams ir \u201eAirsoft\u201c ginklams<\/p>\n","protected":false},"featured_media":114272,"template":"","meta":{"_acf_changed":false},"product_brand":[],"product_cat":[1201],"product_tag":[],"class_list":{"0":"post-143824","1":"product","2":"type-product","3":"status-publish","4":"has-post-thumbnail","6":"product_cat-taikiniai","8":"first","9":"instock","10":"taxable","11":"shipping-taxable","12":"purchasable","13":"product-type-simple"},"acf":[],"_links":{"self":[{"href":"https:\/\/kingarms.ee\/lt\/wp-json\/wp\/v2\/product\/143824","targetHints":{"allow":["GET"]}}],"collection":[{"href":"https:\/\/kingarms.ee\/lt\/wp-json\/wp\/v2\/product"}],"about":[{"href":"https:\/\/kingarms.ee\/lt\/wp-json\/wp\/v2\/types\/product"}],"wp:featuredmedia":[{"embeddable":true,"href":"https:\/\/kingarms.ee\/lt\/wp-json\/wp\/v2\/media\/114272"}],"wp:attachment":[{"href":"https:\/\/kingarms.ee\/lt\/wp-json\/wp\/v2\/media?parent=143824"}],"wp:term":[{"taxonomy":"product_brand","embeddable":true,"href":"https:\/\/kingarms.ee\/lt\/wp-json\/wp\/v2\/product_brand?post=143824"},{"taxonomy":"product_cat","embeddable":true,"href":"https:\/\/kingarms.ee\/lt\/wp-json\/wp\/v2\/product_cat?post=143824"},{"taxonomy":"product_tag","embeddable":true,"href":"https:\/\/kingarms.ee\/lt\/wp-json\/wp\/v2\/product_tag?post=143824"}],"curies":[{"name":"wp","href":"https:\/\/api.w.org\/{rel}","templated":true}]}}