{"id":143832,"date":"2021-07-03T16:20:02","date_gmt":"2021-07-03T13:20:02","guid":{"rendered":"https:\/\/kingarms.ee\/product\/pradinis-pistoleto-olimpinis-6-mm-bruni\/"},"modified":"2025-01-10T11:53:58","modified_gmt":"2025-01-10T08:53:58","slug":"revolver-olympic-6mm-bruni-2","status":"publish","type":"product","link":"https:\/\/kingarms.ee\/lt\/product\/revolver-olympic-6mm-bruni-2\/","title":{"rendered":"Pradinis pistoleto olimpinis 6 mm (Bruni)"},"content":{"rendered":"<p><img loading=\"lazy\" decoding=\"async\" class=\"alignnone size-medium wp-image-32444\" src=\"https:\/\/kingarms.ee\/wp-content\/uploads\/2021\/07\/bruni-blank-pistol-top-firing-olympic-caliber-6mm-black-br-900-300x300.jpg\" alt=\"\" width=\"300\" height=\"300\" srcset=\"https:\/\/kingarms.ee\/wp-content\/uploads\/2021\/07\/bruni-blank-pistol-top-firing-olympic-caliber-6mm-black-br-900-300x300.jpg 300w, https:\/\/kingarms.ee\/wp-content\/uploads\/2021\/07\/bruni-blank-pistol-top-firing-olympic-caliber-6mm-black-br-900-150x150.jpg 150w, https:\/\/kingarms.ee\/wp-content\/uploads\/2021\/07\/bruni-blank-pistol-top-firing-olympic-caliber-6mm-black-br-900-500x500.jpg 500w, https:\/\/kingarms.ee\/wp-content\/uploads\/2021\/07\/bruni-blank-pistol-top-firing-olympic-caliber-6mm-black-br-900.jpg 600w\" sizes=\"auto, (max-width: 300px) 100vw, 300px\" \/><\/p>\n","protected":false},"excerpt":{"rendered":"<p>Prad\u0117kite pistoleto olimpin\u012f 6 mm (Bruni) Vardas: Revolveris (olimpinis) Kalibras: 6 mm d\u0117klo talpa: 8 m\u0117nesi\u0173 ilgis: 160 mm svoris: 450 g<\/p>\n<div>\n<p>\u201eProdukto\u201c garantas 3 Metai ir GustjoJos Metu Be Prieju\u016bros<\/p>\n<\/div>\n","protected":false},"featured_media":152454,"template":"","meta":{"_acf_changed":false},"product_brand":[],"product_cat":[1148],"product_tag":[],"class_list":{"0":"post-143832","1":"product","2":"type-product","3":"status-publish","4":"has-post-thumbnail","6":"product_cat-pradedantys-pistoletai","8":"first","9":"onbackorder","10":"taxable","11":"shipping-taxable","12":"product-type-simple"},"acf":[],"_links":{"self":[{"href":"https:\/\/kingarms.ee\/lt\/wp-json\/wp\/v2\/product\/143832","targetHints":{"allow":["GET"]}}],"collection":[{"href":"https:\/\/kingarms.ee\/lt\/wp-json\/wp\/v2\/product"}],"about":[{"href":"https:\/\/kingarms.ee\/lt\/wp-json\/wp\/v2\/types\/product"}],"wp:featuredmedia":[{"embeddable":true,"href":"https:\/\/kingarms.ee\/lt\/wp-json\/wp\/v2\/media\/152454"}],"wp:attachment":[{"href":"https:\/\/kingarms.ee\/lt\/wp-json\/wp\/v2\/media?parent=143832"}],"wp:term":[{"taxonomy":"product_brand","embeddable":true,"href":"https:\/\/kingarms.ee\/lt\/wp-json\/wp\/v2\/product_brand?post=143832"},{"taxonomy":"product_cat","embeddable":true,"href":"https:\/\/kingarms.ee\/lt\/wp-json\/wp\/v2\/product_cat?post=143832"},{"taxonomy":"product_tag","embeddable":true,"href":"https:\/\/kingarms.ee\/lt\/wp-json\/wp\/v2\/product_tag?post=143832"}],"curies":[{"name":"wp","href":"https:\/\/api.w.org\/{rel}","templated":true}]}}