{"id":143848,"date":"2021-04-17T13:10:33","date_gmt":"2025-01-10T09:04:57","guid":{"rendered":"https:\/\/kingarms.ee\/product\/tantokt-zs320\/"},"modified":"2025-01-10T12:04:57","modified_gmt":"2025-01-10T09:04:57","slug":"tant","status":"publish","type":"product","link":"https:\/\/kingarms.ee\/lt\/product\/tant\/","title":{"rendered":"Tantokt (ZS320)"},"content":{"rendered":"<p><img loading=\"lazy\" decoding=\"async\" class=\"alignnone size-medium wp-image-31982\" src=\"https:\/\/kingarms.ee\/wp-content\/uploads\/2021\/04\/set-ornamental-tanto-3-pieces-kill-bill5-300x300.jpg\" alt=\"\" width=\"300\" height=\"300\" srcset=\"https:\/\/kingarms.ee\/wp-content\/uploads\/2021\/04\/set-ornamental-tanto-3-pieces-kill-bill5-300x300.jpg 300w, https:\/\/kingarms.ee\/wp-content\/uploads\/2021\/04\/set-ornamental-tanto-3-pieces-kill-bill5-150x150.jpg 150w, https:\/\/kingarms.ee\/wp-content\/uploads\/2021\/04\/set-ornamental-tanto-3-pieces-kill-bill5-500x500.jpg 500w, https:\/\/kingarms.ee\/wp-content\/uploads\/2021\/04\/set-ornamental-tanto-3-pieces-kill-bill5-768x768.jpg 768w, https:\/\/kingarms.ee\/wp-content\/uploads\/2021\/04\/set-ornamental-tanto-3-pieces-kill-bill5.jpg 1000w\" sizes=\"auto, (max-width: 300px) 100vw, 300px\" \/><\/p>\n","protected":false},"excerpt":{"rendered":"<p>\u201eTantokse\u201c (ZS320) dekoratyvinis tanto rinkinys. Idealiai tinka dovanai.<br \/>\n3 vienetai<br \/>\nBendras 44 cm ilgis<br \/>\nA\u0161men\u0173 ilgis 27 cm<br \/>\nMedienos danga, suvyniota \u012f silicin\u0119 od\u0105<br \/>\nMetalas<br \/>\nKaasas puitalust<\/p>\n","protected":false},"featured_media":114062,"template":"","meta":{"_acf_changed":false},"product_brand":[],"product_cat":[1271],"product_tag":[],"class_list":{"0":"post-143848","1":"product","2":"type-product","3":"status-publish","4":"has-post-thumbnail","6":"product_cat-katana-tanto-lt","8":"first","9":"instock","10":"taxable","11":"shipping-taxable","12":"purchasable","13":"product-type-simple"},"acf":[],"_links":{"self":[{"href":"https:\/\/kingarms.ee\/lt\/wp-json\/wp\/v2\/product\/143848","targetHints":{"allow":["GET"]}}],"collection":[{"href":"https:\/\/kingarms.ee\/lt\/wp-json\/wp\/v2\/product"}],"about":[{"href":"https:\/\/kingarms.ee\/lt\/wp-json\/wp\/v2\/types\/product"}],"wp:featuredmedia":[{"embeddable":true,"href":"https:\/\/kingarms.ee\/lt\/wp-json\/wp\/v2\/media\/114062"}],"wp:attachment":[{"href":"https:\/\/kingarms.ee\/lt\/wp-json\/wp\/v2\/media?parent=143848"}],"wp:term":[{"taxonomy":"product_brand","embeddable":true,"href":"https:\/\/kingarms.ee\/lt\/wp-json\/wp\/v2\/product_brand?post=143848"},{"taxonomy":"product_cat","embeddable":true,"href":"https:\/\/kingarms.ee\/lt\/wp-json\/wp\/v2\/product_cat?post=143848"},{"taxonomy":"product_tag","embeddable":true,"href":"https:\/\/kingarms.ee\/lt\/wp-json\/wp\/v2\/product_tag?post=143848"}],"curies":[{"name":"wp","href":"https:\/\/api.w.org\/{rel}","templated":true}]}}