{"id":143859,"date":"2021-03-15T14:45:13","date_gmt":"2025-01-10T09:11:50","guid":{"rendered":"https:\/\/kingarms.ee\/product\/beretta-x2-sage-pilka-plastikas\/"},"modified":"2025-03-01T16:23:51","modified_gmt":"2025-03-01T13:23:51","slug":"beretta-x2-salvetasku-hall-plastikust","status":"publish","type":"product","link":"https:\/\/kingarms.ee\/lt\/product\/beretta-x2-salvetasku-hall-plastikust\/","title":{"rendered":"\u201eBeretta X2 Sage\u201c &#8211; pilka (plastikas)"},"content":{"rendered":"<p><img loading=\"lazy\" decoding=\"async\" class=\"alignnone size-medium wp-image-31665\" src=\"https:\/\/kingarms.ee\/wp-content\/uploads\/2021\/03\/1152223043_1-300x200.jpg\" alt=\"\" width=\"300\" height=\"200\" srcset=\"https:\/\/kingarms.ee\/wp-content\/uploads\/2021\/03\/1152223043_1-300x200.jpg 300w, https:\/\/kingarms.ee\/wp-content\/uploads\/2021\/03\/1152223043_1-150x100.jpg 150w, https:\/\/kingarms.ee\/wp-content\/uploads\/2021\/03\/1152223043_1-500x333.jpg 500w, https:\/\/kingarms.ee\/wp-content\/uploads\/2021\/03\/1152223043_1-768x512.jpg 768w, https:\/\/kingarms.ee\/wp-content\/uploads\/2021\/03\/1152223043_1.jpg 800w\" sizes=\"auto, (max-width: 300px) 100vw, 300px\" \/><\/p>\n","protected":false},"excerpt":{"rendered":"<p>\u201eBeretta X2 Sala\u201c ki\u0161en\u0117 &#8211; pilka (plastikin\u0117) tvirta polimero ki\u0161en\u0117, skirta \u201eBeretta\u201c tipo d\u0117klams. Ki\u0161en\u0117je yra tvirtinimas ant dir\u017eo ir mol\u0117s tvirtinimo detal\u0117s. Pad\u0117kl\u0105 galima pa\u0161alinti i\u0161 ki\u0161en\u0117s, kad b\u016bt\u0173 naudojamas molle ne\u0161iklio dir\u017eelio tvirtinimas.<\/p>\n","protected":false},"featured_media":113990,"template":"","meta":{"_acf_changed":false},"product_brand":[],"product_cat":[1163],"product_tag":[],"class_list":{"0":"post-143859","1":"product","2":"type-product","3":"status-publish","4":"has-post-thumbnail","6":"product_cat-kabur","8":"first","9":"instock","10":"taxable","11":"shipping-taxable","12":"purchasable","13":"product-type-simple"},"acf":[],"_links":{"self":[{"href":"https:\/\/kingarms.ee\/lt\/wp-json\/wp\/v2\/product\/143859","targetHints":{"allow":["GET"]}}],"collection":[{"href":"https:\/\/kingarms.ee\/lt\/wp-json\/wp\/v2\/product"}],"about":[{"href":"https:\/\/kingarms.ee\/lt\/wp-json\/wp\/v2\/types\/product"}],"wp:featuredmedia":[{"embeddable":true,"href":"https:\/\/kingarms.ee\/lt\/wp-json\/wp\/v2\/media\/113990"}],"wp:attachment":[{"href":"https:\/\/kingarms.ee\/lt\/wp-json\/wp\/v2\/media?parent=143859"}],"wp:term":[{"taxonomy":"product_brand","embeddable":true,"href":"https:\/\/kingarms.ee\/lt\/wp-json\/wp\/v2\/product_brand?post=143859"},{"taxonomy":"product_cat","embeddable":true,"href":"https:\/\/kingarms.ee\/lt\/wp-json\/wp\/v2\/product_cat?post=143859"},{"taxonomy":"product_tag","embeddable":true,"href":"https:\/\/kingarms.ee\/lt\/wp-json\/wp\/v2\/product_tag?post=143859"}],"curies":[{"name":"wp","href":"https:\/\/api.w.org\/{rel}","templated":true}]}}