{"id":143861,"date":"2021-02-16T11:18:12","date_gmt":"2025-01-10T09:12:39","guid":{"rendered":"https:\/\/kingarms.ee\/product\/trigubine-gresme-crosmanas\/"},"modified":"2025-03-01T16:23:49","modified_gmt":"2025-03-01T13:23:49","slug":"triple-threat-crosman","status":"publish","type":"product","link":"https:\/\/kingarms.ee\/lt\/product\/triple-threat-crosman\/","title":{"rendered":"Trigubin\u0117 gr\u0117sm\u0117 (Crosmanas)"},"content":{"rendered":"<p><img loading=\"lazy\" decoding=\"async\" class=\"alignnone size-medium wp-image-31557\" src=\"https:\/\/kingarms.ee\/wp-content\/uploads\/2021\/02\/61DY8oLpNGL._AC_SL1500_-300x174.jpg\" alt=\"\" width=\"300\" height=\"174\" srcset=\"https:\/\/kingarms.ee\/wp-content\/uploads\/2021\/02\/61DY8oLpNGL._AC_SL1500_-300x174.jpg 300w, https:\/\/kingarms.ee\/wp-content\/uploads\/2021\/02\/61DY8oLpNGL._AC_SL1500_-150x87.jpg 150w, https:\/\/kingarms.ee\/wp-content\/uploads\/2021\/02\/61DY8oLpNGL._AC_SL1500_-500x289.jpg 500w, https:\/\/kingarms.ee\/wp-content\/uploads\/2021\/02\/61DY8oLpNGL._AC_SL1500_-1024x593.jpg 1024w, https:\/\/kingarms.ee\/wp-content\/uploads\/2021\/02\/61DY8oLpNGL._AC_SL1500_-768x444.jpg 768w, https:\/\/kingarms.ee\/wp-content\/uploads\/2021\/02\/61DY8oLpNGL._AC_SL1500_.jpg 1500w\" sizes=\"auto, (max-width: 300px) 100vw, 300px\" \/><\/p>\n","protected":false},"excerpt":{"rendered":"<p>Trigubo metos (Crosman) CO2 revolveris su trigubu krosu su trigubu vamzd\u017ei\u0173 mainais (BB \/ .177) CO2 pusiau automatinis pneumatinis revolveris. Pakeista 3 &#8220;, 6&#8221; ir 8 &#8220;\u0161autuv\u0173 vamzd\u017eiai (modelis: cr44tttt) \u0160is klasikinis ir stilingas revolveris gali \u0161audyti 4,5 mm apvaliu m\u0117nuliu arba 4,5 mm BB plienine kulka. : Viena \/ dviguba apsauga: plaktuko blokas<\/p>\n","protected":false},"featured_media":113972,"template":"","meta":{"_acf_changed":false},"product_brand":[],"product_cat":[1142,1143],"product_tag":[],"class_list":{"0":"post-143861","1":"product","2":"type-product","3":"status-publish","4":"has-post-thumbnail","6":"product_cat-oro-ginklai","7":"product_cat-rankinis-ginklas","9":"first","10":"instock","11":"taxable","12":"shipping-taxable","13":"purchasable","14":"product-type-simple"},"acf":[],"_links":{"self":[{"href":"https:\/\/kingarms.ee\/lt\/wp-json\/wp\/v2\/product\/143861","targetHints":{"allow":["GET"]}}],"collection":[{"href":"https:\/\/kingarms.ee\/lt\/wp-json\/wp\/v2\/product"}],"about":[{"href":"https:\/\/kingarms.ee\/lt\/wp-json\/wp\/v2\/types\/product"}],"wp:featuredmedia":[{"embeddable":true,"href":"https:\/\/kingarms.ee\/lt\/wp-json\/wp\/v2\/media\/113972"}],"wp:attachment":[{"href":"https:\/\/kingarms.ee\/lt\/wp-json\/wp\/v2\/media?parent=143861"}],"wp:term":[{"taxonomy":"product_brand","embeddable":true,"href":"https:\/\/kingarms.ee\/lt\/wp-json\/wp\/v2\/product_brand?post=143861"},{"taxonomy":"product_cat","embeddable":true,"href":"https:\/\/kingarms.ee\/lt\/wp-json\/wp\/v2\/product_cat?post=143861"},{"taxonomy":"product_tag","embeddable":true,"href":"https:\/\/kingarms.ee\/lt\/wp-json\/wp\/v2\/product_tag?post=143861"}],"curies":[{"name":"wp","href":"https:\/\/api.w.org\/{rel}","templated":true}]}}