{"id":143863,"date":"2020-12-31T17:20:16","date_gmt":"2025-01-10T09:13:27","guid":{"rendered":"https:\/\/kingarms.ee\/product\/rungtyniu-lipdukai-20-mm-x-1000pc\/"},"modified":"2025-03-01T16:23:48","modified_gmt":"2025-03-01T13:23:48","slug":"marklehtede-kleepsud-20mm-x-1000tk","status":"publish","type":"product","link":"https:\/\/kingarms.ee\/lt\/product\/marklehtede-kleepsud-20mm-x-1000tk\/","title":{"rendered":"Rungtyni\u0173 lipdukai &#8211; 20 mm x 1000pc"},"content":{"rendered":"<p><img loading=\"lazy\" decoding=\"async\" class=\"alignnone size-medium wp-image-31467\" src=\"https:\/\/kingarms.ee\/wp-content\/uploads\/2020\/12\/1152227545_1-300x200.jpg\" alt=\"\" width=\"300\" height=\"200\" srcset=\"https:\/\/kingarms.ee\/wp-content\/uploads\/2020\/12\/1152227545_1-300x200.jpg 300w, https:\/\/kingarms.ee\/wp-content\/uploads\/2020\/12\/1152227545_1-150x100.jpg 150w, https:\/\/kingarms.ee\/wp-content\/uploads\/2020\/12\/1152227545_1-500x333.jpg 500w, https:\/\/kingarms.ee\/wp-content\/uploads\/2020\/12\/1152227545_1-1024x682.jpg 1024w, https:\/\/kingarms.ee\/wp-content\/uploads\/2020\/12\/1152227545_1-768x512.jpg 768w, https:\/\/kingarms.ee\/wp-content\/uploads\/2020\/12\/1152227545_1-1536x1024.jpg 1536w, https:\/\/kingarms.ee\/wp-content\/uploads\/2020\/12\/1152227545_1.jpg 2000w\" sizes=\"auto, (max-width: 300px) 100vw, 300px\" \/><\/p>\n","protected":false},"excerpt":{"rendered":"<p>Biliet\u0173 lipdukai &#8211; 20 mm x 1000pc 20 mm IPSC \u0161audymo pastoriai &#8211; 1000 vnt &#8211; balta<\/p>\n<p><span class=\"JLqJ4b\" data-language-for-alternatives=\"et\" data-language-to-translate-into=\"en\" data-phrase-index=\"1\"><span class=\"JLqJ4b ChMk0b\" data-language-for-alternatives=\"et\" data-language-to-translate-into=\"en\" data-phrase-index=\"2\">Baltos, savaranki\u0161kos pastos, kad \u0161audytum\u0117te 20 mm skersmens IPSC taikinius. 1 ritinys yra 1000 vienet\u0173. Idealiai tinka kartono ir popieriaus taikiniams. 20 mm skersmuo leid\u017eia taikiniams ilgiau i\u0161likti. Ypa\u010d tada, kai hitai yra arti vienas kito.    <\/span><\/span><\/p>\n","protected":false},"featured_media":113970,"template":"","meta":{"_acf_changed":false},"product_brand":[],"product_cat":[1201],"product_tag":[],"class_list":{"0":"post-143863","1":"product","2":"type-product","3":"status-publish","4":"has-post-thumbnail","6":"product_cat-taikiniai","8":"first","9":"instock","10":"taxable","11":"shipping-taxable","12":"purchasable","13":"product-type-simple"},"acf":[],"_links":{"self":[{"href":"https:\/\/kingarms.ee\/lt\/wp-json\/wp\/v2\/product\/143863","targetHints":{"allow":["GET"]}}],"collection":[{"href":"https:\/\/kingarms.ee\/lt\/wp-json\/wp\/v2\/product"}],"about":[{"href":"https:\/\/kingarms.ee\/lt\/wp-json\/wp\/v2\/types\/product"}],"wp:featuredmedia":[{"embeddable":true,"href":"https:\/\/kingarms.ee\/lt\/wp-json\/wp\/v2\/media\/113970"}],"wp:attachment":[{"href":"https:\/\/kingarms.ee\/lt\/wp-json\/wp\/v2\/media?parent=143863"}],"wp:term":[{"taxonomy":"product_brand","embeddable":true,"href":"https:\/\/kingarms.ee\/lt\/wp-json\/wp\/v2\/product_brand?post=143863"},{"taxonomy":"product_cat","embeddable":true,"href":"https:\/\/kingarms.ee\/lt\/wp-json\/wp\/v2\/product_cat?post=143863"},{"taxonomy":"product_tag","embeddable":true,"href":"https:\/\/kingarms.ee\/lt\/wp-json\/wp\/v2\/product_tag?post=143863"}],"curies":[{"name":"wp","href":"https:\/\/api.w.org\/{rel}","templated":true}]}}