{"id":143864,"date":"2020-12-31T17:01:11","date_gmt":"2025-01-10T09:15:10","guid":{"rendered":"https:\/\/kingarms.ee\/product\/m30-aktyvus-voztuvai-earmor\/"},"modified":"2025-03-01T16:23:46","modified_gmt":"2025-03-01T13:23:46","slug":"m30-aktiivklapid-earmor-2","status":"publish","type":"product","link":"https:\/\/kingarms.ee\/lt\/product\/m30-aktiivklapid-earmor-2\/","title":{"rendered":"M30 aktyv\u016bs vo\u017etuvai (Earmor)"},"content":{"rendered":"<p><img loading=\"lazy\" decoding=\"async\" class=\"alignnone size-medium wp-image-31440\" src=\"https:\/\/kingarms.ee\/wp-content\/uploads\/2020\/12\/1152223791_3-300x200.jpg\" alt=\"\" width=\"300\" height=\"200\" srcset=\"https:\/\/kingarms.ee\/wp-content\/uploads\/2020\/12\/1152223791_3-300x200.jpg 300w, https:\/\/kingarms.ee\/wp-content\/uploads\/2020\/12\/1152223791_3-150x100.jpg 150w, https:\/\/kingarms.ee\/wp-content\/uploads\/2020\/12\/1152223791_3-500x333.jpg 500w, https:\/\/kingarms.ee\/wp-content\/uploads\/2020\/12\/1152223791_3-768x512.jpg 768w, https:\/\/kingarms.ee\/wp-content\/uploads\/2020\/12\/1152223791_3.jpg 800w\" sizes=\"auto, (max-width: 300px) 100vw, 300px\" \/><\/p>\n","protected":false},"excerpt":{"rendered":"<p>M30 aktyv\u016bs vo\u017etuvai (\u201eEarmor\u201c) M30 Aktyvios ausin\u0117s (klausos vartojimas) M30 Aktyv\u016bs klausos apsaugos priemon\u0117s, kurias suk\u016br\u0117 \u201eEarmor \u2122\u201c ir skirta sportuoti, garsi\u0105 technin\u0119 aplink\u0105 ir med\u017eiotojus. Du mikrofonai u\u017eima ir nukreipia gars\u0105 garsiakalbiams. Jie padidina kelet\u0105 gars\u0173 ir, aptinkami ausyse, greitai j\u012f suma\u017eina iki saugaus 82 dB lygio, leisdamas vartotojui i\u0161laikyti visi\u0161k\u0105 supratim\u0105 apie aplink\u0105, naudodamas komandas, pateiktas naudojant \u0161aunam\u0105j\u012f ginkl\u0105. Jie maitinami 2 1,5 V AAA baterijomis (ne\u012fskai\u010diuotos), leid\u017eian\u010dios dirbti ~ 350 valand\u0173. Automatin\u0117 saugiklio pos\u016bkio sistema po 4 valand\u0173 be vartotojo ry\u0161io u\u017etikrina nepageidaujam\u0105 saugum\u0105 ir akumuliatoriaus nutek\u0117jim\u0105. Ausin\u0117s turi tris t\u016brio lygius. Ausin\u0117s ir lanko dangtis turi mink\u0161tas ir subtilias dangas, kurios ypa\u010d lengvai naudoja naudojim\u0105. Be to, saugikliai turi 3,5 mm lizdo \u201eMini Jack\u201c ir \u201eMini Jack-Mini Jack\u201c laid\u0105, kuris leid\u017eia vartotojui bendrauti su MP3 grotuvu \/ telefonu arba, jei prijungtas prie tokio uosto mikrofono radijo. Produktas atitinka tiek CE \/ ROSH \/ ANSI S3.19-1974, tiek su IPX-5 klas\u0117s hidroizoliacija.<\/p>\n","protected":false},"featured_media":113962,"template":"","meta":{"_acf_changed":false},"product_brand":[],"product_cat":[1160],"product_tag":[],"class_list":{"0":"post-143864","1":"product","2":"type-product","3":"status-publish","4":"has-post-thumbnail","6":"product_cat-aktyvios-ausines","8":"first","9":"instock","10":"taxable","11":"shipping-taxable","12":"purchasable","13":"product-type-simple"},"acf":[],"_links":{"self":[{"href":"https:\/\/kingarms.ee\/lt\/wp-json\/wp\/v2\/product\/143864","targetHints":{"allow":["GET"]}}],"collection":[{"href":"https:\/\/kingarms.ee\/lt\/wp-json\/wp\/v2\/product"}],"about":[{"href":"https:\/\/kingarms.ee\/lt\/wp-json\/wp\/v2\/types\/product"}],"wp:featuredmedia":[{"embeddable":true,"href":"https:\/\/kingarms.ee\/lt\/wp-json\/wp\/v2\/media\/113962"}],"wp:attachment":[{"href":"https:\/\/kingarms.ee\/lt\/wp-json\/wp\/v2\/media?parent=143864"}],"wp:term":[{"taxonomy":"product_brand","embeddable":true,"href":"https:\/\/kingarms.ee\/lt\/wp-json\/wp\/v2\/product_brand?post=143864"},{"taxonomy":"product_cat","embeddable":true,"href":"https:\/\/kingarms.ee\/lt\/wp-json\/wp\/v2\/product_cat?post=143864"},{"taxonomy":"product_tag","embeddable":true,"href":"https:\/\/kingarms.ee\/lt\/wp-json\/wp\/v2\/product_tag?post=143864"}],"curies":[{"name":"wp","href":"https:\/\/api.w.org\/{rel}","templated":true}]}}