{"id":143867,"date":"2020-12-30T20:01:03","date_gmt":"2025-01-10T09:17:45","guid":{"rendered":"https:\/\/kingarms.ee\/product\/ipsc-deklo-laikiklis-juodas-fma\/"},"modified":"2025-03-01T16:23:41","modified_gmt":"2025-03-01T13:23:41","slug":"ipsc-salvehoidja-must-fma","status":"publish","type":"product","link":"https:\/\/kingarms.ee\/lt\/product\/ipsc-salvehoidja-must-fma\/","title":{"rendered":"IPSC d\u0117klo laikiklis &#8211; juodas (FMA)"},"content":{"rendered":"<p><img loading=\"lazy\" decoding=\"async\" class=\"alignnone size-medium wp-image-31384\" src=\"https:\/\/kingarms.ee\/wp-content\/uploads\/2020\/12\/1152213165_1-300x200.jpg\" alt=\"\" width=\"300\" height=\"200\" srcset=\"https:\/\/kingarms.ee\/wp-content\/uploads\/2020\/12\/1152213165_1-300x200.jpg 300w, https:\/\/kingarms.ee\/wp-content\/uploads\/2020\/12\/1152213165_1-150x100.jpg 150w, https:\/\/kingarms.ee\/wp-content\/uploads\/2020\/12\/1152213165_1-500x333.jpg 500w, https:\/\/kingarms.ee\/wp-content\/uploads\/2020\/12\/1152213165_1-768x512.jpg 768w, https:\/\/kingarms.ee\/wp-content\/uploads\/2020\/12\/1152213165_1.jpg 800w\" sizes=\"auto, (max-width: 300px) 100vw, 300px\" \/><\/p>\n","protected":false},"excerpt":{"rendered":"<p>IPSC d\u0117klo laikiklis &#8211; juoda (FMA) Universalus IPSC d\u0117klo laikiklis<\/p>\n<p><span class=\"JLqJ4b\" data-language-for-alternatives=\"et\" data-language-to-translate-into=\"en\" data-phrase-index=\"1\"><span class=\"JLqJ4b ChMk0b\" data-language-for-alternatives=\"et\" data-language-to-translate-into=\"en\" data-phrase-index=\"2\">, kuris beveik visi\u0161kai pagamintas i\u0161 auk\u0161tos kokyb\u0117s aliuminio, naudojant CNC ma\u0161inas, skirtas IPSC konkurentams, kad b\u016bt\u0173 optimalus pritaikymas j\u0173 individualiems poreikiams. Laikiklis gali b\u016bti sureguliuotas pa\u0161alinant d\u0117kl\u0105 (jei jis yra sunku arba lengva pa\u0161alinti d\u0117kl\u0105). Komplekte yra 6 skirtingi \u012fd\u0117klai (3 plo\u010diai ir 3 gyliai), vieninteliai polimero elementai. Remiantis 40 mm plo\u010dio dir\u017eeliu, reguliuojamas kampas yra 360 laipsni\u0173.   <\/span><\/span><\/p>\n","protected":false},"featured_media":113940,"template":"","meta":{"_acf_changed":false},"product_brand":[],"product_cat":[1240,1242],"product_tag":[],"class_list":{"0":"post-143867","1":"product","2":"type-product","3":"status-publish","4":"has-post-thumbnail","6":"product_cat-maiseliai-krepsiai-ir-dirzeliai","7":"product_cat-sandeliavimo-kisenes","9":"first","10":"instock","11":"taxable","12":"shipping-taxable","13":"purchasable","14":"product-type-simple"},"acf":[],"_links":{"self":[{"href":"https:\/\/kingarms.ee\/lt\/wp-json\/wp\/v2\/product\/143867","targetHints":{"allow":["GET"]}}],"collection":[{"href":"https:\/\/kingarms.ee\/lt\/wp-json\/wp\/v2\/product"}],"about":[{"href":"https:\/\/kingarms.ee\/lt\/wp-json\/wp\/v2\/types\/product"}],"wp:featuredmedia":[{"embeddable":true,"href":"https:\/\/kingarms.ee\/lt\/wp-json\/wp\/v2\/media\/113940"}],"wp:attachment":[{"href":"https:\/\/kingarms.ee\/lt\/wp-json\/wp\/v2\/media?parent=143867"}],"wp:term":[{"taxonomy":"product_brand","embeddable":true,"href":"https:\/\/kingarms.ee\/lt\/wp-json\/wp\/v2\/product_brand?post=143867"},{"taxonomy":"product_cat","embeddable":true,"href":"https:\/\/kingarms.ee\/lt\/wp-json\/wp\/v2\/product_cat?post=143867"},{"taxonomy":"product_tag","embeddable":true,"href":"https:\/\/kingarms.ee\/lt\/wp-json\/wp\/v2\/product_tag?post=143867"}],"curies":[{"name":"wp","href":"https:\/\/api.w.org\/{rel}","templated":true}]}}