{"id":143869,"date":"2020-08-18T13:38:41","date_gmt":"2025-01-10T09:21:45","guid":{"rendered":"https:\/\/kingarms.ee\/product\/028-g-atsekamuju-bb-bio-nimrod\/"},"modified":"2025-03-01T16:23:39","modified_gmt":"2025-03-01T13:23:39","slug":"0-28g-tracer-bb-bio-nimrod","status":"publish","type":"product","link":"https:\/\/kingarms.ee\/lt\/product\/0-28g-tracer-bb-bio-nimrod\/","title":{"rendered":"0,28 g atsekam\u0173j\u0173 bb (bio nimrod)"},"content":{"rendered":"<p><a href=\"https:\/\/kingarms.ee\/wp-content\/uploads\/2020\/08\/pot-de-2000-billes-028g-bio-tracantes-verte-nimrod-p-image-163525-grande-300x200.png\"><img loading=\"lazy\" decoding=\"async\" class=\"alignnone size-medium wp-image-30918\" src=\"https:\/\/kingarms.ee\/wp-content\/uploads\/2020\/08\/pot-de-2000-billes-028g-bio-tracantes-verte-nimrod-p-image-163525-grande-300x200.png\" alt=\"\" width=\"300\" height=\"200\" srcset=\"https:\/\/kingarms.ee\/wp-content\/uploads\/2020\/08\/pot-de-2000-billes-028g-bio-tracantes-verte-nimrod-p-image-163525-grande-300x200.png 300w, https:\/\/kingarms.ee\/wp-content\/uploads\/2020\/08\/pot-de-2000-billes-028g-bio-tracantes-verte-nimrod-p-image-163525-grande-150x100.png 150w, https:\/\/kingarms.ee\/wp-content\/uploads\/2020\/08\/pot-de-2000-billes-028g-bio-tracantes-verte-nimrod-p-image-163525-grande-500x333.png 500w, https:\/\/kingarms.ee\/wp-content\/uploads\/2020\/08\/pot-de-2000-billes-028g-bio-tracantes-verte-nimrod-p-image-163525-grande-768x512.png 768w, https:\/\/kingarms.ee\/wp-content\/uploads\/2020\/08\/pot-de-2000-billes-028g-bio-tracantes-verte-nimrod-p-image-163525-grande.png 800w\" sizes=\"auto, (max-width: 300px) 100vw, 300px\" \/><\/a><\/p>\n","protected":false},"excerpt":{"rendered":"<p>0,28 g \u201eTracer BB\u201c (\u201eBio Nimrod\u201c) Auk\u0161tos kokyb\u0117s 0,28 g bb \u017eym\u0117jimo rutuliai i\u0161 gerai \u017einomo gamintojo \u201eNimrod\u201c. Geriausias pasirinkimas j\u016bs\u0173 \u201eAirSoft\u201c ginklui! Visus rutulius valdo gamintojas (skersmuo 5,95 mm +\/- 0,005 mm). \u201eTracer\u201c rutuliai ore yra \u0161vies\u016bs ir daro j\u016bs\u0173 \u201eAirSoft\u201c \u017eaidim\u0105 dar malonesniu tamsiu \/ tamsiu. Nor\u0117dami gauti geriausius rezultatus, taip pat naudokite \u201eTracer\u201c duslintuv\u0105 ar d\u0117kl\u0105. Rutuli\u0173 spalva yra \u017ealia. Skardin\u0117je yra 2000 bb rutuli\u0173.<\/p>\n","protected":false},"featured_media":113883,"template":"","meta":{"_acf_changed":false},"product_brand":[],"product_cat":[1188],"product_tag":[],"class_list":{"0":"post-143869","1":"product","2":"type-product","3":"status-publish","4":"has-post-thumbnail","6":"product_cat-airsoft-6-mm","8":"first","9":"onbackorder","10":"taxable","11":"shipping-taxable","12":"product-type-simple"},"acf":[],"_links":{"self":[{"href":"https:\/\/kingarms.ee\/lt\/wp-json\/wp\/v2\/product\/143869","targetHints":{"allow":["GET"]}}],"collection":[{"href":"https:\/\/kingarms.ee\/lt\/wp-json\/wp\/v2\/product"}],"about":[{"href":"https:\/\/kingarms.ee\/lt\/wp-json\/wp\/v2\/types\/product"}],"wp:featuredmedia":[{"embeddable":true,"href":"https:\/\/kingarms.ee\/lt\/wp-json\/wp\/v2\/media\/113883"}],"wp:attachment":[{"href":"https:\/\/kingarms.ee\/lt\/wp-json\/wp\/v2\/media?parent=143869"}],"wp:term":[{"taxonomy":"product_brand","embeddable":true,"href":"https:\/\/kingarms.ee\/lt\/wp-json\/wp\/v2\/product_brand?post=143869"},{"taxonomy":"product_cat","embeddable":true,"href":"https:\/\/kingarms.ee\/lt\/wp-json\/wp\/v2\/product_cat?post=143869"},{"taxonomy":"product_tag","embeddable":true,"href":"https:\/\/kingarms.ee\/lt\/wp-json\/wp\/v2\/product_tag?post=143869"}],"curies":[{"name":"wp","href":"https:\/\/api.w.org\/{rel}","templated":true}]}}