{"id":143966,"date":"2025-01-11T15:56:23","date_gmt":"2025-01-11T15:08:20","guid":{"rendered":"https:\/\/kingarms.ee\/product\/oro-sautuvo-nesiklio-n-11-stabdziu-statines-oro-sautuvas-45-mm-75j\/"},"modified":"2025-03-01T16:23:38","modified_gmt":"2025-03-01T13:23:38","slug":"oro-sautuvas-platinamas-n-11-brake-barrel-air-air-4-5mm-7-5j","status":"publish","type":"product","link":"https:\/\/kingarms.ee\/lt\/product\/oro-sautuvas-platinamas-n-11-brake-barrel-air-air-4-5mm-7-5j\/","title":{"rendered":"Oro \u0161autuvo ne\u0161iklio N-11 stabd\u017ei\u0173 statin\u0117s oro \u0161autuvas 4,5 mm 7,5J"},"content":{"rendered":"<p>Oro \u0161autuvo ne\u0161iklio N-11 stabd\u017ei\u0173 statin\u0117s oro \u0161autuvas 4,5 mm 7,5J<\/p>\n","protected":false},"excerpt":{"rendered":"<p>Oro \u0161autuvo ne\u0161iklio N-11 stabd\u017ei\u0173 statin\u0117s oro \u0161autuvas 4,5 mm 7,5J<\/p>\n","protected":false},"featured_media":144066,"template":"","meta":{"_acf_changed":false},"product_brand":[],"product_cat":[1142,1145],"product_tag":[],"class_list":{"0":"post-143966","1":"product","2":"type-product","3":"status-publish","4":"has-post-thumbnail","6":"product_cat-oro-ginklai","7":"product_cat-snaiperio-sautuvai-4-5-mm","9":"first","10":"instock","11":"purchasable","12":"product-type-simple"},"acf":[],"_links":{"self":[{"href":"https:\/\/kingarms.ee\/lt\/wp-json\/wp\/v2\/product\/143966","targetHints":{"allow":["GET"]}}],"collection":[{"href":"https:\/\/kingarms.ee\/lt\/wp-json\/wp\/v2\/product"}],"about":[{"href":"https:\/\/kingarms.ee\/lt\/wp-json\/wp\/v2\/types\/product"}],"wp:featuredmedia":[{"embeddable":true,"href":"https:\/\/kingarms.ee\/lt\/wp-json\/wp\/v2\/media\/144066"}],"wp:attachment":[{"href":"https:\/\/kingarms.ee\/lt\/wp-json\/wp\/v2\/media?parent=143966"}],"wp:term":[{"taxonomy":"product_brand","embeddable":true,"href":"https:\/\/kingarms.ee\/lt\/wp-json\/wp\/v2\/product_brand?post=143966"},{"taxonomy":"product_cat","embeddable":true,"href":"https:\/\/kingarms.ee\/lt\/wp-json\/wp\/v2\/product_cat?post=143966"},{"taxonomy":"product_tag","embeddable":true,"href":"https:\/\/kingarms.ee\/lt\/wp-json\/wp\/v2\/product_tag?post=143966"}],"curies":[{"name":"wp","href":"https:\/\/api.w.org\/{rel}","templated":true}]}}