{"id":144257,"date":"2024-12-17T14:31:54","date_gmt":"2025-02-16T15:55:41","guid":{"rendered":"https:\/\/kingarms.ee\/product\/aktyvus-voztuvai-gen-5-wosport\/"},"modified":"2025-03-01T16:23:34","modified_gmt":"2025-03-01T13:23:34","slug":"aktyvus-voztuvai-gen-5-wosport","status":"publish","type":"product","link":"https:\/\/kingarms.ee\/lt\/product\/aktyvus-voztuvai-gen-5-wosport\/","title":{"rendered":"Aktyv\u016bs vo\u017etuvai Gen.5 (WOSPORT)"},"content":{"rendered":"","protected":false},"excerpt":{"rendered":"<p><strong> Wosport Gen. 5 komunikacijos ausiniarate rinkinys (aktyvios ausinalates)< \/ strong><\/p>\n<p>Wosport gen. 5 augstas kvalit\u0101tes sakaru austi\u0146as ir paredz\u0113tas lieto\u0161anai gan neatkar\u012bgi, gan piestiprin\u0101tas pie \u0137iveres. Produkts ir apr\u012bkots ar 5. ar paaudzes elektronisko ska\u0146as uztv\u0113r\u0113ju un trok\u0161\u0146u sl\u0101p\u0113\u0161anas funkciju, kas nodro\u0161ina skaidru un kvalitat\u012bvu ska\u0146u pat trok\u0161\u0146ain\u0101 vid\u0113. Labi iederas da\u017e\u0101d\u0101s \u0137iver\u0113s un ir paredz\u0113ts, lai nodro\u0161in\u0101tu komfortu un uzticam\u012bbu.   <\/p>\n<p>< strong > Pagrindinatures savybraps:< \/ strong><\/p>\n<ul>\n<li > < strong > var izmantot neatkar\u012bgi vai uz \u0137iveres< \/ strong - - var piestiprin\u0101t pie da\u017e\u0101d\u0101m \u0137iver\u0113m, ieskaitot Ops Core ARC un Team Wendy M-LOK \u0136iveres stiprin\u0101jumus< \/ li>\n<li > <strong>5. Generavimo elektroninis garso imtuvas ir triukshmo sumazhinimas< \/ strong > &#8211; uzhtikrina krishtolo skaistrumo garsaare ir efektyvate triukshmo mazhinimate< \/ li>\n<p> \t< li> < strong>trok\u0161\u0146u sl\u0101p\u0113\u0161anas \u0101trums (NRR): 31dB< \/ strong> &#8211; efekt\u012bva ska\u0146as sl\u0101p\u0113\u0161ana trok\u0161\u0146ain\u0101 vid\u0113< \/ li><\/p>\n<li > < strong>Vieno algvertinimo roundas (SNR): 33dB< \/ strong> &#8211; aukshtesnis SNR suteikia geresnate garso izoliacijog < \/ li>\n<li > < strong>Augstas regul\u0113\u0161anas \u0136iveres adapteri< \/ strong > &#8211; nodro\u0161iniet piem\u0113rot\u012bbu da\u017e\u0101d\u0101m \u0137iver\u0113m< \/ li>\n<li> < strong>salok\u0101ma konstrukcija< \/ strong - - dzirdes punktus var izsl\u0113gt, ja nepiecie\u0161ams, lai atdzes\u0113tu ausis vai saloc\u012btu, kad to nelieto< \/ li>\n<li > < strong > Kompaktichki ir tinkami kopalgstai<\/strong > &#8211; shalmas turi kabalmas ir velcro tipo tvirtinimo detales, kad sutvarkytate laidulatus.< \/ li>\n<li> < strong> no\u0146emams mikrofons < \/ strong \u2013 - mikrofonu var uzst\u0101d\u012bt kreisaj\u0101 vai labaj\u0101 pus\u0113, un mikrofona le\u0146\u0137i var piel\u0101got p\u0113c vajadz\u012bbas.< \/ li>\n<li> < strong> regul\u0113jama galvas saite< \/ strong \u2013 - nodro\u0161ina \u0113rtu un dro\u0161u fit.< \/ li>\n<p> \t< li> < strong>austi\u0146u salik\u0161ana< \/ strong> \u2013 110&#215;120 mm< \/ li><\/p>\n<li > < strong>der uz galvas ar apk\u0101rtm\u0113ru no 52 cm l\u012bdz 62 cm< \/ strong > &#8211; pla\u0161s piem\u0113rots da\u017e\u0101diem lietot\u0101jiem< \/ li>\n<li > < strong>Galia< \/ strong > &#8211; veikia su 2x AAA baterija< \/ li>\n<li > < strong > svars < \/ strong > &#8211; 515 g< \/ li>\n<li > < strong > kr\u0101sa< \/ strong - - Black< \/ li>\n<p>< \/ ul><\/p>\n","protected":false},"featured_media":142899,"template":"","meta":{"_acf_changed":false},"product_brand":[],"product_cat":[1160,1159],"product_tag":[],"class_list":{"0":"post-144257","1":"product","2":"type-product","3":"status-publish","4":"has-post-thumbnail","6":"product_cat-aktyvios-ausines","7":"product_cat-ausines","9":"first","10":"instock","11":"taxable","12":"shipping-taxable","13":"purchasable","14":"product-type-simple"},"acf":[],"_links":{"self":[{"href":"https:\/\/kingarms.ee\/lt\/wp-json\/wp\/v2\/product\/144257","targetHints":{"allow":["GET"]}}],"collection":[{"href":"https:\/\/kingarms.ee\/lt\/wp-json\/wp\/v2\/product"}],"about":[{"href":"https:\/\/kingarms.ee\/lt\/wp-json\/wp\/v2\/types\/product"}],"wp:featuredmedia":[{"embeddable":true,"href":"https:\/\/kingarms.ee\/lt\/wp-json\/wp\/v2\/media\/142899"}],"wp:attachment":[{"href":"https:\/\/kingarms.ee\/lt\/wp-json\/wp\/v2\/media?parent=144257"}],"wp:term":[{"taxonomy":"product_brand","embeddable":true,"href":"https:\/\/kingarms.ee\/lt\/wp-json\/wp\/v2\/product_brand?post=144257"},{"taxonomy":"product_cat","embeddable":true,"href":"https:\/\/kingarms.ee\/lt\/wp-json\/wp\/v2\/product_cat?post=144257"},{"taxonomy":"product_tag","embeddable":true,"href":"https:\/\/kingarms.ee\/lt\/wp-json\/wp\/v2\/product_tag?post=144257"}],"curies":[{"name":"wp","href":"https:\/\/api.w.org\/{rel}","templated":true}]}}