{"id":144259,"date":"2024-12-06T16:40:00","date_gmt":"2025-02-16T16:14:56","guid":{"rendered":"https:\/\/kingarms.ee\/product\/dekoratyvinis-fantazijos-kardas-by-096c\/"},"modified":"2025-03-01T16:23:33","modified_gmt":"2025-03-01T13:23:33","slug":"dekoratyvinis-fantazijos-kardas-by-096c","status":"publish","type":"product","link":"https:\/\/kingarms.ee\/lt\/product\/dekoratyvinis-fantazijos-kardas-by-096c\/","title":{"rendered":"Dekoratyvinis fantazijos kardas (BY-096C)"},"content":{"rendered":"<p>Dekoratyvinis fantazijos kardas (BY-096C)<\/p>\n<p>Dekoratyvinis fantazijos kardas<\/p>\n<p>\u012ekv\u0117ptas Gandalfo glamdringo kard\u0173<\/p>\n<p>Hobit\u0173 serija<\/p>\n<p>Plieninis a\u0161menys<\/p>\n<p>Medin\u0117 rankena<\/p>\n<p>Metalin\u0117 apsauga ir ranken\u0117l\u0117<\/p>\n<p>Pridedamas medinis sienos stovas<\/p>\n<p>A\u0161men\u0173 ilgis 900 mm<\/p>\n<p>Bendras ilgis 1190 mm<\/p>\n<p>Svoris 1110G<\/p>\n<p>Ne a\u0161tr\u0117ti ir nery\u0161k\u016bs peiliukai, tik dekoratyviniams tikslams<\/p>\n","protected":false},"excerpt":{"rendered":"<p>DeKORAYVINIS FANTAZIOS KARDAS (l\u012bdz-096C)<\/p>\n<p>DeKORAYVINIS FANTAZIOS KARDAS<\/p>\n<p>Gandalfo glamdringo Kardas.<\/p>\n<p>Hobits serija<\/p>\n<p>Plienin ashmeny<\/p>\n<p>Medinemma rankena<\/p>\n<p>Metalinarve apsauga IR rankenerkl.<\/p>\n<p>Pridedamas Medina sienos stova<\/p>\n<p>Ashmenaska ilgis 900 mm<\/p>\n<p>Bendras ilgis 1190 mm<\/p>\n<p>Svoris 1110g<\/p>\n<p>Ne ashtrraktrakti ir neryshkraps peiliukai, Tik dekoratyviniams tikslams<\/p>\n","protected":false},"featured_media":138913,"template":"","meta":{"_acf_changed":false},"product_brand":[],"product_cat":[1312,1247],"product_tag":[],"class_list":{"0":"post-144259","1":"product","2":"type-product","3":"status-publish","4":"has-post-thumbnail","6":"product_cat-kardai","7":"product_cat-kita","9":"first","10":"instock","11":"purchasable","12":"product-type-simple"},"acf":[],"_links":{"self":[{"href":"https:\/\/kingarms.ee\/lt\/wp-json\/wp\/v2\/product\/144259","targetHints":{"allow":["GET"]}}],"collection":[{"href":"https:\/\/kingarms.ee\/lt\/wp-json\/wp\/v2\/product"}],"about":[{"href":"https:\/\/kingarms.ee\/lt\/wp-json\/wp\/v2\/types\/product"}],"wp:featuredmedia":[{"embeddable":true,"href":"https:\/\/kingarms.ee\/lt\/wp-json\/wp\/v2\/media\/138913"}],"wp:attachment":[{"href":"https:\/\/kingarms.ee\/lt\/wp-json\/wp\/v2\/media?parent=144259"}],"wp:term":[{"taxonomy":"product_brand","embeddable":true,"href":"https:\/\/kingarms.ee\/lt\/wp-json\/wp\/v2\/product_brand?post=144259"},{"taxonomy":"product_cat","embeddable":true,"href":"https:\/\/kingarms.ee\/lt\/wp-json\/wp\/v2\/product_cat?post=144259"},{"taxonomy":"product_tag","embeddable":true,"href":"https:\/\/kingarms.ee\/lt\/wp-json\/wp\/v2\/product_tag?post=144259"}],"curies":[{"name":"wp","href":"https:\/\/api.w.org\/{rel}","templated":true}]}}