{"id":145641,"date":"2025-02-22T20:49:06","date_gmt":"2025-02-22T17:49:06","guid":{"rendered":"https:\/\/kingarms.ee\/product\/ruike-p671-cb\/"},"modified":"2025-05-19T14:26:40","modified_gmt":"2025-05-19T11:26:40","slug":"ruike-p671-cb","status":"publish","type":"product","link":"https:\/\/kingarms.ee\/lt\/product\/ruike-p671-cb\/","title":{"rendered":"RUIKE P671-CB"},"content":{"rendered":"","protected":false},"excerpt":{"rendered":"<p>Ruike P671-CB on \u00fcks omap\u00e4raseima disainiga Ruike liigendnugasid. Tegemist on v\u00f5rdlemisi l\u00fchikese (avatuna 164mm) noaga, mis on varustatud v\u00e4ga julge disaini ja tugeva konstruktsiooniga teraga (pikkus 70mm, paksus kuni 3,5mm). Noa k\u00e4epideme selg on keskmisest laiem ning pakub kasutamisel palju tuge. K\u00e4epide ise on valmistatud G10 komposiidist ja kaetud s\u00fcsinikkiust kihiga. Terana on kasutusel kvaliteetne Sandvik 14C28N roostevaba teras. Liigend t\u00f6\u00f6tab eelm\u00e4\u00e4ritud tugi-kuullaagritel. Tera avamine on v\u00f5imalik nii thumb stud kui front flipper meetodil. Ruike P671-CB ei pruugi sobida igale kasutajale, kuid kindlasti k\u00f5netab neid, kes hindavad kompaktseid v\u00e4ga tugevakonstruktsioonilisi nugasid ning kelle jaoks ei ole v\u00f5\u00f5ras thumb stud \/ front flipper meetodil tera avamine.<\/p>\n","protected":false},"featured_media":145256,"template":"","meta":{"_acf_changed":false},"product_brand":[],"product_cat":[1259],"product_tag":[],"class_list":{"0":"post-145641","1":"product","2":"type-product","3":"status-publish","4":"has-post-thumbnail","6":"product_cat-peiliai","8":"first","9":"instock","10":"purchasable","11":"product-type-simple"},"acf":[],"_links":{"self":[{"href":"https:\/\/kingarms.ee\/lt\/wp-json\/wp\/v2\/product\/145641","targetHints":{"allow":["GET"]}}],"collection":[{"href":"https:\/\/kingarms.ee\/lt\/wp-json\/wp\/v2\/product"}],"about":[{"href":"https:\/\/kingarms.ee\/lt\/wp-json\/wp\/v2\/types\/product"}],"wp:featuredmedia":[{"embeddable":true,"href":"https:\/\/kingarms.ee\/lt\/wp-json\/wp\/v2\/media\/145256"}],"wp:attachment":[{"href":"https:\/\/kingarms.ee\/lt\/wp-json\/wp\/v2\/media?parent=145641"}],"wp:term":[{"taxonomy":"product_brand","embeddable":true,"href":"https:\/\/kingarms.ee\/lt\/wp-json\/wp\/v2\/product_brand?post=145641"},{"taxonomy":"product_cat","embeddable":true,"href":"https:\/\/kingarms.ee\/lt\/wp-json\/wp\/v2\/product_cat?post=145641"},{"taxonomy":"product_tag","embeddable":true,"href":"https:\/\/kingarms.ee\/lt\/wp-json\/wp\/v2\/product_tag?post=145641"}],"curies":[{"name":"wp","href":"https:\/\/api.w.org\/{rel}","templated":true}]}}