{"id":145731,"date":"2025-02-22T20:48:46","date_gmt":"2025-02-22T17:48:46","guid":{"rendered":"https:\/\/kingarms.ee\/product\/ruike-m661-tz\/"},"modified":"2025-05-19T13:14:24","modified_gmt":"2025-05-19T10:14:24","slug":"ruike-m661-tz","status":"publish","type":"product","link":"https:\/\/kingarms.ee\/lt\/product\/ruike-m661-tz\/","title":{"rendered":"RUIKE M661-TZ"},"content":{"rendered":"","protected":false},"excerpt":{"rendered":"<p>Ruike M661-TZ baasmudelite 661\/662 n\u00e4ol on tegemist Ruike \u00e4\u00e4rmiselt populaarse kompaktse liigendnoa disainiga. Nuga on n\u00e4gus, ergonoomiline ja hea universaalsusega. Ruike M661-TZ n\u00e4ol on tegemist mudeliseeria k\u00f5ige kvaliteetsematest materjalidest valmistatud versiooniga. V\u00f5rreldes P661\/P662 mudelitega on juba niigi k\u00f5rgelthinnatud Sandvik 14C28N roostevabast terasest tera vahetatud veelgi kvaliteetsema ja \u00e4\u00e4rmiselt stabiilsete omadustega 154CM roostevaba terase vastu. K\u00e4epideme osas on lisaks G10 komposiidile kasutusele v\u00f5etud ka TC4 titaan. Noa k\u00e4epideme pealmine pool on kaetud G10 kattega, mis lisab haarduvust. Vastaspool on aga kergest TC4 titaanist ning sellele on paigaldatud tugev taskuklamber. Ruike M661-TZ on kerge (vaid 60g), kompaktne (avatuna 169mm, tera 74mm) ning v\u00e4ga kvaliteetne liigendnuga igap\u00e4evaseks kaasaskandmiseks.<\/p>\n","protected":false},"featured_media":145214,"template":"","meta":{"_acf_changed":false},"product_brand":[],"product_cat":[1259],"product_tag":[],"class_list":{"0":"post-145731","1":"product","2":"type-product","3":"status-publish","4":"has-post-thumbnail","6":"product_cat-peiliai","8":"first","9":"instock","10":"purchasable","11":"product-type-simple"},"acf":[],"_links":{"self":[{"href":"https:\/\/kingarms.ee\/lt\/wp-json\/wp\/v2\/product\/145731","targetHints":{"allow":["GET"]}}],"collection":[{"href":"https:\/\/kingarms.ee\/lt\/wp-json\/wp\/v2\/product"}],"about":[{"href":"https:\/\/kingarms.ee\/lt\/wp-json\/wp\/v2\/types\/product"}],"wp:featuredmedia":[{"embeddable":true,"href":"https:\/\/kingarms.ee\/lt\/wp-json\/wp\/v2\/media\/145214"}],"wp:attachment":[{"href":"https:\/\/kingarms.ee\/lt\/wp-json\/wp\/v2\/media?parent=145731"}],"wp:term":[{"taxonomy":"product_brand","embeddable":true,"href":"https:\/\/kingarms.ee\/lt\/wp-json\/wp\/v2\/product_brand?post=145731"},{"taxonomy":"product_cat","embeddable":true,"href":"https:\/\/kingarms.ee\/lt\/wp-json\/wp\/v2\/product_cat?post=145731"},{"taxonomy":"product_tag","embeddable":true,"href":"https:\/\/kingarms.ee\/lt\/wp-json\/wp\/v2\/product_tag?post=145731"}],"curies":[{"name":"wp","href":"https:\/\/api.w.org\/{rel}","templated":true}]}}