{"id":145777,"date":"2025-02-22T20:48:22","date_gmt":"2025-02-22T17:48:22","guid":{"rendered":"https:\/\/kingarms.ee\/product\/fenix-pd40r-v2-0\/"},"modified":"2025-05-19T13:18:39","modified_gmt":"2025-05-19T10:18:39","slug":"fenix-pd40r-v2-0","status":"publish","type":"product","link":"https:\/\/kingarms.ee\/lt\/product\/fenix-pd40r-v2-0\/","title":{"rendered":"FENIX PD40R V2.0"},"content":{"rendered":"","protected":false},"excerpt":{"rendered":"<p>Fenix PD40R V2.0 on kompaktne taskulamp, millel on superlambi hing. PD40R V2.0 on k\u00f5igest 138mm pikk, pea l\u00e4bim\u00f5\u00f5duga 33mm ning korpuse l\u00e4bim\u00f5\u00f5duga 26mm. Vaatamata sellele on lambi maksimaalseks valgusj\u00f5uks 3000 luumenit ning valgusvoo ulatuseks lausa 405 meetrit. See on saavutatud eelk\u00f5ige uusima Luminus SST70 LED elemendi kasutamisega. Lisaks kasutab PD40R V2.0 t\u00f6\u00f6ks uue generatsiooni suure mahutavusega 21700 Li-ion akut, mis on otselaetav ilma lambist eemaldamata. Seega on lambi madalamatel valgustugevustel v\u00f5imalik saavutada eriti pikkasid t\u00f6\u00f6aegasid laadimiste vahel. Laadimiseks kasutab lamp USB-C laadimiskaablit. Saadaval on kuni 2A kiirlaadimine, mis laeb aku t\u00e4is minimaalselt 3,5 tunniga.<\/p>\n<p>Fenix PD40R V2.0 k\u00f5ige unikaalseimaks omaduseks on selle l\u00fclituss\u00fcsteem. Tegemist on ilmselt k\u00f5ige lihtsama kasutajaliidesega, mida lambilt leida v\u00f5ib. Selleks on mehaaniline r\u00f5ngasl\u00fcliti, mis asub lambi esiosas \u00fcmber lambi pea. Piisab vaid l\u00fcliti keeramisest ning lamp l\u00fclitub t\u00f6\u00f6sse. Mida enam keerata, seda suurem valgustugevus saavutatakse ning vastupidi. L\u00fcliti on kergesti leitav ning opereeritav ka v\u00e4ga paksude t\u00f6\u00f6kinnastega. Seega, kui prioriteediks on v\u00f5imalikult lihtne lambi kasutajaliides, siis PD40R-ile on raske vastu saada.<\/p>\n<p>PD40R valgusjoonis on v\u00f5rdlemisi laia kontsentreeritud keskosaga koos h\u00e4sti valgustatud \u00e4\u00e4realadega. Valgusvoo kogulaiuseks on koguni 65 kraadi, mis teeb lambist hea universaalvalgusti. Fenix PD40R sobib v\u00e4ga h\u00e4sti nii kodukasutusse, jahile, kergemateks otsinguteks kui ka igap\u00e4evaseks teenistuslambiks. Saadaval on neli valgustugevust vahemikus 30 ja 3000 luumenit.<\/p>\n<p>Lisafunktsioonidest leiab PD40R-lt aku laetustaseme indikatsiooni, aku laadimisindikatsiooni ning \u00fclekuumenemiskaitse. Lamp ise on valmistatud kvaliteetsest alumiiniumisulamist ning kaetud tugeva t\u00fc\u00fcp III anodeeritud pinnakattega. PD40R on maksimaalse kaitseklassiga IP68 2m ning testitud p\u00f5rutuskindlusega 1,5m kuuele k\u00fcljele. Lamp on tagaosal p\u00fcstiseisev (saab kasutada k\u00e4ed-vabad t\u00f6\u00f6valgustina) ning tuleb standardis koos taksuklambri, k\u00e4epaela ning vutlariga. Loomulikult kuuluvad komplekti veel ka 5000mAh mahutavusega 21700 Li-ion aku ning laadimiskaabel.<\/p>\n","protected":false},"featured_media":145040,"template":"","meta":{"_acf_changed":false},"product_brand":[],"product_cat":[1173],"product_tag":[],"class_list":{"0":"post-145777","1":"product","2":"type-product","3":"status-publish","4":"has-post-thumbnail","6":"product_cat-zibintuvelis","8":"first","9":"instock","10":"purchasable","11":"product-type-simple"},"acf":[],"_links":{"self":[{"href":"https:\/\/kingarms.ee\/lt\/wp-json\/wp\/v2\/product\/145777","targetHints":{"allow":["GET"]}}],"collection":[{"href":"https:\/\/kingarms.ee\/lt\/wp-json\/wp\/v2\/product"}],"about":[{"href":"https:\/\/kingarms.ee\/lt\/wp-json\/wp\/v2\/types\/product"}],"wp:featuredmedia":[{"embeddable":true,"href":"https:\/\/kingarms.ee\/lt\/wp-json\/wp\/v2\/media\/145040"}],"wp:attachment":[{"href":"https:\/\/kingarms.ee\/lt\/wp-json\/wp\/v2\/media?parent=145777"}],"wp:term":[{"taxonomy":"product_brand","embeddable":true,"href":"https:\/\/kingarms.ee\/lt\/wp-json\/wp\/v2\/product_brand?post=145777"},{"taxonomy":"product_cat","embeddable":true,"href":"https:\/\/kingarms.ee\/lt\/wp-json\/wp\/v2\/product_cat?post=145777"},{"taxonomy":"product_tag","embeddable":true,"href":"https:\/\/kingarms.ee\/lt\/wp-json\/wp\/v2\/product_tag?post=145777"}],"curies":[{"name":"wp","href":"https:\/\/api.w.org\/{rel}","templated":true}]}}