{"id":145929,"date":"2025-02-22T20:48:02","date_gmt":"2025-02-22T17:48:02","guid":{"rendered":"https:\/\/kingarms.ee\/product\/fenix-ld45r\/"},"modified":"2025-05-19T13:51:14","modified_gmt":"2025-05-19T10:51:14","slug":"fenix-ld45r","status":"publish","type":"product","link":"https:\/\/kingarms.ee\/lt\/product\/fenix-ld45r\/","title":{"rendered":"FENIX LD45R"},"content":{"rendered":"","protected":false},"excerpt":{"rendered":"<p>Fenix LD45R on \u00e4\u00e4rmiselt unikaalne taskulamp ning RedDot disainiauhinna v\u00f5itja t\u00e4nu innovatiivsele fokusseerimise (suumimise) tehnoloogiale. Tegemist on kolmanda ning kolmest kompaktseima seeriatootmises taskulambiga terves maailmas, millel on digitaalne suum ning mis on t\u00e4ielikult vee- ja ilmastikukindel (kaitseklass IP68, testitud 2m s\u00fcgavusel vees). See t\u00e4hendab seda, et erinevalt teistest tootmises olevatest mehaaniliselt suumitavatest taskulampidest, ei oma Fenix LD45R \u00fchtegi liikuvat osa ning seet\u00f5ttu ei teki lambis suumimisel ei ala- ega \u00fcler\u00f5hku, mis vett ja niiskust lampi imeks. Fokusseerimine on lihtne ja kiire, ei vaja kahte k\u00e4tt ning taskulambi konstruktsioonis puuduvad kergesti vigastatavad ja kulumisele altid kumerl\u00e4\u00e4tsed. Fokusseerimise funktsioon p\u00f5hineb f\u00fc\u00fcsikalisel difraktsiooni n\u00e4htusel, mis tekitatakse lambi sisse paigaldatud elektrooptilise l\u00e4\u00e4tse abil. Kui keeruline terminoloogia k\u00f5rvale j\u00e4tta, siis t\u00e4hendab see seda, et LED elemendist ettepoole vahetult karastatud peegeldusvastase v\u00e4\u00e4ristusega katteklaasi taha on paigaldatud spetsiaalne klaas (vedelkristall-difraktsiooni l\u00e4\u00e4ts). Kui l\u00e4\u00e4tse hakata juhtima elektrivoolu lambi toiteallikast, siis selles kihiti paiknevad vedelkristalli osakesed hakkavad valguslaineid painutama (tekib difraktsioon). See v\u00f5imaldabki tekitada sujuvalt reguleeritavat fokusseerimise efekti ilma \u00fchegi liikuva osata. Teine Fenix LD45R eriline, kuid premium-klassi taskulampide seas pisut enam levinud lahendus, on integreeritud OLED infoekraan. Infoekraanilt on lambi kasutamise ajal v\u00f5imalik reaalajas n\u00e4ha t\u00f6\u00f6re\u017eiimi v\u00e4\u00e4rtust koos maksimaalse luumenite arvuga, akus j\u00e4rele j\u00e4\u00e4nud laetustaset, laadimisel laadimisprotsessi kulgu protsentides ning valgusti olekuinfot (nt. kui lambi lukustusre\u017eiim on aktiveeritud).<\/p>\n<p>Fenix LD45R on kesksuuruses universaalne taskulamp, mis sobib sisuliselt igale elualale, kuid selle disaini eelised tulevad k\u00f5ige paremini esile looduses liikudes ja matkal olles. Digitaalselt fokusseeritava taskulambi maksimaalseks valgusj\u00f5uks on 2800 luumenit ning valgusvoo ulatuseks kuni 480 meetrit. Lambi t\u00f6\u00f6sse l\u00fclitamine ja fokusseerimine toimub l\u00e4bi mugava k\u00fclgl\u00fcliti. L\u00fclitile vajutades saate lambi t\u00f6\u00f6sse l\u00fclitada ja valgustugevusi vahetada. L\u00fcliti \u00fcmber asub r\u00f5ngas, mida s\u00f5rmega keerates saate valgusjoonist hajutada (v\u00e4lja suumida) v\u00f5i kontsentreerida (sisse suumida). Suumimine toimub sujuvalt ilma astmeteta. Fenix LD45R kasutab toiteallikana uue generatsiooni t\u00fc\u00fcp 21700 Li-ion akut. Tegemist on standardse vahetatava toiteallikaga. Aku on otselaetav l\u00e4bi lampi integreeritud USB-C laadimispesa. Nagu Fenix&#8217;i profiseeria lampidele omane, on laadimispesa sisemise veekindlusega. See t\u00e4hendab seda, et kui unustate laadimispesa tolmukatte lahti, siis juhuslik vesi ega niiskus lampi ei p\u00e4\u00e4se. Fenix LD45R korpus on tugevakonstruktsiooniline, valmistatud t\u00fc\u00fcp III anodeeringuga kvaliteetsest alumiiniumisulamist, on testitud p\u00f5rutuskindlusega ning on erinevalt k\u00f5igist teistest mehaanilise fokusseerimiss\u00fcsteemiga lampidest t\u00e4ieliku vee- ja ilmastikukindlusega (kaitseklass IP68). Fenix LD45R tarnitakse t\u00e4iskomplektina, kuhu kuulub lisaks lambile veel Fenix ARB-L21-5000mAh Li-ion aku, laadimiskaabel, kerge v\u00f6\u00f6vutlar, k\u00e4epael, tagavara r\u00f5ngastihend ja kasutusjuhend.<\/p>\n","protected":false},"featured_media":144974,"template":"","meta":{"_acf_changed":false},"product_brand":[],"product_cat":[1173],"product_tag":[],"class_list":{"0":"post-145929","1":"product","2":"type-product","3":"status-publish","4":"has-post-thumbnail","6":"product_cat-zibintuvelis","8":"first","9":"instock","10":"purchasable","11":"product-type-simple"},"acf":[],"_links":{"self":[{"href":"https:\/\/kingarms.ee\/lt\/wp-json\/wp\/v2\/product\/145929","targetHints":{"allow":["GET"]}}],"collection":[{"href":"https:\/\/kingarms.ee\/lt\/wp-json\/wp\/v2\/product"}],"about":[{"href":"https:\/\/kingarms.ee\/lt\/wp-json\/wp\/v2\/types\/product"}],"wp:featuredmedia":[{"embeddable":true,"href":"https:\/\/kingarms.ee\/lt\/wp-json\/wp\/v2\/media\/144974"}],"wp:attachment":[{"href":"https:\/\/kingarms.ee\/lt\/wp-json\/wp\/v2\/media?parent=145929"}],"wp:term":[{"taxonomy":"product_brand","embeddable":true,"href":"https:\/\/kingarms.ee\/lt\/wp-json\/wp\/v2\/product_brand?post=145929"},{"taxonomy":"product_cat","embeddable":true,"href":"https:\/\/kingarms.ee\/lt\/wp-json\/wp\/v2\/product_cat?post=145929"},{"taxonomy":"product_tag","embeddable":true,"href":"https:\/\/kingarms.ee\/lt\/wp-json\/wp\/v2\/product_tag?post=145929"}],"curies":[{"name":"wp","href":"https:\/\/api.w.org\/{rel}","templated":true}]}}