{"id":145974,"date":"2025-02-22T20:47:36","date_gmt":"2025-02-22T17:47:36","guid":{"rendered":"https:\/\/kingarms.ee\/product\/fenix-gl23r\/"},"modified":"2025-05-19T13:56:08","modified_gmt":"2025-05-19T10:56:08","slug":"fenix-gl23r","status":"publish","type":"product","link":"https:\/\/kingarms.ee\/lt\/product\/fenix-gl23r\/","title":{"rendered":"FENIX GL23R"},"content":{"rendered":"","protected":false},"excerpt":{"rendered":"<p>Fenix GL23R on kompaktne ja v\u00f5imekas p\u00fcstolilamp, mis on lisaks valgele valgusele varustatud ka rohelise laseriga (lasert\u00e4pp). Fenix GL23R maksimaalseks valgusj\u00f5uks on 1200 luumenit ja maksimaalseks valgusvoo ulatuseks kuni 240 meetrit. Saadaval on valge valguse re\u017eiim, punase laseri re\u017eiim ning kombineeritud re\u017eiim, kus on aktiivsed m\u00f5lemad valgusallikad. Lambi t\u00f6\u00f6sse l\u00fclitamine toimub lambi tagaossa relva p\u00e4\u00e4stiku suunas suunatud dubleeritud l\u00fclitite abil. Lampi on v\u00f5imalik l\u00fclitada nii konstantsele t\u00f6\u00f6le, kui kasutada seda vaid hetkeliseks valgustamiseks (lamp t\u00f6\u00f6tab vaid ajal, kui l\u00fclitit all hoiate). Et valgusti kasutamine oleks veelgi mugavam ning et see kohanduks paremini nii erinevate kasutajate kui relvadega, on selle l\u00fclitid vahetatavad. Komplektis on kaasas nii standardsuuruses l\u00fclitite paar, madala profiiliga l\u00fclitite paar kui pikendatud profiiliga l\u00fclitite paar. GL23R kinnitub relvale tugeva mehaanilise lukusti abil ning komplektis on kaasas paigaldusplaat, muutes lambi sobituvaks nii Picatinny kui Glock&#8217;i standardkinnitustega. Fenix GL23R korpus on valmistatud vastupidavast alumiiniumisulamist ja kaetud t\u00fc\u00fcp III anodeeringuga. Toiteallikana on kasutusel standardne suure koormustaluvusega t\u00fc\u00fcp 18350 Li-ion aku (Fenix ARB-L18-1100), millele Fenix on lisanud t\u00e4iendava kaitsemooduli \u00fclelaadimise, alat\u00fchjenemise, \u00fclekuumenemise, \u00fclepinge ja l\u00fchi\u00fchenduse vastu. Laadimiseks ei pea akut lambist eemaldama. Lamp omab otselaadimiseks standardset integreeritud USB-C laadimisporti. Fenix GL23R on testitud ilmastiku- ja veekindlusega lamp vastavalt kaitseklassile IP66.<\/p>\n<p>T\u00e4helepanu! Fenx GL23R sobitub enamike standardsuuruses p\u00fcstolitega, millel on Glock&#8217;i v\u00f5i MIL-STD-1913 (Picatinny) standardkinnitus. Fenix GL23R sobib vaid v\u00e4heste kompaktp\u00fcstolite nagu n\u00e4iteks Glock36\/Springfield DX standardkinnitustega. Fenix GL23R ei sobi kompaktp\u00fcstolitega, millel on l\u00fchike kinnitusrelss v\u00f5i millel \u00fcldse puudub kinnitusrelss. Fenix GL22 ei sobitu Sig Sauer, Taurus F&amp;N, CZ ja Smith&amp;Wesson kompaktmudelitega, millel on l\u00fchikene relss v\u00f5i millel relss puudub.<\/p>\n","protected":false},"featured_media":144806,"template":"","meta":{"_acf_changed":false},"product_brand":[],"product_cat":[1173],"product_tag":[],"class_list":{"0":"post-145974","1":"product","2":"type-product","3":"status-publish","4":"has-post-thumbnail","6":"product_cat-zibintuvelis","8":"first","9":"instock","10":"purchasable","11":"product-type-simple"},"acf":[],"_links":{"self":[{"href":"https:\/\/kingarms.ee\/lt\/wp-json\/wp\/v2\/product\/145974","targetHints":{"allow":["GET"]}}],"collection":[{"href":"https:\/\/kingarms.ee\/lt\/wp-json\/wp\/v2\/product"}],"about":[{"href":"https:\/\/kingarms.ee\/lt\/wp-json\/wp\/v2\/types\/product"}],"wp:featuredmedia":[{"embeddable":true,"href":"https:\/\/kingarms.ee\/lt\/wp-json\/wp\/v2\/media\/144806"}],"wp:attachment":[{"href":"https:\/\/kingarms.ee\/lt\/wp-json\/wp\/v2\/media?parent=145974"}],"wp:term":[{"taxonomy":"product_brand","embeddable":true,"href":"https:\/\/kingarms.ee\/lt\/wp-json\/wp\/v2\/product_brand?post=145974"},{"taxonomy":"product_cat","embeddable":true,"href":"https:\/\/kingarms.ee\/lt\/wp-json\/wp\/v2\/product_cat?post=145974"},{"taxonomy":"product_tag","embeddable":true,"href":"https:\/\/kingarms.ee\/lt\/wp-json\/wp\/v2\/product_tag?post=145974"}],"curies":[{"name":"wp","href":"https:\/\/api.w.org\/{rel}","templated":true}]}}