{"id":146055,"date":"2025-02-22T20:47:36","date_gmt":"2025-02-22T17:47:36","guid":{"rendered":"https:\/\/kingarms.ee\/product\/fenix-hm71r\/"},"modified":"2025-05-19T14:06:04","modified_gmt":"2025-05-19T11:06:04","slug":"fenix-hm71r","status":"publish","type":"product","link":"https:\/\/kingarms.ee\/lt\/product\/fenix-hm71r\/","title":{"rendered":"FENIX HM71R"},"content":{"rendered":"","protected":false},"excerpt":{"rendered":"<p>Fenix HM71R on suur ja t\u00f5sine professionaalne otselaetav multilamp. Lampi saab kasutada pealambina kombineerituna kaasasoleva peapaelaga; taskulambina, eemaldades selle peapaelalt; k\u00e4ed vabad t\u00f6\u00f6valgustina, kinnitades lambi magnetit sisaldava tagaosaga mistahes ferromagnetilistele pindadele. Lisaks on HM71R komplektis oleva taskuklambriga kergelt kinnitatav riietusele, taskute k\u00fclge, seljakoti rakmetele ning mujale, kus seda parasjagu vaja on. Fenix HM71R maksimaalne valgusj\u00f5ud on 2700 luumenit ning maksimaalne valguvoo ulatus on kuni 230 meetrit. Lambil on kaks eraldiseisvat optikat &#8211; k\u00fclmema valgustemperatuuriga p\u00f5hivalgusele ning neutraalse valge valguse ja hajutatud joonisega sekundaarvalgusele. Valge p\u00f5hivalguse re\u017eiimis on saadaval kokku neli valgustugevust vahemikus 50-2700 luumenit ning sekundaarses neutraalse valge valguse re\u017eiimis neli valgustugevust vahemikus 5-500 luumenit. Valgusjoonis on multilambile omaselt lai ning \u00fchtlane. P\u00f5hivalguse re\u017eiimis kergelt kontsentreeritud valgusosaga, neutraalse valguse re\u017eiimis \u00fchtlaselt hajus. Toiteallikaks on uue generatsiooni suur t\u00fc\u00fcp 21700 Li-ion aku. Aku on vahetatav. Standardkomplektis tuleb kaasa 5000mAh aku, mis tagab lambile maksimaalseks t\u00f6\u00f6ajaks 5lm re\u017eiimil kuni 400 t\u00f6\u00f6tundi (16 \u00f6\u00f6p\u00e4eva) laadimiste vahel. HM71R on USB-C otselaetav l\u00e4bi lambi pea tagaossa integreeritud laadimispesa. Laadimisalgoritm v\u00f5imaldab lampi laadida kuni 2A laadimisvooluga. Lambi korpus on valmistatud anodeeritud alumiiniumisulamist, omab k\u00f5rgeimat kaitseklassi IP68 2m (t\u00e4ielikult vee- ja ilmastikukindel) ning on testitud p\u00f5rutuskindlusega kuni 2 meetrit. Lisaks on Fenix HM71R varustatud digitaalselt reguleeritud toites\u00fcsteemiga konstantse valgustugevuse hoidmiseks, v\u00e4ga suure ja kergesti leitava toite- ja re\u017eiimil\u00fclitiga, kiirvabastuss\u00fcsteemiga peapaela hoidikust, laadimisindikatsiooniga, aku laetustaseme indikatsiooniga ja lambi t\u00f6\u00f6temperatuuri j\u00e4lgiva kaitses\u00fcsteemiga. Tarnitakse t\u00e4iskomplektina, kuhu kuuluvad lisaks valgustile peapaela komplekt, 5000mAh mahutavusega t\u00fc\u00fcp 21700 Li-ion aku, laadimiskaabel, tagavara r\u00f5ngastihend ja eestikeelne kasutusjuhend.<\/p>\n","protected":false},"featured_media":144896,"template":"","meta":{"_acf_changed":false},"product_brand":[],"product_cat":[1173],"product_tag":[],"class_list":{"0":"post-146055","1":"product","2":"type-product","3":"status-publish","4":"has-post-thumbnail","6":"product_cat-zibintuvelis","8":"first","9":"instock","10":"purchasable","11":"product-type-simple"},"acf":[],"_links":{"self":[{"href":"https:\/\/kingarms.ee\/lt\/wp-json\/wp\/v2\/product\/146055","targetHints":{"allow":["GET"]}}],"collection":[{"href":"https:\/\/kingarms.ee\/lt\/wp-json\/wp\/v2\/product"}],"about":[{"href":"https:\/\/kingarms.ee\/lt\/wp-json\/wp\/v2\/types\/product"}],"wp:featuredmedia":[{"embeddable":true,"href":"https:\/\/kingarms.ee\/lt\/wp-json\/wp\/v2\/media\/144896"}],"wp:attachment":[{"href":"https:\/\/kingarms.ee\/lt\/wp-json\/wp\/v2\/media?parent=146055"}],"wp:term":[{"taxonomy":"product_brand","embeddable":true,"href":"https:\/\/kingarms.ee\/lt\/wp-json\/wp\/v2\/product_brand?post=146055"},{"taxonomy":"product_cat","embeddable":true,"href":"https:\/\/kingarms.ee\/lt\/wp-json\/wp\/v2\/product_cat?post=146055"},{"taxonomy":"product_tag","embeddable":true,"href":"https:\/\/kingarms.ee\/lt\/wp-json\/wp\/v2\/product_tag?post=146055"}],"curies":[{"name":"wp","href":"https:\/\/api.w.org\/{rel}","templated":true}]}}