{"id":146212,"date":"2025-02-22T20:46:55","date_gmt":"2025-02-22T17:46:55","guid":{"rendered":"https:\/\/kingarms.ee\/product\/fenix-are-d1-lcd-akupanga-funktsiooniga-akulaadija\/"},"modified":"2025-05-19T14:44:01","modified_gmt":"2025-05-19T11:44:01","slug":"fenix-are-d1-lcd-akupanga-funktsiooniga-akulaadija","status":"publish","type":"product","link":"https:\/\/kingarms.ee\/lt\/product\/fenix-are-d1-lcd-akupanga-funktsiooniga-akulaadija\/","title":{"rendered":"FENIX ARE-D1 (LCD) AKUPANGA FUNKTSIOONIGA AKULAADIJA"},"content":{"rendered":"<p>FENIX ARE-D1 (LCD) AKUPANGA FUNKTSIOONIGA AKULAADIJA<\/p>\n","protected":false},"excerpt":{"rendered":"<p>Fenix ARE-D1 on \u00fche laadimispesa ja LCD infoekraaniga automaatne (tark) akulaadija, mis sobib enimlevinud silindriliste Li-ion, NiMH ja NiCd akude laadimiseks. Lisaks t\u00f6\u00f6tab Fenix ARE-D1 ka akupangana. Tegemist on laadijaga, mis t\u00f6\u00f6tab micro-USB toitel, omab USB-A v\u00e4ljundit ning on ette n\u00e4htud siseruumides kasutamiseks. Laadimisprotsessi k\u00e4igus kuvatakse LCD ekraanil laetava aku t\u00fc\u00fcp, laetustase (diagrammina) ning valikuliselt laadimivoolu tugevus, laadimisaeg ning aku pinge. Lisaks on v\u00f5imalus k\u00e4sitsi valida laadimisvoolu tugevust. Akupangana t\u00f6\u00f6tades kuvatakse ekraanil ka mahalaadimisinfo. Toetatud on 10440, 14500, 16340, 18650, 21700 ja 26650 Li-ion akud ning AA, AAA ja C m\u00f5\u00f5dus NiMh\/NiCd akud. Laadija on varustatud l\u00fchisekaitsega, \u00fclevoolukaitsega, \u00fclepingekaitsega ning p\u00f6\u00f6rdpolaarsuskaitsega.<\/p>\n","protected":false},"featured_media":144620,"template":"","meta":{"_acf_changed":false},"product_brand":[],"product_cat":[1173],"product_tag":[],"class_list":{"0":"post-146212","1":"product","2":"type-product","3":"status-publish","4":"has-post-thumbnail","6":"product_cat-zibintuvelis","8":"first","9":"instock","10":"purchasable","11":"product-type-simple"},"acf":[],"_links":{"self":[{"href":"https:\/\/kingarms.ee\/lt\/wp-json\/wp\/v2\/product\/146212","targetHints":{"allow":["GET"]}}],"collection":[{"href":"https:\/\/kingarms.ee\/lt\/wp-json\/wp\/v2\/product"}],"about":[{"href":"https:\/\/kingarms.ee\/lt\/wp-json\/wp\/v2\/types\/product"}],"wp:featuredmedia":[{"embeddable":true,"href":"https:\/\/kingarms.ee\/lt\/wp-json\/wp\/v2\/media\/144620"}],"wp:attachment":[{"href":"https:\/\/kingarms.ee\/lt\/wp-json\/wp\/v2\/media?parent=146212"}],"wp:term":[{"taxonomy":"product_brand","embeddable":true,"href":"https:\/\/kingarms.ee\/lt\/wp-json\/wp\/v2\/product_brand?post=146212"},{"taxonomy":"product_cat","embeddable":true,"href":"https:\/\/kingarms.ee\/lt\/wp-json\/wp\/v2\/product_cat?post=146212"},{"taxonomy":"product_tag","embeddable":true,"href":"https:\/\/kingarms.ee\/lt\/wp-json\/wp\/v2\/product_tag?post=146212"}],"curies":[{"name":"wp","href":"https:\/\/api.w.org\/{rel}","templated":true}]}}