{"id":146304,"date":"2025-02-22T20:46:29","date_gmt":"2025-02-22T17:46:29","guid":{"rendered":"https:\/\/kingarms.ee\/product\/fenix-aof-s-valgusfilter-254mm-peaga-taskulampidele\/"},"modified":"2025-05-19T15:22:45","modified_gmt":"2025-05-19T12:22:45","slug":"fenix-aof-s-valgusfilter-254mm-peaga-taskulampidele","status":"publish","type":"product","link":"https:\/\/kingarms.ee\/lt\/product\/fenix-aof-s-valgusfilter-254mm-peaga-taskulampidele\/","title":{"rendered":"FENIX AOF-S+ VALGUSFILTER 25.4MM PEAGA TASKULAMPIDELE"},"content":{"rendered":"<p>FENIX AOF-S+ VALGUSFILTER 25.4MM PEAGA TASKULAMPIDELE<\/p>\n","protected":false},"excerpt":{"rendered":"<p>Fenix AOF-S+ v\u00e4rvifiltrid (sinine, punane, roheline) on ette n\u00e4htud kasutamiseks 25,4mm pea l\u00e4bim\u00f5\u00f5duga Fenix lampidega ning ka teiste tootjate sama pea diameetrit omavate taskulampidega.<\/p>\n<p>Filtrid on varustatud karastatud peegeldusvastase v\u00e4\u00e4ristusega klaasiga. Filtri korpus on valmistatud heade mehaaniliste ja vananemisvastaste omadustega PC 2805 plastikust. Lihtne lambile paigaldada ja lihtne eemaldada.<\/p>\n<p>Filtreid m\u00fc\u00fcakse t\u00fckikaupa. Soovitud v\u00e4rvitooni saate valida rippmen\u00fc\u00fcst &#8222;V\u00e4rvus&#8221;.<\/p>\n","protected":false},"featured_media":144464,"template":"","meta":{"_acf_changed":false},"product_brand":[],"product_cat":[1173],"product_tag":[],"class_list":{"0":"post-146304","1":"product","2":"type-product","3":"status-publish","4":"has-post-thumbnail","6":"product_cat-zibintuvelis","8":"first","9":"instock","10":"purchasable","11":"product-type-simple"},"acf":[],"_links":{"self":[{"href":"https:\/\/kingarms.ee\/lt\/wp-json\/wp\/v2\/product\/146304","targetHints":{"allow":["GET"]}}],"collection":[{"href":"https:\/\/kingarms.ee\/lt\/wp-json\/wp\/v2\/product"}],"about":[{"href":"https:\/\/kingarms.ee\/lt\/wp-json\/wp\/v2\/types\/product"}],"wp:featuredmedia":[{"embeddable":true,"href":"https:\/\/kingarms.ee\/lt\/wp-json\/wp\/v2\/media\/144464"}],"wp:attachment":[{"href":"https:\/\/kingarms.ee\/lt\/wp-json\/wp\/v2\/media?parent=146304"}],"wp:term":[{"taxonomy":"product_brand","embeddable":true,"href":"https:\/\/kingarms.ee\/lt\/wp-json\/wp\/v2\/product_brand?post=146304"},{"taxonomy":"product_cat","embeddable":true,"href":"https:\/\/kingarms.ee\/lt\/wp-json\/wp\/v2\/product_cat?post=146304"},{"taxonomy":"product_tag","embeddable":true,"href":"https:\/\/kingarms.ee\/lt\/wp-json\/wp\/v2\/product_tag?post=146304"}],"curies":[{"name":"wp","href":"https:\/\/api.w.org\/{rel}","templated":true}]}}