{"id":146309,"date":"2025-02-22T20:46:29","date_gmt":"2025-02-22T17:46:29","guid":{"rendered":"https:\/\/kingarms.ee\/product\/fenix-aot-02-reguleerija-sau-40mm-peaga-taskulampidele\/"},"modified":"2025-05-19T15:22:58","modified_gmt":"2025-05-19T12:22:58","slug":"fenix-aot-02-reguleerija-sau-40mm-peaga-taskulampidele","status":"publish","type":"product","link":"https:\/\/kingarms.ee\/lt\/product\/fenix-aot-02-reguleerija-sau-40mm-peaga-taskulampidele\/","title":{"rendered":"FENIX AOT-02 REGULEERIJA SAU 40MM PEAGA TASKULAMPIDELE"},"content":{"rendered":"","protected":false},"excerpt":{"rendered":"<p>Fenix AOT-02 sau on ette n\u00e4htud pimedas m\u00e4rguannete andmiseks. Valmistatud kvaliteetsest temperatuuri- ja p\u00f5rutuskindlast plastikust. Kuna sau on valmistatud valgest plastikust, sobib see eriti h\u00e4sti kasutamiseks lampidega, millel on lisaks valgele valgusele ka punane ja roheline sekundaarvalgus (nt. Fenix TK26R). See lihtsustab suurepinnaliste valgussignaalide andmist, kusjuures valgusv\u00e4rvuse vahetamine on k\u00f5igest nupuvajutuse kaugusel.<\/p>\n<p>Sobib Fenix (ja ka teiste tootjate) taskulampidele, mille pea diameeter on 40mm.<\/p>\n","protected":false},"featured_media":144476,"template":"","meta":{"_acf_changed":false},"product_brand":[],"product_cat":[1173],"product_tag":[],"class_list":{"0":"post-146309","1":"product","2":"type-product","3":"status-publish","4":"has-post-thumbnail","6":"product_cat-zibintuvelis","8":"first","9":"instock","10":"purchasable","11":"product-type-simple"},"acf":[],"_links":{"self":[{"href":"https:\/\/kingarms.ee\/lt\/wp-json\/wp\/v2\/product\/146309","targetHints":{"allow":["GET"]}}],"collection":[{"href":"https:\/\/kingarms.ee\/lt\/wp-json\/wp\/v2\/product"}],"about":[{"href":"https:\/\/kingarms.ee\/lt\/wp-json\/wp\/v2\/types\/product"}],"wp:featuredmedia":[{"embeddable":true,"href":"https:\/\/kingarms.ee\/lt\/wp-json\/wp\/v2\/media\/144476"}],"wp:attachment":[{"href":"https:\/\/kingarms.ee\/lt\/wp-json\/wp\/v2\/media?parent=146309"}],"wp:term":[{"taxonomy":"product_brand","embeddable":true,"href":"https:\/\/kingarms.ee\/lt\/wp-json\/wp\/v2\/product_brand?post=146309"},{"taxonomy":"product_cat","embeddable":true,"href":"https:\/\/kingarms.ee\/lt\/wp-json\/wp\/v2\/product_cat?post=146309"},{"taxonomy":"product_tag","embeddable":true,"href":"https:\/\/kingarms.ee\/lt\/wp-json\/wp\/v2\/product_tag?post=146309"}],"curies":[{"name":"wp","href":"https:\/\/api.w.org\/{rel}","templated":true}]}}