{"id":146369,"date":"2025-02-22T20:46:29","date_gmt":"2025-02-22T17:46:29","guid":{"rendered":"https:\/\/kingarms.ee\/product\/fenix-arb-l18-3400u-li-ion-aku-mikro-usb-otselaadimispordiga\/"},"modified":"2025-06-20T11:18:14","modified_gmt":"2025-06-20T08:18:14","slug":"fenix-arb-l18-3400u-li-ion-aku-mikro-usb-otselaadimispordiga","status":"publish","type":"product","link":"https:\/\/kingarms.ee\/lt\/product\/fenix-arb-l18-3400u-li-ion-aku-mikro-usb-otselaadimispordiga\/","title":{"rendered":"FENIX ARB-L18-3400U LI-ION AKU (MIKRO-USB OTSELAADIMISPORDIGA)"},"content":{"rendered":"","protected":false},"excerpt":{"rendered":"<p>FENIX ARB-L18-3400U LI-ION AKU (MIKRO-USB OTSELAADIMISPORDIGA)<\/p>\n<p>Kvaliteetne micro-USB laadimispordiga t\u00fc\u00fcp 18650 liitium-ioonaku. Kaitsemehhanism tagab, et aku ei kuumeneks ega laeks \u00fcle. Iset\u00fchjenemine on viidud miinimumini, eluiga \u00fcle 500 laadimists\u00fckli. Testitud nii k\u00fclmades, kui kuumades keskkonnatingimustes. Pidev maksimaalne koormustaluvus 5A.<\/p>\n<p>Sobib universaalseks kasutamiseks taskulampides, mis kasutavad standardset terava &#8220;+&#8221; kontaktiga t\u00fc\u00fcp 18650 liitium-ioonakut ning millesse mahub aku pikkusega 70mm.<\/p>\n<p>Fenix tootekood: ARB-L18-3400U<\/p>\n","protected":false},"featured_media":144560,"template":"","meta":{"_acf_changed":false},"product_brand":[],"product_cat":[1173],"product_tag":[],"class_list":{"0":"post-146369","1":"product","2":"type-product","3":"status-publish","4":"has-post-thumbnail","6":"product_cat-zibintuvelis","8":"first","9":"instock","10":"purchasable","11":"product-type-simple"},"acf":[],"_links":{"self":[{"href":"https:\/\/kingarms.ee\/lt\/wp-json\/wp\/v2\/product\/146369","targetHints":{"allow":["GET"]}}],"collection":[{"href":"https:\/\/kingarms.ee\/lt\/wp-json\/wp\/v2\/product"}],"about":[{"href":"https:\/\/kingarms.ee\/lt\/wp-json\/wp\/v2\/types\/product"}],"wp:featuredmedia":[{"embeddable":true,"href":"https:\/\/kingarms.ee\/lt\/wp-json\/wp\/v2\/media\/144560"}],"wp:attachment":[{"href":"https:\/\/kingarms.ee\/lt\/wp-json\/wp\/v2\/media?parent=146369"}],"wp:term":[{"taxonomy":"product_brand","embeddable":true,"href":"https:\/\/kingarms.ee\/lt\/wp-json\/wp\/v2\/product_brand?post=146369"},{"taxonomy":"product_cat","embeddable":true,"href":"https:\/\/kingarms.ee\/lt\/wp-json\/wp\/v2\/product_cat?post=146369"},{"taxonomy":"product_tag","embeddable":true,"href":"https:\/\/kingarms.ee\/lt\/wp-json\/wp\/v2\/product_tag?post=146369"}],"curies":[{"name":"wp","href":"https:\/\/api.w.org\/{rel}","templated":true}]}}