{"id":146399,"date":"2025-02-22T20:46:04","date_gmt":"2025-02-22T17:46:04","guid":{"rendered":"https:\/\/kingarms.ee\/product\/fenix-aer-03-v2-0-distantsluliti\/"},"modified":"2025-05-19T14:45:01","modified_gmt":"2025-05-19T11:45:01","slug":"fenix-aer-03-v2-0-distantsluliti","status":"publish","type":"product","link":"https:\/\/kingarms.ee\/lt\/product\/fenix-aer-03-v2-0-distantsluliti\/","title":{"rendered":"FENIX AER-03 V2.0 DISTANTSL\u00dcLITI"},"content":{"rendered":"","protected":false},"excerpt":{"rendered":"<p>Distantsl\u00fcliti Fenix&#8217;i taktikalistele taskulampidele. L\u00fclitil on kaks nuppu, mis v\u00f5imaldavad lambiga hetkeliselt valgustada, lampi pidevasse t\u00f6\u00f6sse l\u00fclitada ning lambi valgustugevusi valida (funktsioonid v\u00f5ivad lambiti pisut erineda). L\u00fcliti konstruktsioon on t\u00e4ielikult vee- ja ilmastikukindel, opereerimine on h\u00e4\u00e4letu. Distantsl\u00fcliti maksimaalseks kogupikkuseks on 40cm.<\/p>\n<p>Sobib j\u00e4rgmistele Fenix taskulampidele:<\/p>\n<p>TK32 (2015 ja 2016), TK26R, TK25 k\u00f5ik versioonid, TK20R, TK16<\/p>\n<p>Kui teil tekib k\u00fcsimusi distantsl\u00fcliti sobivuse kohta, siis v\u00f5tke \u00fchendust Taskulambid.eu klienditoega.<\/p>\n","protected":false},"featured_media":144326,"template":"","meta":{"_acf_changed":false},"product_brand":[],"product_cat":[1173],"product_tag":[],"class_list":{"0":"post-146399","1":"product","2":"type-product","3":"status-publish","4":"has-post-thumbnail","6":"product_cat-zibintuvelis","8":"first","9":"instock","10":"purchasable","11":"product-type-simple"},"acf":[],"_links":{"self":[{"href":"https:\/\/kingarms.ee\/lt\/wp-json\/wp\/v2\/product\/146399","targetHints":{"allow":["GET"]}}],"collection":[{"href":"https:\/\/kingarms.ee\/lt\/wp-json\/wp\/v2\/product"}],"about":[{"href":"https:\/\/kingarms.ee\/lt\/wp-json\/wp\/v2\/types\/product"}],"wp:featuredmedia":[{"embeddable":true,"href":"https:\/\/kingarms.ee\/lt\/wp-json\/wp\/v2\/media\/144326"}],"wp:attachment":[{"href":"https:\/\/kingarms.ee\/lt\/wp-json\/wp\/v2\/media?parent=146399"}],"wp:term":[{"taxonomy":"product_brand","embeddable":true,"href":"https:\/\/kingarms.ee\/lt\/wp-json\/wp\/v2\/product_brand?post=146399"},{"taxonomy":"product_cat","embeddable":true,"href":"https:\/\/kingarms.ee\/lt\/wp-json\/wp\/v2\/product_cat?post=146399"},{"taxonomy":"product_tag","embeddable":true,"href":"https:\/\/kingarms.ee\/lt\/wp-json\/wp\/v2\/product_tag?post=146399"}],"curies":[{"name":"wp","href":"https:\/\/api.w.org\/{rel}","templated":true}]}}