{"id":146415,"date":"2025-02-22T20:46:04","date_gmt":"2025-02-22T17:46:04","guid":{"rendered":"https:\/\/kingarms.ee\/product\/fenix-afh-02-pealampide-peapael\/"},"modified":"2025-05-19T14:46:31","modified_gmt":"2025-05-19T11:46:31","slug":"fenix-afh-02-pealampide-peapael","status":"publish","type":"product","link":"https:\/\/kingarms.ee\/lt\/product\/fenix-afh-02-pealampide-peapael\/","title":{"rendered":"FENIX AFH-02 PEALAMPIDE PEAPAEL"},"content":{"rendered":"","protected":false},"excerpt":{"rendered":"<p>Tumedates toonides tagavara peapaela komplekt Fenix pealampidele. V\u00e4rvuseks must + tumehall kombinatsioon. Ei oma helkurelemente, sobib h\u00e4sti kasutamiseks militaarvaldkonnas. Valmistatud Fenix peapaeladele omasest perforeeritud ning h\u00e4sti hingavast materjalist.<\/p>\n<p>Komplekti kuulub \u00fcmber-pea pael ning \u00fcle-pea pael.<\/p>\n<p>Sobitub k\u00f5igi Fenix pealampidega v.a HL32R-T, HL40R, HM65R(D)-T. Sobitub ka mitmete teiste tootjate pealampidega (k\u00fcsige sobivuse kohta eraldi).<\/p>\n","protected":false},"featured_media":144350,"template":"","meta":{"_acf_changed":false},"product_brand":[],"product_cat":[1173],"product_tag":[],"class_list":{"0":"post-146415","1":"product","2":"type-product","3":"status-publish","4":"has-post-thumbnail","6":"product_cat-zibintuvelis","8":"first","9":"instock","10":"purchasable","11":"product-type-simple"},"acf":[],"_links":{"self":[{"href":"https:\/\/kingarms.ee\/lt\/wp-json\/wp\/v2\/product\/146415","targetHints":{"allow":["GET"]}}],"collection":[{"href":"https:\/\/kingarms.ee\/lt\/wp-json\/wp\/v2\/product"}],"about":[{"href":"https:\/\/kingarms.ee\/lt\/wp-json\/wp\/v2\/types\/product"}],"wp:featuredmedia":[{"embeddable":true,"href":"https:\/\/kingarms.ee\/lt\/wp-json\/wp\/v2\/media\/144350"}],"wp:attachment":[{"href":"https:\/\/kingarms.ee\/lt\/wp-json\/wp\/v2\/media?parent=146415"}],"wp:term":[{"taxonomy":"product_brand","embeddable":true,"href":"https:\/\/kingarms.ee\/lt\/wp-json\/wp\/v2\/product_brand?post=146415"},{"taxonomy":"product_cat","embeddable":true,"href":"https:\/\/kingarms.ee\/lt\/wp-json\/wp\/v2\/product_cat?post=146415"},{"taxonomy":"product_tag","embeddable":true,"href":"https:\/\/kingarms.ee\/lt\/wp-json\/wp\/v2\/product_tag?post=146415"}],"curies":[{"name":"wp","href":"https:\/\/api.w.org\/{rel}","templated":true}]}}