{"id":146430,"date":"2025-02-22T20:46:04","date_gmt":"2025-02-22T17:46:04","guid":{"rendered":"https:\/\/kingarms.ee\/product\/fenix-alb-10-jalgratta-kiirkinnitus-taskulampidele\/"},"modified":"2025-05-19T14:47:56","modified_gmt":"2025-05-19T11:47:56","slug":"fenix-alb-10-jalgratta-kiirkinnitus-taskulampidele","status":"publish","type":"product","link":"https:\/\/kingarms.ee\/lt\/product\/fenix-alb-10-jalgratta-kiirkinnitus-taskulampidele\/","title":{"rendered":"FENIX ALB-10 JALGRATTA KIIRKINNITUS TASKULAMPIDELE"},"content":{"rendered":"","protected":false},"excerpt":{"rendered":"<p>Fenix ALB-10 on universaalne kiirvabastusega jalgrattakinnitus erinevatele taskulampidele. Kinnituse \u00fclemine osa sobitub \u00fcmarguste, 18-26mm l\u00e4bim\u00f5\u00f5duga, taskulampidega. Jalgrattakinnituse alumine osa kinnitatakse jalgratta juhtrauale l\u00e4bim\u00f5\u00f5duga 22-35mm. \u00dclemine osa koos lambiga on juhtraua alumiselt osalt vabastatav paari sekundiga (vajutades vabastusp\u00e4\u00e4stikule ning libistades \u00fclemise osa maha). Kinnitatud taskulampi saab liigutada juhtraua suhtes \u00fcles-alla ning kokku 30 kraadi ulatuses paremale-vasakule. Kinnituse sisepinnad on kaetud libisemiskindla materjaliga, mis kaitsevad nii lambi korpust, kui jalgratta juhtrauda.<\/p>\n","protected":false},"featured_media":144368,"template":"","meta":{"_acf_changed":false},"product_brand":[],"product_cat":[1173],"product_tag":[],"class_list":{"0":"post-146430","1":"product","2":"type-product","3":"status-publish","4":"has-post-thumbnail","6":"product_cat-zibintuvelis","8":"first","9":"instock","10":"purchasable","11":"product-type-simple"},"acf":[],"_links":{"self":[{"href":"https:\/\/kingarms.ee\/lt\/wp-json\/wp\/v2\/product\/146430","targetHints":{"allow":["GET"]}}],"collection":[{"href":"https:\/\/kingarms.ee\/lt\/wp-json\/wp\/v2\/product"}],"about":[{"href":"https:\/\/kingarms.ee\/lt\/wp-json\/wp\/v2\/types\/product"}],"wp:featuredmedia":[{"embeddable":true,"href":"https:\/\/kingarms.ee\/lt\/wp-json\/wp\/v2\/media\/144368"}],"wp:attachment":[{"href":"https:\/\/kingarms.ee\/lt\/wp-json\/wp\/v2\/media?parent=146430"}],"wp:term":[{"taxonomy":"product_brand","embeddable":true,"href":"https:\/\/kingarms.ee\/lt\/wp-json\/wp\/v2\/product_brand?post=146430"},{"taxonomy":"product_cat","embeddable":true,"href":"https:\/\/kingarms.ee\/lt\/wp-json\/wp\/v2\/product_cat?post=146430"},{"taxonomy":"product_tag","embeddable":true,"href":"https:\/\/kingarms.ee\/lt\/wp-json\/wp\/v2\/product_tag?post=146430"}],"curies":[{"name":"wp","href":"https:\/\/api.w.org\/{rel}","templated":true}]}}