{"id":146440,"date":"2025-02-22T20:46:04","date_gmt":"2025-02-22T17:46:04","guid":{"rendered":"https:\/\/kingarms.ee\/product\/fenix-ald-08-kiivrikinnitus-fenix-jalgrattalampidele\/"},"modified":"2025-05-19T14:48:51","modified_gmt":"2025-05-19T11:48:51","slug":"fenix-ald-08-kiivrikinnitus-fenix-jalgrattalampidele","status":"publish","type":"product","link":"https:\/\/kingarms.ee\/lt\/product\/fenix-ald-08-kiivrikinnitus-fenix-jalgrattalampidele\/","title":{"rendered":"FENIX ALD-08 KIIVRIKINNITUS FENIX JALGRATTALAMPIDELE"},"content":{"rendered":"","protected":false},"excerpt":{"rendered":"<p>Fenix ALD-08 on universaalne kiirvabastusega kinnitus Fenix jalgrattalampide kinnitamiseks jalgratturi kiivritele. Kinnitus kinnitatakse kiivrile plastikust kaablisidemetega. Jalgrattalamp l\u00fckatakse kinnituse soonde, kus see fikseerub. Vabastamiseks tuleb vajutada kinnituse vabastusp\u00e4\u00e4stikut ning lamp vastupidises suunas kinnitusest v\u00e4lja t\u00f5mmata.<\/p>\n<p>Sobitub j\u00e4rgmiste Fenix jalgrattalampidega: BC21R V2.0, BC25R, BC26R, BC30, BC30R, BC30 V2.0, BC35R<\/p>\n","protected":false},"featured_media":144380,"template":"","meta":{"_acf_changed":false},"product_brand":[],"product_cat":[1173],"product_tag":[],"class_list":{"0":"post-146440","1":"product","2":"type-product","3":"status-publish","4":"has-post-thumbnail","6":"product_cat-zibintuvelis","8":"first","9":"instock","10":"purchasable","11":"product-type-simple"},"acf":[],"_links":{"self":[{"href":"https:\/\/kingarms.ee\/lt\/wp-json\/wp\/v2\/product\/146440","targetHints":{"allow":["GET"]}}],"collection":[{"href":"https:\/\/kingarms.ee\/lt\/wp-json\/wp\/v2\/product"}],"about":[{"href":"https:\/\/kingarms.ee\/lt\/wp-json\/wp\/v2\/types\/product"}],"wp:featuredmedia":[{"embeddable":true,"href":"https:\/\/kingarms.ee\/lt\/wp-json\/wp\/v2\/media\/144380"}],"wp:attachment":[{"href":"https:\/\/kingarms.ee\/lt\/wp-json\/wp\/v2\/media?parent=146440"}],"wp:term":[{"taxonomy":"product_brand","embeddable":true,"href":"https:\/\/kingarms.ee\/lt\/wp-json\/wp\/v2\/product_brand?post=146440"},{"taxonomy":"product_cat","embeddable":true,"href":"https:\/\/kingarms.ee\/lt\/wp-json\/wp\/v2\/product_cat?post=146440"},{"taxonomy":"product_tag","embeddable":true,"href":"https:\/\/kingarms.ee\/lt\/wp-json\/wp\/v2\/product_tag?post=146440"}],"curies":[{"name":"wp","href":"https:\/\/api.w.org\/{rel}","templated":true}]}}