{"id":146445,"date":"2025-02-22T20:46:04","date_gmt":"2025-02-22T17:46:04","guid":{"rendered":"https:\/\/kingarms.ee\/product\/fenix-ald-10-gopro-liitega-fenix-jalgrattalampide-kiirkinnitus\/"},"modified":"2025-05-19T14:49:18","modified_gmt":"2025-05-19T11:49:18","slug":"fenix-ald-10-gopro-liitega-fenix-jalgrattalampide-kiirkinnitus","status":"publish","type":"product","link":"https:\/\/kingarms.ee\/lt\/product\/fenix-ald-10-gopro-liitega-fenix-jalgrattalampide-kiirkinnitus\/","title":{"rendered":"FENIX ALD-10 GOPRO LIITEGA FENIX JALGRATTALAMPIDE KIIRKINNITUS"},"content":{"rendered":"","protected":false},"excerpt":{"rendered":"<p>Fenix ALD-10 on universaalne kiirvabastusega jalgrattakinnitus erinevatele Fenix jalgrattalampidele. Erinevalt teistest Fenix jalgrattakinnitusest, mis kinnitatakse jalgratta juhtrauale, kinnitub Fenix ALD-10 teie olemasolevasse GoPro seadme standardsesse liidesesse (liides ise ei ole ostuga kaasas). Iga Fenix jalgrattalamp on antud kinnituselt vabastatav paari sekundiga (vajutades vabastusp\u00e4\u00e4stikule ning libistades lambi osa maha). Lisaks GoPro kinnitusele tuleb komplektis kaasa ka vahet\u00fckk, mille abil saab distantsi GoPro liidese ning lambi vahel pikendada. See v\u00f5ib osutuda vajalikuks tulenevalt jalgratta juhtraua ehituse spetsiifikast v\u00f5i olukordades, kus juhtrauale on lisatud t\u00e4iendavaid seadmeid. Fenix ALD-10 on valmistatud vastupidavast elastsest plastikust, mis v\u00e4hendab nii vibratsiooni lambile kui purunemise riski.<\/p>\n<p>Sobivus: k\u00f5ik Fenix jalgrattalambid (v.a tagatuled)<\/p>\n","protected":false},"featured_media":144386,"template":"","meta":{"_acf_changed":false},"product_brand":[],"product_cat":[1173],"product_tag":[],"class_list":{"0":"post-146445","1":"product","2":"type-product","3":"status-publish","4":"has-post-thumbnail","6":"product_cat-zibintuvelis","8":"first","9":"instock","10":"purchasable","11":"product-type-simple"},"acf":[],"_links":{"self":[{"href":"https:\/\/kingarms.ee\/lt\/wp-json\/wp\/v2\/product\/146445","targetHints":{"allow":["GET"]}}],"collection":[{"href":"https:\/\/kingarms.ee\/lt\/wp-json\/wp\/v2\/product"}],"about":[{"href":"https:\/\/kingarms.ee\/lt\/wp-json\/wp\/v2\/types\/product"}],"wp:featuredmedia":[{"embeddable":true,"href":"https:\/\/kingarms.ee\/lt\/wp-json\/wp\/v2\/media\/144386"}],"wp:attachment":[{"href":"https:\/\/kingarms.ee\/lt\/wp-json\/wp\/v2\/media?parent=146445"}],"wp:term":[{"taxonomy":"product_brand","embeddable":true,"href":"https:\/\/kingarms.ee\/lt\/wp-json\/wp\/v2\/product_brand?post=146445"},{"taxonomy":"product_cat","embeddable":true,"href":"https:\/\/kingarms.ee\/lt\/wp-json\/wp\/v2\/product_cat?post=146445"},{"taxonomy":"product_tag","embeddable":true,"href":"https:\/\/kingarms.ee\/lt\/wp-json\/wp\/v2\/product_tag?post=146445"}],"curies":[{"name":"wp","href":"https:\/\/api.w.org\/{rel}","templated":true}]}}