{"id":146515,"date":"2022-04-26T13:17:19","date_gmt":"2025-03-02T14:52:53","guid":{"rendered":"https:\/\/kingarms.ee\/product\/radijo-maiselis-mazas-juodas-8fields\/"},"modified":"2025-03-02T17:52:53","modified_gmt":"2025-03-02T14:52:53","slug":"radijo-maiselis-mazas-juodas-8fields","status":"publish","type":"product","link":"https:\/\/kingarms.ee\/lt\/product\/radijo-maiselis-mazas-juodas-8fields\/","title":{"rendered":"RADIJO MAI\u0160ELIS MA\u017dAS JUODAS 8FIELDS"},"content":{"rendered":"","protected":false},"excerpt":{"rendered":"<p>RADIJO MAI\u0160ELIS MA\u017dAS JUODAS 8FIELDS<\/p>\n<p>Mai\u0161elis gali tur\u0117ti ma\u017e\u0173 radijo ir GPS. Suderinamas su visomis MOLLE platformomis.<\/p>\n","protected":false},"featured_media":117820,"template":"","meta":{"_acf_changed":false},"product_brand":[],"product_cat":[1246,1240],"product_tag":[],"class_list":{"0":"post-146515","1":"product","2":"type-product","3":"status-publish","4":"has-post-thumbnail","6":"product_cat-kisenes","7":"product_cat-maiseliai-krepsiai-ir-dirzeliai","9":"first","10":"instock","11":"purchasable","12":"product-type-simple"},"acf":[],"_links":{"self":[{"href":"https:\/\/kingarms.ee\/lt\/wp-json\/wp\/v2\/product\/146515","targetHints":{"allow":["GET"]}}],"collection":[{"href":"https:\/\/kingarms.ee\/lt\/wp-json\/wp\/v2\/product"}],"about":[{"href":"https:\/\/kingarms.ee\/lt\/wp-json\/wp\/v2\/types\/product"}],"wp:featuredmedia":[{"embeddable":true,"href":"https:\/\/kingarms.ee\/lt\/wp-json\/wp\/v2\/media\/117820"}],"wp:attachment":[{"href":"https:\/\/kingarms.ee\/lt\/wp-json\/wp\/v2\/media?parent=146515"}],"wp:term":[{"taxonomy":"product_brand","embeddable":true,"href":"https:\/\/kingarms.ee\/lt\/wp-json\/wp\/v2\/product_brand?post=146515"},{"taxonomy":"product_cat","embeddable":true,"href":"https:\/\/kingarms.ee\/lt\/wp-json\/wp\/v2\/product_cat?post=146515"},{"taxonomy":"product_tag","embeddable":true,"href":"https:\/\/kingarms.ee\/lt\/wp-json\/wp\/v2\/product_tag?post=146515"}],"curies":[{"name":"wp","href":"https:\/\/api.w.org\/{rel}","templated":true}]}}