{"id":146531,"date":"2020-03-12T15:53:14","date_gmt":"2025-03-03T12:21:17","guid":{"rendered":"https:\/\/kingarms.ee\/product\/objektyvo-valiklis-abbey\/"},"modified":"2025-03-03T15:21:17","modified_gmt":"2025-03-03T12:21:17","slug":"objektyvo-valiklis-abbey","status":"publish","type":"product","link":"https:\/\/kingarms.ee\/lt\/product\/objektyvo-valiklis-abbey\/","title":{"rendered":"Objektyvo valiklis (ABBEY)<br><br>"},"content":{"rendered":"<p><a href=\"https:\/\/kingarms.ee\/wp-content\/uploads\/2020\/03\/1152197942_2-300x204.jpg\"><img loading=\"lazy\" decoding=\"async\" class=\"size-medium wp-image-26065\" src=\"https:\/\/kingarms.ee\/wp-content\/uploads\/2020\/03\/1152197942_2-300x204.jpg\" alt=\"\" width=\"300\" height=\"204\" srcset=\"https:\/\/kingarms.ee\/wp-content\/uploads\/2020\/03\/1152197942_2-300x204.jpg 300w, https:\/\/kingarms.ee\/wp-content\/uploads\/2020\/03\/1152197942_2-150x102.jpg 150w, https:\/\/kingarms.ee\/wp-content\/uploads\/2020\/03\/1152197942_2-500x341.jpg 500w, https:\/\/kingarms.ee\/wp-content\/uploads\/2020\/03\/1152197942_2-768x523.jpg 768w, https:\/\/kingarms.ee\/wp-content\/uploads\/2020\/03\/1152197942_2.jpg 800w\" sizes=\"auto, (max-width: 300px) 100vw, 300px\" \/><\/a><\/p>\n","protected":false},"excerpt":{"rendered":"<p>Objektyvo valiklis.<\/p>\n<p> Viskas, k\u0105 jums reikia padaryti, yra j\u012f naudoti purk\u0161tuvu ir nuvalyti.<\/p>\n<p> Jis nepalieka dry\u017ei\u0173, nereikalauja poliravimo.<\/p>\n<p> Jis turi antistatines savybes.<\/p>\n","protected":false},"featured_media":112224,"template":"","meta":{"_acf_changed":false},"product_brand":[],"product_cat":[1211,1212],"product_tag":[],"class_list":{"0":"post-146531","1":"product","2":"type-product","3":"status-publish","4":"has-post-thumbnail","6":"product_cat-airsoft-akiniai","7":"product_cat-balistiniai-akiniai","9":"first","10":"instock","11":"taxable","12":"shipping-taxable","13":"purchasable","14":"product-type-simple"},"acf":[],"_links":{"self":[{"href":"https:\/\/kingarms.ee\/lt\/wp-json\/wp\/v2\/product\/146531","targetHints":{"allow":["GET"]}}],"collection":[{"href":"https:\/\/kingarms.ee\/lt\/wp-json\/wp\/v2\/product"}],"about":[{"href":"https:\/\/kingarms.ee\/lt\/wp-json\/wp\/v2\/types\/product"}],"wp:featuredmedia":[{"embeddable":true,"href":"https:\/\/kingarms.ee\/lt\/wp-json\/wp\/v2\/media\/112224"}],"wp:attachment":[{"href":"https:\/\/kingarms.ee\/lt\/wp-json\/wp\/v2\/media?parent=146531"}],"wp:term":[{"taxonomy":"product_brand","embeddable":true,"href":"https:\/\/kingarms.ee\/lt\/wp-json\/wp\/v2\/product_brand?post=146531"},{"taxonomy":"product_cat","embeddable":true,"href":"https:\/\/kingarms.ee\/lt\/wp-json\/wp\/v2\/product_cat?post=146531"},{"taxonomy":"product_tag","embeddable":true,"href":"https:\/\/kingarms.ee\/lt\/wp-json\/wp\/v2\/product_tag?post=146531"}],"curies":[{"name":"wp","href":"https:\/\/api.w.org\/{rel}","templated":true}]}}