{"id":146533,"date":"2020-03-12T16:46:20","date_gmt":"2025-03-03T12:28:51","guid":{"rendered":"https:\/\/kingarms.ee\/product\/lipo-turvakott-electroriver\/"},"modified":"2025-03-03T15:28:51","modified_gmt":"2025-03-03T12:28:51","slug":"lipo-turvakott-electroriver","status":"publish","type":"product","link":"https:\/\/kingarms.ee\/lt\/product\/lipo-turvakott-electroriver\/","title":{"rendered":"LiPo turvakott ElectroRiver<br><br>"},"content":{"rendered":"<p><a href=\"https:\/\/kingarms.ee\/wp-content\/uploads\/2020\/03\/1152211297_1-300x200.jpg\"><img loading=\"lazy\" decoding=\"async\" class=\"alignnone size-medium wp-image-26032\" src=\"https:\/\/kingarms.ee\/wp-content\/uploads\/2020\/03\/1152211297_1-300x200.jpg\" alt=\"\" width=\"300\" height=\"200\" srcset=\"https:\/\/kingarms.ee\/wp-content\/uploads\/2020\/03\/1152211297_1-300x200.jpg 300w, https:\/\/kingarms.ee\/wp-content\/uploads\/2020\/03\/1152211297_1-150x100.jpg 150w, https:\/\/kingarms.ee\/wp-content\/uploads\/2020\/03\/1152211297_1-500x333.jpg 500w, https:\/\/kingarms.ee\/wp-content\/uploads\/2020\/03\/1152211297_1-768x512.jpg 768w, https:\/\/kingarms.ee\/wp-content\/uploads\/2020\/03\/1152211297_1.jpg 800w\" sizes=\"auto, (max-width: 300px) 100vw, 300px\" \/><\/a><\/p>\n","protected":false},"excerpt":{"rendered":"<p>LiPo turvakott ElectroRiver<\/p>\n<p>Li-Po baterijos yra subtilios ir reikalauja kruop\u0161taus tvarkymo.<\/p>\n<p> LiPo baterijas rekomenduojama \u012fkrauti ugniai atspariame mai\u0161elyje kaip papildom\u0105 saugos priemon\u0119.<\/p>\n<p> Jei akumuliatorius buvo kokiu nors b\u016bdu sugadintas, \u012fkrovimo metu yra u\u017esidegimo pavojus.<\/p>\n<p> \u0160is ugniai atsparus krep\u0161ys apsaugo nuo galim\u0173 pa\u017eeidim\u0173 ir neleid\u017eia akumuliatoriui u\u017esidegti.<\/p>\n<p> Taip pat tinka LiPo akumuliatoriams laikyti.<\/p>\n","protected":false},"featured_media":112216,"template":"","meta":{"_acf_changed":false},"product_brand":[],"product_cat":[1220],"product_tag":[],"class_list":{"0":"post-146533","1":"product","2":"type-product","3":"status-publish","4":"has-post-thumbnail","6":"product_cat-baterijos-ir-ikrovikliai","8":"first","9":"onbackorder","10":"taxable","11":"shipping-taxable","12":"product-type-simple"},"acf":[],"_links":{"self":[{"href":"https:\/\/kingarms.ee\/lt\/wp-json\/wp\/v2\/product\/146533","targetHints":{"allow":["GET"]}}],"collection":[{"href":"https:\/\/kingarms.ee\/lt\/wp-json\/wp\/v2\/product"}],"about":[{"href":"https:\/\/kingarms.ee\/lt\/wp-json\/wp\/v2\/types\/product"}],"wp:featuredmedia":[{"embeddable":true,"href":"https:\/\/kingarms.ee\/lt\/wp-json\/wp\/v2\/media\/112216"}],"wp:attachment":[{"href":"https:\/\/kingarms.ee\/lt\/wp-json\/wp\/v2\/media?parent=146533"}],"wp:term":[{"taxonomy":"product_brand","embeddable":true,"href":"https:\/\/kingarms.ee\/lt\/wp-json\/wp\/v2\/product_brand?post=146533"},{"taxonomy":"product_cat","embeddable":true,"href":"https:\/\/kingarms.ee\/lt\/wp-json\/wp\/v2\/product_cat?post=146533"},{"taxonomy":"product_tag","embeddable":true,"href":"https:\/\/kingarms.ee\/lt\/wp-json\/wp\/v2\/product_tag?post=146533"}],"curies":[{"name":"wp","href":"https:\/\/api.w.org\/{rel}","templated":true}]}}