{"id":146552,"date":"2019-07-29T22:45:39","date_gmt":"2025-03-03T13:39:56","guid":{"rendered":"https:\/\/kingarms.ee\/product\/didelio-sukimo-momento-variklis-ilgas-tornado\/"},"modified":"2025-03-03T16:39:56","modified_gmt":"2025-03-03T13:39:56","slug":"didelio-sukimo-momento-variklis-ilgas-tornado","status":"publish","type":"product","link":"https:\/\/kingarms.ee\/lt\/product\/didelio-sukimo-momento-variklis-ilgas-tornado\/","title":{"rendered":"Didelio sukimo momento variklis (ilgas) &#8211; Tornado<br><br>"},"content":{"rendered":"<p><a href=\"https:\/\/kingarms.ee\/wp-content\/uploads\/2019\/07\/171926_1-300x200.jpg\"><img loading=\"lazy\" decoding=\"async\" class=\"alignnone size-medium wp-image-17744\" src=\"https:\/\/kingarms.ee\/wp-content\/uploads\/2019\/07\/171926_1-300x200.jpg\" alt=\"\" width=\"300\" height=\"200\" srcset=\"https:\/\/kingarms.ee\/wp-content\/uploads\/2019\/07\/171926_1-300x200.jpg 300w, https:\/\/kingarms.ee\/wp-content\/uploads\/2019\/07\/171926_1-150x100.jpg 150w, https:\/\/kingarms.ee\/wp-content\/uploads\/2019\/07\/171926_1-500x333.jpg 500w, https:\/\/kingarms.ee\/wp-content\/uploads\/2019\/07\/171926_1-768x512.jpg 768w, https:\/\/kingarms.ee\/wp-content\/uploads\/2019\/07\/171926_1.jpg 800w\" sizes=\"auto, (max-width: 300px) 100vw, 300px\" \/><\/a><\/p>\n","protected":false},"excerpt":{"rendered":"<p>Didelio sukimo momento variklis (ilgas) &#8211; Tornado<\/p>\n<p>Ilgo tipo didelio sukimo momento variklis i\u0161 gamintojo Tornado.<\/p>\n<p> Didelio sukimo momento variklis daro j\u016bs\u0173 ginkl\u0105 patvaresn\u012f, leid\u017eia montuoti stipresnes spyruokles.<\/p>\n","protected":false},"featured_media":110884,"template":"","meta":{"_acf_changed":false},"product_brand":[],"product_cat":[1273,1250],"product_tag":[],"class_list":{"0":"post-146552","1":"product","2":"type-product","3":"status-publish","4":"has-post-thumbnail","6":"product_cat-atsargines-dalys","7":"product_cat-derinimas","9":"first","10":"instock","11":"taxable","12":"shipping-taxable","13":"purchasable","14":"product-type-simple"},"acf":[],"_links":{"self":[{"href":"https:\/\/kingarms.ee\/lt\/wp-json\/wp\/v2\/product\/146552","targetHints":{"allow":["GET"]}}],"collection":[{"href":"https:\/\/kingarms.ee\/lt\/wp-json\/wp\/v2\/product"}],"about":[{"href":"https:\/\/kingarms.ee\/lt\/wp-json\/wp\/v2\/types\/product"}],"wp:featuredmedia":[{"embeddable":true,"href":"https:\/\/kingarms.ee\/lt\/wp-json\/wp\/v2\/media\/110884"}],"wp:attachment":[{"href":"https:\/\/kingarms.ee\/lt\/wp-json\/wp\/v2\/media?parent=146552"}],"wp:term":[{"taxonomy":"product_brand","embeddable":true,"href":"https:\/\/kingarms.ee\/lt\/wp-json\/wp\/v2\/product_brand?post=146552"},{"taxonomy":"product_cat","embeddable":true,"href":"https:\/\/kingarms.ee\/lt\/wp-json\/wp\/v2\/product_cat?post=146552"},{"taxonomy":"product_tag","embeddable":true,"href":"https:\/\/kingarms.ee\/lt\/wp-json\/wp\/v2\/product_tag?post=146552"}],"curies":[{"name":"wp","href":"https:\/\/api.w.org\/{rel}","templated":true}]}}