{"id":146554,"date":"2019-07-29T22:41:03","date_gmt":"2025-03-03T13:44:14","guid":{"rendered":"https:\/\/kingarms.ee\/product\/shs-cilindras-antai-0t\/"},"modified":"2025-03-03T16:44:14","modified_gmt":"2025-03-03T13:44:14","slug":"shs-cilindras-antai-0t","status":"publish","type":"product","link":"https:\/\/kingarms.ee\/lt\/product\/shs-cilindras-antai-0t\/","title":{"rendered":"SHS cilindras (antai 0)t<br><br>"},"content":{"rendered":"<p><a href=\"https:\/\/kingarms.ee\/wp-content\/uploads\/2019\/07\/1152196472_1-300x205.jpg\"><img loading=\"lazy\" decoding=\"async\" class=\"alignnone size-medium wp-image-17738\" src=\"https:\/\/kingarms.ee\/wp-content\/uploads\/2019\/07\/1152196472_1-300x205.jpg\" alt=\"\" width=\"300\" height=\"205\" srcset=\"https:\/\/kingarms.ee\/wp-content\/uploads\/2019\/07\/1152196472_1-300x205.jpg 300w, https:\/\/kingarms.ee\/wp-content\/uploads\/2019\/07\/1152196472_1-150x102.jpg 150w, https:\/\/kingarms.ee\/wp-content\/uploads\/2019\/07\/1152196472_1-500x341.jpg 500w, https:\/\/kingarms.ee\/wp-content\/uploads\/2019\/07\/1152196472_1.jpg 550w\" sizes=\"auto, (max-width: 300px) 100vw, 300px\" \/><\/a><\/p>\n","protected":false},"excerpt":{"rendered":"<p>SHS cilindras (0 tipas)<\/p>\n<p>Labai lengvas aliuminio cilindras su vidiniu vamzd\u017eiu 450 mm ginklams.<\/p>\n<p> Gamintojas yra SHS.<\/p>\n<p> Auk\u0161tos kokyb\u0117s atrankos laikas ginkl\u0173 derinimui!<\/p>\n","protected":false},"featured_media":110882,"template":"","meta":{"_acf_changed":false},"product_brand":[],"product_cat":[1250],"product_tag":[],"class_list":{"0":"post-146554","1":"product","2":"type-product","3":"status-publish","4":"has-post-thumbnail","6":"product_cat-derinimas","8":"first","9":"instock","10":"taxable","11":"shipping-taxable","12":"purchasable","13":"product-type-simple"},"acf":[],"_links":{"self":[{"href":"https:\/\/kingarms.ee\/lt\/wp-json\/wp\/v2\/product\/146554","targetHints":{"allow":["GET"]}}],"collection":[{"href":"https:\/\/kingarms.ee\/lt\/wp-json\/wp\/v2\/product"}],"about":[{"href":"https:\/\/kingarms.ee\/lt\/wp-json\/wp\/v2\/types\/product"}],"wp:featuredmedia":[{"embeddable":true,"href":"https:\/\/kingarms.ee\/lt\/wp-json\/wp\/v2\/media\/110882"}],"wp:attachment":[{"href":"https:\/\/kingarms.ee\/lt\/wp-json\/wp\/v2\/media?parent=146554"}],"wp:term":[{"taxonomy":"product_brand","embeddable":true,"href":"https:\/\/kingarms.ee\/lt\/wp-json\/wp\/v2\/product_brand?post=146554"},{"taxonomy":"product_cat","embeddable":true,"href":"https:\/\/kingarms.ee\/lt\/wp-json\/wp\/v2\/product_cat?post=146554"},{"taxonomy":"product_tag","embeddable":true,"href":"https:\/\/kingarms.ee\/lt\/wp-json\/wp\/v2\/product_tag?post=146554"}],"curies":[{"name":"wp","href":"https:\/\/api.w.org\/{rel}","templated":true}]}}