{"id":146558,"date":"2019-07-29T22:33:14","date_gmt":"2025-03-03T13:53:33","guid":{"rendered":"https:\/\/kingarms.ee\/product\/v3-cilindro-galvute-shs\/"},"modified":"2025-03-03T16:53:33","modified_gmt":"2025-03-03T13:53:33","slug":"v3-cilindro-galvute-shs","status":"publish","type":"product","link":"https:\/\/kingarms.ee\/lt\/product\/v3-cilindro-galvute-shs\/","title":{"rendered":"V3 cilindro galvut\u0117 (SHS)<br><br>"},"content":{"rendered":"<p><a href=\"https:\/\/kingarms.ee\/wp-content\/uploads\/2019\/07\/eng_pm_Silenced-cylinder-head-for-AK-MP5K-FAL-type-replicas-1152206670_1-300x200.jpg\"><img loading=\"lazy\" decoding=\"async\" class=\"alignnone size-medium wp-image-17729\" src=\"https:\/\/kingarms.ee\/wp-content\/uploads\/2019\/07\/eng_pm_Silenced-cylinder-head-for-AK-MP5K-FAL-type-replicas-1152206670_1-300x200.jpg\" alt=\"\" width=\"300\" height=\"200\" srcset=\"https:\/\/kingarms.ee\/wp-content\/uploads\/2019\/07\/eng_pm_Silenced-cylinder-head-for-AK-MP5K-FAL-type-replicas-1152206670_1-300x200.jpg 300w, https:\/\/kingarms.ee\/wp-content\/uploads\/2019\/07\/eng_pm_Silenced-cylinder-head-for-AK-MP5K-FAL-type-replicas-1152206670_1-150x100.jpg 150w, https:\/\/kingarms.ee\/wp-content\/uploads\/2019\/07\/eng_pm_Silenced-cylinder-head-for-AK-MP5K-FAL-type-replicas-1152206670_1.jpg 340w\" sizes=\"auto, (max-width: 300px) 100vw, 300px\" \/><\/a><\/p>\n","protected":false},"excerpt":{"rendered":"<p>V3 cilindro galvut\u0117 (SHS)<\/p>\n<p>Aliuminio cilindro galvut\u0117 naudojant tiksli\u0105 CNC ma\u0161in\u0105 GB v3.<\/p>\n<p> Auk\u0161tos kokyb\u0117s med\u017eiag\u0173 naudojimas ir dvigubas sandarinimas u\u017etikrina ilg\u0105 ir be r\u016bpes\u010di\u0173 veikim\u0105.<\/p>\n","protected":false},"featured_media":110880,"template":"","meta":{"_acf_changed":false},"product_brand":[],"product_cat":[1250],"product_tag":[],"class_list":{"0":"post-146558","1":"product","2":"type-product","3":"status-publish","4":"has-post-thumbnail","6":"product_cat-derinimas","8":"first","9":"instock","10":"taxable","11":"shipping-taxable","12":"purchasable","13":"product-type-simple"},"acf":[],"_links":{"self":[{"href":"https:\/\/kingarms.ee\/lt\/wp-json\/wp\/v2\/product\/146558","targetHints":{"allow":["GET"]}}],"collection":[{"href":"https:\/\/kingarms.ee\/lt\/wp-json\/wp\/v2\/product"}],"about":[{"href":"https:\/\/kingarms.ee\/lt\/wp-json\/wp\/v2\/types\/product"}],"wp:featuredmedia":[{"embeddable":true,"href":"https:\/\/kingarms.ee\/lt\/wp-json\/wp\/v2\/media\/110880"}],"wp:attachment":[{"href":"https:\/\/kingarms.ee\/lt\/wp-json\/wp\/v2\/media?parent=146558"}],"wp:term":[{"taxonomy":"product_brand","embeddable":true,"href":"https:\/\/kingarms.ee\/lt\/wp-json\/wp\/v2\/product_brand?post=146558"},{"taxonomy":"product_cat","embeddable":true,"href":"https:\/\/kingarms.ee\/lt\/wp-json\/wp\/v2\/product_cat?post=146558"},{"taxonomy":"product_tag","embeddable":true,"href":"https:\/\/kingarms.ee\/lt\/wp-json\/wp\/v2\/product_tag?post=146558"}],"curies":[{"name":"wp","href":"https:\/\/api.w.org\/{rel}","templated":true}]}}