{"id":146561,"date":"2019-07-29T00:33:07","date_gmt":"2025-03-03T13:59:06","guid":{"rendered":"https:\/\/kingarms.ee\/product\/apsaugine-kauke-multicam\/"},"modified":"2025-03-03T16:59:06","modified_gmt":"2025-03-03T13:59:06","slug":"apsaugine-kauke-multicam","status":"publish","type":"product","link":"https:\/\/kingarms.ee\/lt\/product\/apsaugine-kauke-multicam\/","title":{"rendered":"Apsaugin\u0117 Kauk\u0117-Multicam<br><br>"},"content":{"rendered":"<p><a href=\"https:\/\/kingarms.ee\/wp-content\/uploads\/2019\/07\/1152221246_1-300x200.jpg\"><img loading=\"lazy\" decoding=\"async\" class=\"alignnone size-medium wp-image-17649\" src=\"https:\/\/kingarms.ee\/wp-content\/uploads\/2019\/07\/1152221246_1-300x200.jpg\" alt=\"\" width=\"300\" height=\"200\" srcset=\"https:\/\/kingarms.ee\/wp-content\/uploads\/2019\/07\/1152221246_1-300x200.jpg 300w, https:\/\/kingarms.ee\/wp-content\/uploads\/2019\/07\/1152221246_1-150x100.jpg 150w, https:\/\/kingarms.ee\/wp-content\/uploads\/2019\/07\/1152221246_1-500x333.jpg 500w, https:\/\/kingarms.ee\/wp-content\/uploads\/2019\/07\/1152221246_1-768x512.jpg 768w, https:\/\/kingarms.ee\/wp-content\/uploads\/2019\/07\/1152221246_1.jpg 800w\" sizes=\"auto, (max-width: 300px) 100vw, 300px\" \/><\/a><\/p>\n","protected":false},"excerpt":{"rendered":"<p>Apsaugin\u0117 Kauk\u0117-Multicam<\/p>\n<p>Geriausias ir turb\u016bt populiariausias veido dang\u0173 pasirinkimas.<\/p>\n<p> Puskauk\u0117 dengia \u017eaid\u0117jo veid\u0105 nuo nosies iki apatinio \u017eandikaulio, taip pat skruostus iki aus\u0173.<\/p>\n<p> Be puskauk\u0117s, \u017eaid\u0117jas turi \u012fsigyti akinius.<\/p>\n<p> Pusiau kauk\u0117 pagaminta i\u0161 patvaraus metalinio tinklelio (viduryje) ir patogaus nailono kra\u0161tuose.<\/p>\n<p> Palyginti su \u012fprastu metaliniu tinkleliu, \u0161i kauk\u0117 be r\u016bpes\u010di\u0173 gali nusitaikyti airsoft pistoletu (Nailonas yra mobilus ir netrukdo taikytis kontaktuojant su Kaba)<\/p>\n","protected":false},"featured_media":110854,"template":"","meta":{"_acf_changed":false},"product_brand":[],"product_cat":[1215],"product_tag":[],"class_list":{"0":"post-146561","1":"product","2":"type-product","3":"status-publish","4":"has-post-thumbnail","6":"product_cat-be-salmo-tvirtinimo","8":"first","9":"instock","10":"taxable","11":"shipping-taxable","12":"purchasable","13":"product-type-simple"},"acf":[],"_links":{"self":[{"href":"https:\/\/kingarms.ee\/lt\/wp-json\/wp\/v2\/product\/146561","targetHints":{"allow":["GET"]}}],"collection":[{"href":"https:\/\/kingarms.ee\/lt\/wp-json\/wp\/v2\/product"}],"about":[{"href":"https:\/\/kingarms.ee\/lt\/wp-json\/wp\/v2\/types\/product"}],"wp:featuredmedia":[{"embeddable":true,"href":"https:\/\/kingarms.ee\/lt\/wp-json\/wp\/v2\/media\/110854"}],"wp:attachment":[{"href":"https:\/\/kingarms.ee\/lt\/wp-json\/wp\/v2\/media?parent=146561"}],"wp:term":[{"taxonomy":"product_brand","embeddable":true,"href":"https:\/\/kingarms.ee\/lt\/wp-json\/wp\/v2\/product_brand?post=146561"},{"taxonomy":"product_cat","embeddable":true,"href":"https:\/\/kingarms.ee\/lt\/wp-json\/wp\/v2\/product_cat?post=146561"},{"taxonomy":"product_tag","embeddable":true,"href":"https:\/\/kingarms.ee\/lt\/wp-json\/wp\/v2\/product_tag?post=146561"}],"curies":[{"name":"wp","href":"https:\/\/api.w.org\/{rel}","templated":true}]}}