{"id":146569,"date":"2019-07-24T02:39:14","date_gmt":"2025-03-03T15:35:57","guid":{"rendered":"https:\/\/kingarms.ee\/product\/mp40-kvc\/"},"modified":"2025-03-03T18:35:57","modified_gmt":"2025-03-03T15:35:57","slug":"mp40-kvc","status":"publish","type":"product","link":"https:\/\/kingarms.ee\/lt\/product\/mp40-kvc\/","title":{"rendered":"MP40 (KVC)<br><br>"},"content":{"rendered":"<p><a href=\"https:\/\/kingarms.ee\/wp-content\/uploads\/2019\/07\/TF33-C8009-11-300x225.jpg\"><img loading=\"lazy\" decoding=\"async\" class=\"alignnone size-medium wp-image-17105\" src=\"https:\/\/kingarms.ee\/wp-content\/uploads\/2019\/07\/TF33-C8009-11-300x225.jpg\" alt=\"\" width=\"300\" height=\"225\" srcset=\"https:\/\/kingarms.ee\/wp-content\/uploads\/2019\/07\/TF33-C8009-11-300x225.jpg 300w, https:\/\/kingarms.ee\/wp-content\/uploads\/2019\/07\/TF33-C8009-11-150x113.jpg 150w, https:\/\/kingarms.ee\/wp-content\/uploads\/2019\/07\/TF33-C8009-11-500x375.jpg 500w, https:\/\/kingarms.ee\/wp-content\/uploads\/2019\/07\/TF33-C8009-11-600x450.jpg 600w, https:\/\/kingarms.ee\/wp-content\/uploads\/2019\/07\/TF33-C8009-11.jpg 640w\" sizes=\"auto, (max-width: 300px) 100vw, 300px\" \/><\/a><\/p>\n","protected":false},"excerpt":{"rendered":"<p>MP40 (KVC)<\/p>\n<p>\u0160is ginklas pagamintas i\u0161 polimero, aliuminio ir metalo.<\/p>\n<p>R\u0117mas ir rog\u0117s yra pagaminti i\u0161 polimero, Atvartas yra fiksuotas &#8211; ginklas neturi atsitraukimo, tod\u0117l jis yra labai patvarus ir n\u0117ra brangus CO2 kapsul\u0117se.<\/p>\n<p>Realistinis ginklas (1: 1 kopija \u0161aunamajam ginklui)<\/p>\n<p>Ginklas yra u\u017esegamas u\u017etrauktuku ir ant jo r\u0117mo yra unikalus serijos numeris.<\/p>\n","protected":false},"featured_media":110660,"template":"","meta":{"_acf_changed":false},"product_brand":[],"product_cat":[1138],"product_tag":[],"class_list":{"0":"post-146569","1":"product","2":"type-product","3":"status-publish","4":"has-post-thumbnail","6":"product_cat-airsoft-pistols","8":"first","9":"instock","10":"taxable","11":"shipping-taxable","12":"purchasable","13":"product-type-simple"},"acf":[],"_links":{"self":[{"href":"https:\/\/kingarms.ee\/lt\/wp-json\/wp\/v2\/product\/146569","targetHints":{"allow":["GET"]}}],"collection":[{"href":"https:\/\/kingarms.ee\/lt\/wp-json\/wp\/v2\/product"}],"about":[{"href":"https:\/\/kingarms.ee\/lt\/wp-json\/wp\/v2\/types\/product"}],"wp:featuredmedia":[{"embeddable":true,"href":"https:\/\/kingarms.ee\/lt\/wp-json\/wp\/v2\/media\/110660"}],"wp:attachment":[{"href":"https:\/\/kingarms.ee\/lt\/wp-json\/wp\/v2\/media?parent=146569"}],"wp:term":[{"taxonomy":"product_brand","embeddable":true,"href":"https:\/\/kingarms.ee\/lt\/wp-json\/wp\/v2\/product_brand?post=146569"},{"taxonomy":"product_cat","embeddable":true,"href":"https:\/\/kingarms.ee\/lt\/wp-json\/wp\/v2\/product_cat?post=146569"},{"taxonomy":"product_tag","embeddable":true,"href":"https:\/\/kingarms.ee\/lt\/wp-json\/wp\/v2\/product_tag?post=146569"}],"curies":[{"name":"wp","href":"https:\/\/api.w.org\/{rel}","templated":true}]}}