{"id":146571,"date":"2019-07-24T02:10:35","date_gmt":"2025-03-03T15:51:51","guid":{"rendered":"https:\/\/kingarms.ee\/product\/taktiniai-akiniai-su-lagaminu-juodi-fma\/"},"modified":"2025-03-03T18:51:51","modified_gmt":"2025-03-03T15:51:51","slug":"taktiniai-akiniai-su-lagaminu-juodi-fma","status":"publish","type":"product","link":"https:\/\/kingarms.ee\/lt\/product\/taktiniai-akiniai-su-lagaminu-juodi-fma\/","title":{"rendered":"Taktiniai akiniai su lagaminu-juodi (FMA)<br><br>"},"content":{"rendered":"<p><a href=\"https:\/\/kingarms.ee\/wp-content\/uploads\/2019\/07\/TB4214-300x225.jpg\"><img loading=\"lazy\" decoding=\"async\" class=\"alignnone size-medium wp-image-17066\" src=\"https:\/\/kingarms.ee\/wp-content\/uploads\/2019\/07\/TB4214-300x225.jpg\" alt=\"\" width=\"300\" height=\"225\" srcset=\"https:\/\/kingarms.ee\/wp-content\/uploads\/2019\/07\/TB4214-300x225.jpg 300w, https:\/\/kingarms.ee\/wp-content\/uploads\/2019\/07\/TB4214-150x113.jpg 150w, https:\/\/kingarms.ee\/wp-content\/uploads\/2019\/07\/TB4214-500x375.jpg 500w, https:\/\/kingarms.ee\/wp-content\/uploads\/2019\/07\/TB4214-600x450.jpg 600w, https:\/\/kingarms.ee\/wp-content\/uploads\/2019\/07\/TB4214.jpg 640w\" sizes=\"auto, (max-width: 300px) 100vw, 300px\" \/><\/a><\/p>\n","protected":false},"excerpt":{"rendered":"<p>Taktiniai akiniai su lagaminu-juodi (FMA)<\/p>\n<p>Patog\u016bs akiniai, kuriuos gamina FMA kompanija.<\/p>\n<p> Modelis i\u0161 vidaus padengtas specialia putplas\u010dio med\u017eiaga, kad akiniai b\u016bt\u0173 tam tikroje pad\u0117tyje prie veido.<\/p>\n<p> Suderinamas su FAST \/ MICH \u0161almais.<\/p>\n<p> Sud\u0117tyje yra 2 polikarbonato l\u0119\u0161iai (skaidr\u016bs, Tonuoti), kuri\u0173 storis 2,4 mm, kurie u\u017etikrina puiki\u0105 apsaug\u0105.<\/p>\n<p><span style=\"color: #ff0000;\">NB!<\/p>\n<p> Produktas n\u0117ra balistin\u0117 aki\u0173 apsauga ir jo naudojimas \u0161iam tikslui nesuderinamas su jo paskirtimi.<\/p>\n<p>Pardav\u0117jas ir gamintojas n\u0117ra atsakingi u\u017e produkto naudojim\u0105 vartotojo akims apsaugoti airsoft \u017eaidimuose naudojant airsoft kopijas.<\/p>\n<p> Tai taip pat taikoma galimoms vartotojo sveikatos problemoms ar turtinei \u017ealai, o skundas d\u0117l produkto netaikomas.<\/p>\n<p><\/span><\/p>\n","protected":false},"featured_media":110638,"template":"","meta":{"_acf_changed":false},"product_brand":[],"product_cat":[1211],"product_tag":[],"class_list":{"0":"post-146571","1":"product","2":"type-product","3":"status-publish","4":"has-post-thumbnail","6":"product_cat-airsoft-akiniai","8":"first","9":"instock","10":"taxable","11":"shipping-taxable","12":"purchasable","13":"product-type-simple"},"acf":[],"_links":{"self":[{"href":"https:\/\/kingarms.ee\/lt\/wp-json\/wp\/v2\/product\/146571","targetHints":{"allow":["GET"]}}],"collection":[{"href":"https:\/\/kingarms.ee\/lt\/wp-json\/wp\/v2\/product"}],"about":[{"href":"https:\/\/kingarms.ee\/lt\/wp-json\/wp\/v2\/types\/product"}],"wp:featuredmedia":[{"embeddable":true,"href":"https:\/\/kingarms.ee\/lt\/wp-json\/wp\/v2\/media\/110638"}],"wp:attachment":[{"href":"https:\/\/kingarms.ee\/lt\/wp-json\/wp\/v2\/media?parent=146571"}],"wp:term":[{"taxonomy":"product_brand","embeddable":true,"href":"https:\/\/kingarms.ee\/lt\/wp-json\/wp\/v2\/product_brand?post=146571"},{"taxonomy":"product_cat","embeddable":true,"href":"https:\/\/kingarms.ee\/lt\/wp-json\/wp\/v2\/product_cat?post=146571"},{"taxonomy":"product_tag","embeddable":true,"href":"https:\/\/kingarms.ee\/lt\/wp-json\/wp\/v2\/product_tag?post=146571"}],"curies":[{"name":"wp","href":"https:\/\/api.w.org\/{rel}","templated":true}]}}