{"id":146573,"date":"2019-07-24T01:21:09","date_gmt":"2025-03-03T15:57:45","guid":{"rendered":"https:\/\/kingarms.ee\/product\/hi-capa-tm-mes-kva-kjv\/"},"modified":"2025-03-03T18:57:45","modified_gmt":"2025-03-03T15:57:45","slug":"hi-capa-tm-mes-kva-kjv","status":"publish","type":"product","link":"https:\/\/kingarms.ee\/lt\/product\/hi-capa-tm-mes-kva-kjv\/","title":{"rendered":"Hi-Capa TM \/ mes \/ KVA\/KJV<br><br>"},"content":{"rendered":"<p><a href=\"https:\/\/kingarms.ee\/wp-content\/uploads\/2019\/07\/AM-HCPG21-300x225.jpg\"><img loading=\"lazy\" decoding=\"async\" class=\"alignnone size-medium wp-image-17000\" src=\"https:\/\/kingarms.ee\/wp-content\/uploads\/2019\/07\/AM-HCPG21-300x225.jpg\" alt=\"\" width=\"300\" height=\"225\" srcset=\"https:\/\/kingarms.ee\/wp-content\/uploads\/2019\/07\/AM-HCPG21-300x225.jpg 300w, https:\/\/kingarms.ee\/wp-content\/uploads\/2019\/07\/AM-HCPG21-150x113.jpg 150w, https:\/\/kingarms.ee\/wp-content\/uploads\/2019\/07\/AM-HCPG21-500x375.jpg 500w, https:\/\/kingarms.ee\/wp-content\/uploads\/2019\/07\/AM-HCPG21-600x450.jpg 600w, https:\/\/kingarms.ee\/wp-content\/uploads\/2019\/07\/AM-HCPG21.jpg 640w\" sizes=\"auto, (max-width: 300px) 100vw, 300px\" \/><\/a><\/p>\n","protected":false},"excerpt":{"rendered":"<p>Hi-Capa TM \/ mes \/ KVA\/KJV<\/p>\n<p>Tinka Hi-Capa TM\/mes\/KVA \/ KJV Tipo pistoletai plastikinis d\u0117klas i\u0161 cytac gamintojo.<\/p>\n<p> D\u0117kle yra pir\u0161to u\u017eraktas su mygtuku.<\/p>\n<p> Pritvirtintas prie dir\u017eo ar dir\u017eo.<\/p>\n<p> D\u0117kl\u0105 galima reguliuoti pagal pageidavim\u0105 ir pasukti 360*.<\/p>\n","protected":false},"featured_media":110606,"template":"","meta":{"_acf_changed":false},"product_brand":[],"product_cat":[1163],"product_tag":[],"class_list":{"0":"post-146573","1":"product","2":"type-product","3":"status-publish","4":"has-post-thumbnail","6":"product_cat-kabur","8":"first","9":"instock","10":"taxable","11":"shipping-taxable","12":"purchasable","13":"product-type-simple"},"acf":[],"_links":{"self":[{"href":"https:\/\/kingarms.ee\/lt\/wp-json\/wp\/v2\/product\/146573","targetHints":{"allow":["GET"]}}],"collection":[{"href":"https:\/\/kingarms.ee\/lt\/wp-json\/wp\/v2\/product"}],"about":[{"href":"https:\/\/kingarms.ee\/lt\/wp-json\/wp\/v2\/types\/product"}],"wp:featuredmedia":[{"embeddable":true,"href":"https:\/\/kingarms.ee\/lt\/wp-json\/wp\/v2\/media\/110606"}],"wp:attachment":[{"href":"https:\/\/kingarms.ee\/lt\/wp-json\/wp\/v2\/media?parent=146573"}],"wp:term":[{"taxonomy":"product_brand","embeddable":true,"href":"https:\/\/kingarms.ee\/lt\/wp-json\/wp\/v2\/product_brand?post=146573"},{"taxonomy":"product_cat","embeddable":true,"href":"https:\/\/kingarms.ee\/lt\/wp-json\/wp\/v2\/product_cat?post=146573"},{"taxonomy":"product_tag","embeddable":true,"href":"https:\/\/kingarms.ee\/lt\/wp-json\/wp\/v2\/product_tag?post=146573"}],"curies":[{"name":"wp","href":"https:\/\/api.w.org\/{rel}","templated":true}]}}