{"id":146576,"date":"2019-07-04T20:57:14","date_gmt":"2019-07-04T17:57:14","guid":{"rendered":"https:\/\/kingarms.ee\/product\/krutines-ilaidai-v2-turi\/"},"modified":"2025-03-03T19:15:24","modified_gmt":"2025-03-03T16:15:24","slug":"krutines-ilaidai-v2-turi","status":"publish","type":"product","link":"https:\/\/kingarms.ee\/lt\/product\/krutines-ilaidai-v2-turi\/","title":{"rendered":"Kr\u016btin\u0117s \u012flaidai V2-turi<br><br>"},"content":{"rendered":"<p><a href=\"https:\/\/kingarms.ee\/wp-content\/uploads\/2019\/07\/M51611041-1-BK1-150x150.jpg\"><img loading=\"lazy\" decoding=\"async\" class=\"alignnone size-thumbnail wp-image-16261\" src=\"https:\/\/kingarms.ee\/wp-content\/uploads\/2019\/07\/M51611041-1-BK1-150x150.jpg\" alt=\"\" width=\"150\" height=\"150\"><\/a><\/p>\n","protected":false},"excerpt":{"rendered":"<p>Kr\u016btin\u0117s \u012flaidai V2-turi<\/p>\n<p>Populiari kr\u016btin\u0117s Tipo Taktin\u0117 liemen\u0117 (juoda), Pagaminta i\u0161 patvaraus ir lengvo nailono.<\/p>\n<p> Labiau tinka ne\u0161iotis M4 arba AK Tipo grotuv\u0105.<\/p>\n<p> Liemen\u0117je yra dvigubos d\u0117klo ki\u0161en\u0117s (6 pad\u0117klai).<\/p>\n<p> Plius 2 pistoleto ki\u0161en\u0117s.<\/p>\n<p> Be to, galima \u012frengti ki\u0161enes: \u017eibintuv\u0117l\u012f, teleskopin\u012f peil\u012f (teleskopiniam peiliui ne\u0161iotis reikalingas atskiras leidimas) arba greit\u0105 \u012fkrovikl\u012f.<\/p>\n<p>Spalva: Juoda<\/p>\n<p>Svoris: 700g<\/p>\n","protected":false},"featured_media":110270,"template":"","meta":{"_acf_changed":false},"product_brand":[],"product_cat":[1235],"product_tag":[],"class_list":{"0":"post-146576","1":"product","2":"type-product","3":"status-publish","4":"has-post-thumbnail","6":"product_cat-liemeneles-ir-dirzai","8":"first","9":"outofstock","10":"taxable","11":"shipping-taxable","12":"purchasable","13":"product-type-simple"},"acf":[],"_links":{"self":[{"href":"https:\/\/kingarms.ee\/lt\/wp-json\/wp\/v2\/product\/146576","targetHints":{"allow":["GET"]}}],"collection":[{"href":"https:\/\/kingarms.ee\/lt\/wp-json\/wp\/v2\/product"}],"about":[{"href":"https:\/\/kingarms.ee\/lt\/wp-json\/wp\/v2\/types\/product"}],"wp:featuredmedia":[{"embeddable":true,"href":"https:\/\/kingarms.ee\/lt\/wp-json\/wp\/v2\/media\/110270"}],"wp:attachment":[{"href":"https:\/\/kingarms.ee\/lt\/wp-json\/wp\/v2\/media?parent=146576"}],"wp:term":[{"taxonomy":"product_brand","embeddable":true,"href":"https:\/\/kingarms.ee\/lt\/wp-json\/wp\/v2\/product_brand?post=146576"},{"taxonomy":"product_cat","embeddable":true,"href":"https:\/\/kingarms.ee\/lt\/wp-json\/wp\/v2\/product_cat?post=146576"},{"taxonomy":"product_tag","embeddable":true,"href":"https:\/\/kingarms.ee\/lt\/wp-json\/wp\/v2\/product_tag?post=146576"}],"curies":[{"name":"wp","href":"https:\/\/api.w.org\/{rel}","templated":true}]}}