{"id":146578,"date":"2019-07-01T12:13:45","date_gmt":"2025-03-03T16:24:31","guid":{"rendered":"https:\/\/kingarms.ee\/product\/tualetas-401-borner\/"},"modified":"2025-03-03T19:24:31","modified_gmt":"2025-03-03T16:24:31","slug":"tualetas-401-borner","status":"publish","type":"product","link":"https:\/\/kingarms.ee\/lt\/product\/tualetas-401-borner\/","title":{"rendered":"Tualetas 401 (Borner)<br><br>"},"content":{"rendered":"<p><a href=\"https:\/\/kingarms.ee\/wp-content\/uploads\/2019\/07\/7db7bb7fcc8bc28ad5c78ab554a2179f-300x250.jpg\"><img loading=\"lazy\" decoding=\"async\" class=\"alignnone size-medium wp-image-16167\" src=\"https:\/\/kingarms.ee\/wp-content\/uploads\/2019\/07\/7db7bb7fcc8bc28ad5c78ab554a2179f-300x250.jpg\" alt=\"\" width=\"300\" height=\"250\" srcset=\"https:\/\/kingarms.ee\/wp-content\/uploads\/2019\/07\/7db7bb7fcc8bc28ad5c78ab554a2179f-300x250.jpg 300w, https:\/\/kingarms.ee\/wp-content\/uploads\/2019\/07\/7db7bb7fcc8bc28ad5c78ab554a2179f-150x125.jpg 150w, https:\/\/kingarms.ee\/wp-content\/uploads\/2019\/07\/7db7bb7fcc8bc28ad5c78ab554a2179f-500x417.jpg 500w, https:\/\/kingarms.ee\/wp-content\/uploads\/2019\/07\/7db7bb7fcc8bc28ad5c78ab554a2179f-768x640.jpg 768w, https:\/\/kingarms.ee\/wp-content\/uploads\/2019\/07\/7db7bb7fcc8bc28ad5c78ab554a2179f.jpg 1024w\" sizes=\"auto, (max-width: 300px) 100vw, 300px\" \/><\/a><\/p>\n","protected":false},"excerpt":{"rendered":"<p>Tualetas 401 (Borner)<\/p>\n<p>Pistoletas veikia ant CO2 cilindro.<\/p>\n<p>Pistoletas pagamintas i\u0161 plastiko<\/p>\n<p>Reljefin\u0117 rankena.<\/p>\n<p>Picatinny gele\u017einkeli\u0173.<\/p>\n<p>D\u0117klo talpa: 15 BB \u0161autuv\u0173 (4,5 mm)<\/p>\n<p>Kalibras: 4,5 mm (.177) Oro pistoletai (diabolo)<\/p>\n","protected":false},"featured_media":110240,"template":"","meta":{"_acf_changed":false},"product_brand":[],"product_cat":[1142,1143],"product_tag":[],"class_list":{"0":"post-146578","1":"product","2":"type-product","3":"status-publish","4":"has-post-thumbnail","6":"product_cat-oro-ginklai","7":"product_cat-rankinis-ginklas","9":"first","10":"instock","11":"taxable","12":"shipping-taxable","13":"purchasable","14":"product-type-simple"},"acf":[],"_links":{"self":[{"href":"https:\/\/kingarms.ee\/lt\/wp-json\/wp\/v2\/product\/146578","targetHints":{"allow":["GET"]}}],"collection":[{"href":"https:\/\/kingarms.ee\/lt\/wp-json\/wp\/v2\/product"}],"about":[{"href":"https:\/\/kingarms.ee\/lt\/wp-json\/wp\/v2\/types\/product"}],"wp:featuredmedia":[{"embeddable":true,"href":"https:\/\/kingarms.ee\/lt\/wp-json\/wp\/v2\/media\/110240"}],"wp:attachment":[{"href":"https:\/\/kingarms.ee\/lt\/wp-json\/wp\/v2\/media?parent=146578"}],"wp:term":[{"taxonomy":"product_brand","embeddable":true,"href":"https:\/\/kingarms.ee\/lt\/wp-json\/wp\/v2\/product_brand?post=146578"},{"taxonomy":"product_cat","embeddable":true,"href":"https:\/\/kingarms.ee\/lt\/wp-json\/wp\/v2\/product_cat?post=146578"},{"taxonomy":"product_tag","embeddable":true,"href":"https:\/\/kingarms.ee\/lt\/wp-json\/wp\/v2\/product_tag?post=146578"}],"curies":[{"name":"wp","href":"https:\/\/api.w.org\/{rel}","templated":true}]}}