{"id":146600,"date":"2020-03-10T14:20:55","date_gmt":"2025-03-07T15:03:46","guid":{"rendered":"https:\/\/kingarms.ee\/product\/arp9-trummelsalv-g-amp-g\/"},"modified":"2025-03-07T18:03:46","modified_gmt":"2025-03-07T15:03:46","slug":"arp9-trummelsalv-g-amp-g","status":"publish","type":"product","link":"https:\/\/kingarms.ee\/lt\/product\/arp9-trummelsalv-g-amp-g\/","title":{"rendered":"Arp9 trummelsalv (G &amp; amp; G)<br><br>"},"content":{"rendered":"<p><a href=\"https:\/\/kingarms.ee\/wp-content\/uploads\/2020\/03\/gg-drum-magazine-for-arp-9-2-300x200.jpg\"><img loading=\"lazy\" decoding=\"async\" class=\"alignnone size-medium wp-image-25810\" src=\"https:\/\/kingarms.ee\/wp-content\/uploads\/2020\/03\/gg-drum-magazine-for-arp-9-2-300x200.jpg\" alt=\"\" width=\"300\" height=\"200\" srcset=\"https:\/\/kingarms.ee\/wp-content\/uploads\/2020\/03\/gg-drum-magazine-for-arp-9-2-300x200.jpg 300w, https:\/\/kingarms.ee\/wp-content\/uploads\/2020\/03\/gg-drum-magazine-for-arp-9-2-150x100.jpg 150w, https:\/\/kingarms.ee\/wp-content\/uploads\/2020\/03\/gg-drum-magazine-for-arp-9-2-500x333.jpg 500w, https:\/\/kingarms.ee\/wp-content\/uploads\/2020\/03\/gg-drum-magazine-for-arp-9-2-768x512.jpg 768w, https:\/\/kingarms.ee\/wp-content\/uploads\/2020\/03\/gg-drum-magazine-for-arp-9-2-1024x683.jpg 1024w, https:\/\/kingarms.ee\/wp-content\/uploads\/2020\/03\/gg-drum-magazine-for-arp-9-2.jpg 1200w\" sizes=\"auto, (max-width: 300px) 100vw, 300px\" \/><\/a><\/p>\n","protected":false},"excerpt":{"rendered":"<p>B\u016bgno d\u0117klas i\u0161 gamintojo G &amp; amp; G, kurio talpa 1500 kamuoliuk\u0173.<\/p>\n<p> Tinka ARP 9 pistoletui.<\/p>\n<p>Spalva: Juoda<\/p>\n","protected":false},"featured_media":112139,"template":"","meta":{"_acf_changed":false},"product_brand":[],"product_cat":[1199],"product_tag":[],"class_list":{"0":"post-146600","1":"product","2":"type-product","3":"status-publish","4":"has-post-thumbnail","6":"product_cat-airsoft-lt","8":"first","9":"instock","10":"taxable","11":"shipping-taxable","12":"purchasable","13":"product-type-simple"},"acf":[],"_links":{"self":[{"href":"https:\/\/kingarms.ee\/lt\/wp-json\/wp\/v2\/product\/146600","targetHints":{"allow":["GET"]}}],"collection":[{"href":"https:\/\/kingarms.ee\/lt\/wp-json\/wp\/v2\/product"}],"about":[{"href":"https:\/\/kingarms.ee\/lt\/wp-json\/wp\/v2\/types\/product"}],"wp:featuredmedia":[{"embeddable":true,"href":"https:\/\/kingarms.ee\/lt\/wp-json\/wp\/v2\/media\/112139"}],"wp:attachment":[{"href":"https:\/\/kingarms.ee\/lt\/wp-json\/wp\/v2\/media?parent=146600"}],"wp:term":[{"taxonomy":"product_brand","embeddable":true,"href":"https:\/\/kingarms.ee\/lt\/wp-json\/wp\/v2\/product_brand?post=146600"},{"taxonomy":"product_cat","embeddable":true,"href":"https:\/\/kingarms.ee\/lt\/wp-json\/wp\/v2\/product_cat?post=146600"},{"taxonomy":"product_tag","embeddable":true,"href":"https:\/\/kingarms.ee\/lt\/wp-json\/wp\/v2\/product_tag?post=146600"}],"curies":[{"name":"wp","href":"https:\/\/api.w.org\/{rel}","templated":true}]}}