{"id":146606,"date":"2020-06-01T16:20:00","date_gmt":"2020-06-01T13:20:00","guid":{"rendered":"https:\/\/kingarms.ee\/product\/tr16-mbr-308sr-g-amp-g\/"},"modified":"2025-03-07T18:47:20","modified_gmt":"2025-03-07T15:47:20","slug":"tr16-mbr-308sr-g-amp-g","status":"publish","type":"product","link":"https:\/\/kingarms.ee\/lt\/product\/tr16-mbr-308sr-g-amp-g\/","title":{"rendered":"TR16 MBR 308SR G &amp; amp; G<br><br>"},"content":{"rendered":"<p><a href=\"https:\/\/kingarms.ee\/wp-content\/uploads\/2020\/06\/gg-armament-electric-rifle-tr16-mbr-308sr-gg-308sr-300x300.jpg\">d<\/p>\n<p><img loading=\"lazy\" decoding=\"async\" class=\"alignnone size-medium\" src=\"https:\/\/kingarms.ee\/wp-content\/uploads\/2020\/06\/gg-armament-electric-rifle-tr16-mbr-308sr-gg-308sr-300x300.jpg\" alt=\"\" width=\"300\" height=\"300\"><\/a><\/p>\n","protected":false},"excerpt":{"rendered":"<p>TR16 MBR 308SR G &amp; amp; G<\/p>\n<p>Pilnas metalinis korpusas<\/p>\n<p>40 raund\u0173 \u017eurnalas<\/p>\n<p>Keymod aliuminio rank\u0173 apsauga<\/p>\n<p>I\u0161traukiamos atsargos<\/p>\n<p>Apver\u010diami taikikliai<\/p>\n<p>Reguliuojamas hopup<\/p>\n<p>Mosfet ir etu<\/p>\n<p>G2 sistema<\/p>\n<p>25000 rpm auk\u0161to sukimo momento ilgos a\u0161ies variklis<\/p>\n<p>Baterija ir akumuliatoriaus \u012fkroviklis ne\u012fskai\u010diuoti<\/p>\n<p>Length 850-940mm<br \/>\nWeight 3060g<\/p>\n","protected":false},"featured_media":154998,"template":"","meta":{"_acf_changed":false},"product_brand":[],"product_cat":[1139],"product_tag":[1318],"class_list":{"0":"post-146606","1":"product","2":"type-product","3":"status-publish","4":"has-post-thumbnail","6":"product_cat-elektro-pneumatiniai-ginklai","7":"product_tag-4blss3ph-lt","9":"first","10":"onbackorder","11":"taxable","12":"shipping-taxable","13":"product-type-simple"},"acf":[],"_links":{"self":[{"href":"https:\/\/kingarms.ee\/lt\/wp-json\/wp\/v2\/product\/146606","targetHints":{"allow":["GET"]}}],"collection":[{"href":"https:\/\/kingarms.ee\/lt\/wp-json\/wp\/v2\/product"}],"about":[{"href":"https:\/\/kingarms.ee\/lt\/wp-json\/wp\/v2\/types\/product"}],"wp:featuredmedia":[{"embeddable":true,"href":"https:\/\/kingarms.ee\/lt\/wp-json\/wp\/v2\/media\/154998"}],"wp:attachment":[{"href":"https:\/\/kingarms.ee\/lt\/wp-json\/wp\/v2\/media?parent=146606"}],"wp:term":[{"taxonomy":"product_brand","embeddable":true,"href":"https:\/\/kingarms.ee\/lt\/wp-json\/wp\/v2\/product_brand?post=146606"},{"taxonomy":"product_cat","embeddable":true,"href":"https:\/\/kingarms.ee\/lt\/wp-json\/wp\/v2\/product_cat?post=146606"},{"taxonomy":"product_tag","embeddable":true,"href":"https:\/\/kingarms.ee\/lt\/wp-json\/wp\/v2\/product_tag?post=146606"}],"curies":[{"name":"wp","href":"https:\/\/api.w.org\/{rel}","templated":true}]}}