{"id":146612,"date":"2019-11-19T17:45:34","date_gmt":"2025-03-07T16:09:22","guid":{"rendered":"https:\/\/kingarms.ee\/product\/taktinis-dirzo-krepsys-zalias\/"},"modified":"2025-03-07T19:09:22","modified_gmt":"2025-03-07T16:09:22","slug":"taktinis-dirzo-krepsys-zalias","status":"publish","type":"product","link":"https:\/\/kingarms.ee\/lt\/product\/taktinis-dirzo-krepsys-zalias\/","title":{"rendered":"Taktinis dir\u017eo krep\u0161ys (\u017dalias)<br><br>"},"content":{"rendered":"<p><a href=\"https:\/\/kingarms.ee\/wp-content\/uploads\/2019\/11\/s-l1600-300x300.jpg\"><img loading=\"lazy\" decoding=\"async\" class=\"alignnone size-medium wp-image-22400\" src=\"https:\/\/kingarms.ee\/wp-content\/uploads\/2019\/11\/s-l1600-300x300.jpg\" alt=\"\" width=\"300\" height=\"300\" srcset=\"https:\/\/kingarms.ee\/wp-content\/uploads\/2019\/11\/s-l1600-300x300.jpg 300w, https:\/\/kingarms.ee\/wp-content\/uploads\/2019\/11\/s-l1600-150x150.jpg 150w, https:\/\/kingarms.ee\/wp-content\/uploads\/2019\/11\/s-l1600-500x500.jpg 500w, https:\/\/kingarms.ee\/wp-content\/uploads\/2019\/11\/s-l1600.jpg 750w\" sizes=\"auto, (max-width: 300px) 100vw, 300px\" \/><\/a><\/p>\n","protected":false},"excerpt":{"rendered":"<p>Taktinis dir\u017eo krep\u0161ys tinka naudoti kasdieniame gyvenime.<\/p>\n<p>M\u2082tmed: 12cm-17.5 cm &#8211; 6cm<\/p>\n<p>Svoris: 147g<\/p>\n","protected":false},"featured_media":132832,"template":"","meta":{"_acf_changed":false},"product_brand":[],"product_cat":[1246,1240],"product_tag":[],"class_list":{"0":"post-146612","1":"product","2":"type-product","3":"status-publish","4":"has-post-thumbnail","6":"product_cat-kisenes","7":"product_cat-maiseliai-krepsiai-ir-dirzeliai","9":"first","10":"onbackorder","11":"taxable","12":"shipping-taxable","13":"product-type-simple"},"acf":[],"_links":{"self":[{"href":"https:\/\/kingarms.ee\/lt\/wp-json\/wp\/v2\/product\/146612","targetHints":{"allow":["GET"]}}],"collection":[{"href":"https:\/\/kingarms.ee\/lt\/wp-json\/wp\/v2\/product"}],"about":[{"href":"https:\/\/kingarms.ee\/lt\/wp-json\/wp\/v2\/types\/product"}],"wp:featuredmedia":[{"embeddable":true,"href":"https:\/\/kingarms.ee\/lt\/wp-json\/wp\/v2\/media\/132832"}],"wp:attachment":[{"href":"https:\/\/kingarms.ee\/lt\/wp-json\/wp\/v2\/media?parent=146612"}],"wp:term":[{"taxonomy":"product_brand","embeddable":true,"href":"https:\/\/kingarms.ee\/lt\/wp-json\/wp\/v2\/product_brand?post=146612"},{"taxonomy":"product_cat","embeddable":true,"href":"https:\/\/kingarms.ee\/lt\/wp-json\/wp\/v2\/product_cat?post=146612"},{"taxonomy":"product_tag","embeddable":true,"href":"https:\/\/kingarms.ee\/lt\/wp-json\/wp\/v2\/product_tag?post=146612"}],"curies":[{"name":"wp","href":"https:\/\/api.w.org\/{rel}","templated":true}]}}